{"id":4746,"date":"2023-04-29T14:33:24","date_gmt":"2023-04-29T17:33:24","guid":{"rendered":"https:\/\/www.crossequipamentos.com.br\/site\/?page_id=4746"},"modified":"2023-04-29T14:35:21","modified_gmt":"2023-04-29T17:35:21","slug":"remo-indoor-cro55","status":"publish","type":"page","link":"https:\/\/www.crossequipamentos.com.br\/site\/remo-indoor-cro55\/","title":{"rendered":"Remo Indoor CRO55"},"content":{"rendered":"\n<p>J\u00e1 experimentou remar com o melhor? Nosso Remo Indoor CRO55 oferece uma experi\u00eancia de treino de alta qualidade e intensidade, com a resist\u00eancia ideal para trabalhar todo o corpo. Seja no seu box, academia ou em casa, este equipamento oferece a oportunidade perfeita para melhorar a resist\u00eancia cardiovascular, aumentar a for\u00e7a muscular e queimar calorias. Com o Remo Indoor CRO55, o seu treino nunca mais ser\u00e1 o mesmo!<\/p>\n\n\n\n<p>Um exemplo de treino com o nosso Remo Indoor CRO55 \u00e9 o &#8220;Triple Threat&#8221;: tr\u00eas rounds de 1000 metros de remar com 2 minutos de descanso entre cada round. Aumente sua velocidade e supere seus limites a cada round, desafiando seu corpo e mente.<\/p>\n\n\n\n<p>N\u00e3o perca mais tempo com equipamentos inferiores, adquira j\u00e1 o nosso Remo Indoor CRO55 e experimente a diferen\u00e7a. Visite nosso site e descubra mais sobre o equipamento e outros produtos de alta qualidade que temos para oferecer:<a href=\"https:\/\/www.crossequipamentos.com.br\/site\/produto\/remo-indoor\/\"> https:\/\/www.crossequipamentos.com.br\/site\/produto\/remo-indoor\/<\/a><\/p>\n\n\n\n<p>#RemoIndoorCRO55 #RemoIndoor #RemoCrossfit #CRO55SportsEquipamentos #TreinamentoFuncional #LevantamentoDePesoOl\u00edmpico #CrossFit #WOD #Ergometro #Fitness #Saude #BemEstar #Performance #Qualidade #AltaIntensidade #ResistenciaCardiovascular #ForcaMuscular #QueimadeCalorias #SupereSeusLimites<\/p>\n\n\n\n<figure class=\"wp-block-image is-resized\"><a href=\"https:\/\/www.crossequipamentos.com.br\/site\/produto\/remo-indoor\/\" target=\"_blank\" rel=\"noreferrer noopener\"><img loading=\"lazy\" decoding=\"async\" src=\"https:\/\/www.crossequipamentos.com.br\/site\/wp-content\/uploads\/2023\/04\/REMO_KERBEROS-600x800.jpg\" alt=\"\" class=\"wp-image-4749\" width=\"300\" height=\"400\" srcset=\"https:\/\/www.crossequipamentos.com.br\/site\/wp-content\/uploads\/2023\/04\/REMO_KERBEROS-600x800.jpg 600w, https:\/\/www.crossequipamentos.com.br\/site\/wp-content\/uploads\/2023\/04\/REMO_KERBEROS-300x400.jpg 300w, https:\/\/www.crossequipamentos.com.br\/site\/wp-content\/uploads\/2023\/04\/REMO_KERBEROS-768x1024.jpg 768w\" sizes=\"auto, (max-width: 300px) 100vw, 300px\" \/><\/a><\/figure>\n\n\n\n<p><\/p>\n\n\n\n<p><br><\/p>\n","protected":false},"excerpt":{"rendered":"<p>J\u00e1 experimentou remar com o melhor? Nosso Remo Indoor CRO55 oferece uma experi\u00eancia de treino de alta qualidade e intensidade, com a resist\u00eancia ideal para trabalhar todo o corpo. Seja no seu box, academia ou em casa, este equipamento oferece a oportunidade perfeita para melhorar a resist\u00eancia cardiovascular, aumentar a for\u00e7a muscular e queimar calorias. [&hellip;]\n","protected":false},"author":4,"featured_media":4462,"parent":0,"menu_order":0,"comment_status":"closed","ping_status":"closed","template":"","meta":{"footnotes":""},"class_list":["post-4746","page","type-page","status-publish","has-post-thumbnail","hentry"],"yoast_head":"<!-- This site is optimized with the Yoast SEO plugin v27.2 - https:\/\/yoast.com\/product\/yoast-seo-wordpress\/ -->\n<title>Remo Indoor CRO55 | Cross Sports Equipamentos<\/title>\n<meta name=\"robots\" content=\"index, follow, max-snippet:-1, max-image-preview:large, max-video-preview:-1\" \/>\n<link rel=\"canonical\" href=\"https:\/\/www.crossequipamentos.com.br\/site\/remo-indoor-cro55\/\" \/>\n<meta property=\"og:locale\" content=\"pt_BR\" \/>\n<meta property=\"og:type\" content=\"article\" \/>\n<meta property=\"og:title\" content=\"Remo Indoor CRO55 | Cross Sports Equipamentos\" \/>\n<meta property=\"og:description\" content=\"J\u00e1 experimentou remar com o melhor? Nosso Remo Indoor CRO55 oferece uma experi\u00eancia de treino de alta qualidade e intensidade, com a resist\u00eancia ideal para trabalhar todo o corpo. Seja no seu box, academia ou em casa, este equipamento oferece a oportunidade perfeita para melhorar a resist\u00eancia cardiovascular, aumentar a for\u00e7a muscular e queimar calorias. [&hellip;]\" \/>\n<meta property=\"og:url\" content=\"https:\/\/www.crossequipamentos.com.br\/site\/remo-indoor-cro55\/\" \/>\n<meta property=\"og:site_name\" content=\"Cross Sports Equipamentos\" \/>\n<meta property=\"article:publisher\" content=\"https:\/\/www.facebook.com\/crossequipamentos\/\" \/>\n<meta property=\"article:modified_time\" content=\"2023-04-29T17:35:21+00:00\" \/>\n<meta property=\"og:image\" content=\"https:\/\/www.crossequipamentos.com.br\/site\/wp-content\/uploads\/2020\/12\/WhatsApp-Image-2022-09-23-at-09.10.39.jpeg\" \/>\n\t<meta property=\"og:image:width\" content=\"1080\" \/>\n\t<meta property=\"og:image:height\" content=\"1080\" \/>\n\t<meta property=\"og:image:type\" content=\"image\/jpeg\" \/>\n<meta name=\"twitter:card\" content=\"summary_large_image\" \/>\n<meta name=\"twitter:label1\" content=\"Est. tempo de leitura\" \/>\n\t<meta name=\"twitter:data1\" content=\"1 minuto\" \/>\n<script type=\"application\/ld+json\" class=\"yoast-schema-graph\">{\"@context\":\"https:\/\/schema.org\",\"@graph\":[{\"@type\":\"WebPage\",\"@id\":\"https:\/\/www.crossequipamentos.com.br\/site\/remo-indoor-cro55\/\",\"url\":\"https:\/\/www.crossequipamentos.com.br\/site\/remo-indoor-cro55\/\",\"name\":\"Remo Indoor CRO55 | Cross Sports Equipamentos\",\"isPartOf\":{\"@id\":\"https:\/\/www.crossequipamentos.com.br\/site\/#website\"},\"primaryImageOfPage\":{\"@id\":\"https:\/\/www.crossequipamentos.com.br\/site\/remo-indoor-cro55\/#primaryimage\"},\"image\":{\"@id\":\"https:\/\/www.crossequipamentos.com.br\/site\/remo-indoor-cro55\/#primaryimage\"},\"thumbnailUrl\":\"https:\/\/www.crossequipamentos.com.br\/site\/wp-content\/uploads\/2020\/12\/WhatsApp-Image-2022-09-23-at-09.10.39.jpeg\",\"datePublished\":\"2023-04-29T17:33:24+00:00\",\"dateModified\":\"2023-04-29T17:35:21+00:00\",\"breadcrumb\":{\"@id\":\"https:\/\/www.crossequipamentos.com.br\/site\/remo-indoor-cro55\/#breadcrumb\"},\"inLanguage\":\"pt-BR\",\"potentialAction\":[{\"@type\":\"ReadAction\",\"target\":[\"https:\/\/www.crossequipamentos.com.br\/site\/remo-indoor-cro55\/\"]}]},{\"@type\":\"ImageObject\",\"inLanguage\":\"pt-BR\",\"@id\":\"https:\/\/www.crossequipamentos.com.br\/site\/remo-indoor-cro55\/#primaryimage\",\"url\":\"https:\/\/www.crossequipamentos.com.br\/site\/wp-content\/uploads\/2020\/12\/WhatsApp-Image-2022-09-23-at-09.10.39.jpeg\",\"contentUrl\":\"https:\/\/www.crossequipamentos.com.br\/site\/wp-content\/uploads\/2020\/12\/WhatsApp-Image-2022-09-23-at-09.10.39.jpeg\",\"width\":1080,\"height\":1080},{\"@type\":\"BreadcrumbList\",\"@id\":\"https:\/\/www.crossequipamentos.com.br\/site\/remo-indoor-cro55\/#breadcrumb\",\"itemListElement\":[{\"@type\":\"ListItem\",\"position\":1,\"name\":\"In\u00edcio\",\"item\":\"https:\/\/www.crossequipamentos.com.br\/site\/\"},{\"@type\":\"ListItem\",\"position\":2,\"name\":\"Remo Indoor CRO55\"}]},{\"@type\":\"WebSite\",\"@id\":\"https:\/\/www.crossequipamentos.com.br\/site\/#website\",\"url\":\"https:\/\/www.crossequipamentos.com.br\/site\/\",\"name\":\"Cross Sports Equipamentos\",\"description\":\"[RE]Marque Seu Ritmo - Equipamentos de Crossfit &amp; Funcional. Enviamos para todo Brasil\",\"publisher\":{\"@id\":\"https:\/\/www.crossequipamentos.com.br\/site\/#organization\"},\"potentialAction\":[{\"@type\":\"SearchAction\",\"target\":{\"@type\":\"EntryPoint\",\"urlTemplate\":\"https:\/\/www.crossequipamentos.com.br\/site\/?s={search_term_string}\"},\"query-input\":{\"@type\":\"PropertyValueSpecification\",\"valueRequired\":true,\"valueName\":\"search_term_string\"}}],\"inLanguage\":\"pt-BR\"},{\"@type\":\"Organization\",\"@id\":\"https:\/\/www.crossequipamentos.com.br\/site\/#organization\",\"name\":\"CrossSports Equipamentos\",\"url\":\"https:\/\/www.crossequipamentos.com.br\/site\/\",\"logo\":{\"@type\":\"ImageObject\",\"inLanguage\":\"pt-BR\",\"@id\":\"https:\/\/www.crossequipamentos.com.br\/site\/#\/schema\/logo\/image\/\",\"url\":\"https:\/\/www.crossequipamentos.com.br\/site\/wp-content\/uploads\/2019\/08\/logo_header_site.png\",\"contentUrl\":\"https:\/\/www.crossequipamentos.com.br\/site\/wp-content\/uploads\/2019\/08\/logo_header_site.png\",\"width\":350,\"height\":118,\"caption\":\"CrossSports Equipamentos\"},\"image\":{\"@id\":\"https:\/\/www.crossequipamentos.com.br\/site\/#\/schema\/logo\/image\/\"},\"sameAs\":[\"https:\/\/www.facebook.com\/crossequipamentos\/\",\"https:\/\/www.instagram.com\/crossequipamentos\/\"]}]}<\/script>\n<!-- \/ Yoast SEO plugin. -->","yoast_head_json":{"title":"Remo Indoor CRO55 | Cross Sports Equipamentos","robots":{"index":"index","follow":"follow","max-snippet":"max-snippet:-1","max-image-preview":"max-image-preview:large","max-video-preview":"max-video-preview:-1"},"canonical":"https:\/\/www.crossequipamentos.com.br\/site\/remo-indoor-cro55\/","og_locale":"pt_BR","og_type":"article","og_title":"Remo Indoor CRO55 | Cross Sports Equipamentos","og_description":"J\u00e1 experimentou remar com o melhor? Nosso Remo Indoor CRO55 oferece uma experi\u00eancia de treino de alta qualidade e intensidade, com a resist\u00eancia ideal para trabalhar todo o corpo. Seja no seu box, academia ou em casa, este equipamento oferece a oportunidade perfeita para melhorar a resist\u00eancia cardiovascular, aumentar a for\u00e7a muscular e queimar calorias. [&hellip;]","og_url":"https:\/\/www.crossequipamentos.com.br\/site\/remo-indoor-cro55\/","og_site_name":"Cross Sports Equipamentos","article_publisher":"https:\/\/www.facebook.com\/crossequipamentos\/","article_modified_time":"2023-04-29T17:35:21+00:00","og_image":[{"width":1080,"height":1080,"url":"https:\/\/www.crossequipamentos.com.br\/site\/wp-content\/uploads\/2020\/12\/WhatsApp-Image-2022-09-23-at-09.10.39.jpeg","type":"image\/jpeg"}],"twitter_card":"summary_large_image","twitter_misc":{"Est. tempo de leitura":"1 minuto"},"schema":{"@context":"https:\/\/schema.org","@graph":[{"@type":"WebPage","@id":"https:\/\/www.crossequipamentos.com.br\/site\/remo-indoor-cro55\/","url":"https:\/\/www.crossequipamentos.com.br\/site\/remo-indoor-cro55\/","name":"Remo Indoor CRO55 | Cross Sports Equipamentos","isPartOf":{"@id":"https:\/\/www.crossequipamentos.com.br\/site\/#website"},"primaryImageOfPage":{"@id":"https:\/\/www.crossequipamentos.com.br\/site\/remo-indoor-cro55\/#primaryimage"},"image":{"@id":"https:\/\/www.crossequipamentos.com.br\/site\/remo-indoor-cro55\/#primaryimage"},"thumbnailUrl":"https:\/\/www.crossequipamentos.com.br\/site\/wp-content\/uploads\/2020\/12\/WhatsApp-Image-2022-09-23-at-09.10.39.jpeg","datePublished":"2023-04-29T17:33:24+00:00","dateModified":"2023-04-29T17:35:21+00:00","breadcrumb":{"@id":"https:\/\/www.crossequipamentos.com.br\/site\/remo-indoor-cro55\/#breadcrumb"},"inLanguage":"pt-BR","potentialAction":[{"@type":"ReadAction","target":["https:\/\/www.crossequipamentos.com.br\/site\/remo-indoor-cro55\/"]}]},{"@type":"ImageObject","inLanguage":"pt-BR","@id":"https:\/\/www.crossequipamentos.com.br\/site\/remo-indoor-cro55\/#primaryimage","url":"https:\/\/www.crossequipamentos.com.br\/site\/wp-content\/uploads\/2020\/12\/WhatsApp-Image-2022-09-23-at-09.10.39.jpeg","contentUrl":"https:\/\/www.crossequipamentos.com.br\/site\/wp-content\/uploads\/2020\/12\/WhatsApp-Image-2022-09-23-at-09.10.39.jpeg","width":1080,"height":1080},{"@type":"BreadcrumbList","@id":"https:\/\/www.crossequipamentos.com.br\/site\/remo-indoor-cro55\/#breadcrumb","itemListElement":[{"@type":"ListItem","position":1,"name":"In\u00edcio","item":"https:\/\/www.crossequipamentos.com.br\/site\/"},{"@type":"ListItem","position":2,"name":"Remo Indoor CRO55"}]},{"@type":"WebSite","@id":"https:\/\/www.crossequipamentos.com.br\/site\/#website","url":"https:\/\/www.crossequipamentos.com.br\/site\/","name":"Cross Sports Equipamentos","description":"[RE]Marque Seu Ritmo - Equipamentos de Crossfit &amp; Funcional. Enviamos para todo Brasil","publisher":{"@id":"https:\/\/www.crossequipamentos.com.br\/site\/#organization"},"potentialAction":[{"@type":"SearchAction","target":{"@type":"EntryPoint","urlTemplate":"https:\/\/www.crossequipamentos.com.br\/site\/?s={search_term_string}"},"query-input":{"@type":"PropertyValueSpecification","valueRequired":true,"valueName":"search_term_string"}}],"inLanguage":"pt-BR"},{"@type":"Organization","@id":"https:\/\/www.crossequipamentos.com.br\/site\/#organization","name":"CrossSports Equipamentos","url":"https:\/\/www.crossequipamentos.com.br\/site\/","logo":{"@type":"ImageObject","inLanguage":"pt-BR","@id":"https:\/\/www.crossequipamentos.com.br\/site\/#\/schema\/logo\/image\/","url":"https:\/\/www.crossequipamentos.com.br\/site\/wp-content\/uploads\/2019\/08\/logo_header_site.png","contentUrl":"https:\/\/www.crossequipamentos.com.br\/site\/wp-content\/uploads\/2019\/08\/logo_header_site.png","width":350,"height":118,"caption":"CrossSports Equipamentos"},"image":{"@id":"https:\/\/www.crossequipamentos.com.br\/site\/#\/schema\/logo\/image\/"},"sameAs":["https:\/\/www.facebook.com\/crossequipamentos\/","https:\/\/www.instagram.com\/crossequipamentos\/"]}]}},"_links":{"self":[{"href":"https:\/\/www.crossequipamentos.com.br\/site\/wp-json\/wp\/v2\/pages\/4746","targetHints":{"allow":["GET"]}}],"collection":[{"href":"https:\/\/www.crossequipamentos.com.br\/site\/wp-json\/wp\/v2\/pages"}],"about":[{"href":"https:\/\/www.crossequipamentos.com.br\/site\/wp-json\/wp\/v2\/types\/page"}],"author":[{"embeddable":true,"href":"https:\/\/www.crossequipamentos.com.br\/site\/wp-json\/wp\/v2\/users\/4"}],"replies":[{"embeddable":true,"href":"https:\/\/www.crossequipamentos.com.br\/site\/wp-json\/wp\/v2\/comments?post=4746"}],"version-history":[{"count":2,"href":"https:\/\/www.crossequipamentos.com.br\/site\/wp-json\/wp\/v2\/pages\/4746\/revisions"}],"predecessor-version":[{"id":4750,"href":"https:\/\/www.crossequipamentos.com.br\/site\/wp-json\/wp\/v2\/pages\/4746\/revisions\/4750"}],"wp:featuredmedia":[{"embeddable":true,"href":"https:\/\/www.crossequipamentos.com.br\/site\/wp-json\/wp\/v2\/media\/4462"}],"wp:attachment":[{"href":"https:\/\/www.crossequipamentos.com.br\/site\/wp-json\/wp\/v2\/media?parent=4746"}],"curies":[{"name":"wp","href":"https:\/\/api.w.org\/{rel}","templated":true}]}}