{"id":1149,"date":"2018-08-14T15:44:32","date_gmt":"2018-08-14T18:44:32","guid":{"rendered":"http:\/\/www.crossequipamentos.com.br\/site\/?post_type=product&#038;p=1149"},"modified":"2025-04-03T19:37:29","modified_gmt":"2025-04-03T22:37:29","slug":"anilha-de-precisao-2-5","status":"publish","type":"product","link":"https:\/\/www.crossequipamentos.com.br\/site\/produto\/anilha-de-precisao-2-5\/","title":{"rendered":"Anilha Ol\u00edmpica 2.5 Lb (par) | Precis\u00e3o"},"content":{"rendered":"<p><strong>Anilha Emborrachada de Precis\u00e3o\u00a0<\/strong><\/p>\n<p><strong>Marca:<\/strong> Cross Sports Equipamentos<br \/>\n<strong>Tipo:<\/strong> Anilha Emborrachada com 2,5 libras<br \/>\n<strong>Recomenda\u00e7\u00e3o de Uso:<\/strong> Levantamento de Peso e Treinamento Funcional<br \/>\nMedidas de Padr\u00e3o Ol\u00edmpico.<br \/>\n<strong>Peso:<\/strong> 2,5lb cada<br \/>\nCentro Furo Ol\u00edmpico 51mm<br \/>\nCor: Preta<\/p>\n<p>Venda em par.<\/p>\n<p>Imagem ilustrativa.<\/p>\n<figure id=\"attachment_1213\" aria-describedby=\"caption-attachment-1213\" style=\"width: 267px\" class=\"wp-caption alignleft\"><img loading=\"lazy\" decoding=\"async\" class=\"size-medium wp-image-1213\" src=\"http:\/\/www.crossequipamentos.com.br\/site\/wp-content\/uploads\/2018\/08\/anilha_emborrachada_cross-267x400.jpg\" alt=\"anilha emborrachada\" width=\"267\" height=\"400\" \/><figcaption id=\"caption-attachment-1213\" class=\"wp-caption-text\">Anilha Emborrachada de Precis\u00e3o<\/figcaption><\/figure>\n<p>&nbsp;<\/p>\n<p>&nbsp;<\/p>\n<p>&nbsp;<\/p>\n","protected":false},"excerpt":{"rendered":"<p>Anilha Emborrachada de Precis\u00e3o\u00a0 Marca: Cross Sports Equipamentos Tipo: Anilha Emborrachada com 2,5 libras Recomenda\u00e7\u00e3o de Uso: Levantamento de Peso e Treinamento Funcional Medidas de Padr\u00e3o Ol\u00edmpico. Peso: 2,5lb cada Centro Furo Ol\u00edmpico 51mm Cor: Preta Venda em par. Imagem ilustrativa. &nbsp; &nbsp; &nbsp;<\/p>\n","protected":false},"featured_media":4909,"comment_status":"closed","ping_status":"closed","template":"","meta":[],"product_brand":[],"product_cat":[270,263],"product_tag":[212,137,203,139,264,207,251,210,204,209],"class_list":{"0":"post-1149","1":"product","2":"type-product","3":"status-publish","4":"has-post-thumbnail","6":"product_cat-anilha-em-lb","7":"product_cat-todas-anilhas-olimpicas","8":"product_tag-anilha-crossfit","9":"product_tag-anilha-de-competicao","10":"product_tag-anilha-de-precisao","11":"product_tag-anilha-olimpica","12":"product_tag-anilhas-olimpicas-todas","13":"product_tag-crossfit","14":"product_tag-equipamento-crossfit","15":"product_tag-equipamentos-funcionais","16":"product_tag-levantamento-de-peso-olimpico","17":"product_tag-produtos-crossfit","19":"first","20":"instock","21":"sale","22":"taxable","23":"shipping-taxable","24":"purchasable","25":"product-type-simple"},"yoast_head":"<!-- This site is optimized with the Yoast SEO plugin v27.2 - https:\/\/yoast.com\/product\/yoast-seo-wordpress\/ -->\n<title>Anilha Ol\u00edmpica 2.5 Lb (par) | Precis\u00e3o | Cross Sports Equipamentos CrossFit<\/title>\n<meta name=\"description\" content=\"Compre ANILHAS DE PRECIS\u00c3O 2,5 LIBRAS. Anilha ol\u00edmpica fracionada e emborrachada com durabilidade e qualidade! Temos Barras Ol\u00edmpicas, Munhequeiras, Kit El\u00e1stico e muito mais para seu Box CrossFit ou Centro de Treinamento Funcional!\" \/>\n<meta name=\"robots\" content=\"index, follow, max-snippet:-1, max-image-preview:large, max-video-preview:-1\" \/>\n<link rel=\"canonical\" href=\"https:\/\/www.crossequipamentos.com.br\/site\/produto\/anilha-de-precisao-2-5\/\" \/>\n<meta property=\"og:locale\" content=\"pt_BR\" \/>\n<meta property=\"og:type\" content=\"article\" \/>\n<meta property=\"og:title\" content=\"Anilha Ol\u00edmpica 2.5 Lb (par) | Precis\u00e3o | Cross Sports Equipamentos CrossFit\" \/>\n<meta property=\"og:description\" content=\"Compre ANILHAS DE PRECIS\u00c3O 2,5 LIBRAS. Anilha ol\u00edmpica fracionada e emborrachada com durabilidade e qualidade! Temos Barras Ol\u00edmpicas, Munhequeiras, Kit El\u00e1stico e muito mais para seu Box CrossFit ou Centro de Treinamento Funcional!\" \/>\n<meta property=\"og:url\" content=\"https:\/\/www.crossequipamentos.com.br\/site\/produto\/anilha-de-precisao-2-5\/\" \/>\n<meta property=\"og:site_name\" content=\"Cross Sports Equipamentos\" \/>\n<meta property=\"article:publisher\" content=\"https:\/\/www.facebook.com\/crossequipamentos\/\" \/>\n<meta property=\"article:modified_time\" content=\"2025-04-03T22:37:29+00:00\" \/>\n<meta property=\"og:image\" content=\"https:\/\/www.crossequipamentos.com.br\/site\/wp-content\/uploads\/2017\/12\/anilha-2-5-lb.png\" \/>\n\t<meta property=\"og:image:width\" content=\"1080\" \/>\n\t<meta property=\"og:image:height\" content=\"1080\" \/>\n\t<meta property=\"og:image:type\" content=\"image\/png\" \/>\n<meta name=\"twitter:card\" content=\"summary_large_image\" \/>\n<script type=\"application\/ld+json\" class=\"yoast-schema-graph\">{\"@context\":\"https:\/\/schema.org\",\"@graph\":[{\"@type\":\"WebPage\",\"@id\":\"https:\/\/www.crossequipamentos.com.br\/site\/produto\/anilha-de-precisao-2-5\/\",\"url\":\"https:\/\/www.crossequipamentos.com.br\/site\/produto\/anilha-de-precisao-2-5\/\",\"name\":\"Anilha Ol\u00edmpica 2.5 Lb (par) | Precis\u00e3o | Cross Sports Equipamentos CrossFit\",\"isPartOf\":{\"@id\":\"https:\/\/www.crossequipamentos.com.br\/site\/#website\"},\"primaryImageOfPage\":{\"@id\":\"https:\/\/www.crossequipamentos.com.br\/site\/produto\/anilha-de-precisao-2-5\/#primaryimage\"},\"image\":{\"@id\":\"https:\/\/www.crossequipamentos.com.br\/site\/produto\/anilha-de-precisao-2-5\/#primaryimage\"},\"thumbnailUrl\":\"https:\/\/www.crossequipamentos.com.br\/site\/wp-content\/uploads\/2017\/12\/anilha-2-5-lb.png\",\"datePublished\":\"2018-08-14T18:44:32+00:00\",\"dateModified\":\"2025-04-03T22:37:29+00:00\",\"description\":\"Compre ANILHAS DE PRECIS\u00c3O 2,5 LIBRAS. Anilha ol\u00edmpica fracionada e emborrachada com durabilidade e qualidade! Temos Barras Ol\u00edmpicas, Munhequeiras, Kit El\u00e1stico e muito mais para seu Box CrossFit ou Centro de Treinamento Funcional!\",\"breadcrumb\":{\"@id\":\"https:\/\/www.crossequipamentos.com.br\/site\/produto\/anilha-de-precisao-2-5\/#breadcrumb\"},\"inLanguage\":\"pt-BR\",\"potentialAction\":[{\"@type\":\"ReadAction\",\"target\":[\"https:\/\/www.crossequipamentos.com.br\/site\/produto\/anilha-de-precisao-2-5\/\"]}]},{\"@type\":\"ImageObject\",\"inLanguage\":\"pt-BR\",\"@id\":\"https:\/\/www.crossequipamentos.com.br\/site\/produto\/anilha-de-precisao-2-5\/#primaryimage\",\"url\":\"https:\/\/www.crossequipamentos.com.br\/site\/wp-content\/uploads\/2017\/12\/anilha-2-5-lb.png\",\"contentUrl\":\"https:\/\/www.crossequipamentos.com.br\/site\/wp-content\/uploads\/2017\/12\/anilha-2-5-lb.png\",\"width\":1080,\"height\":1080},{\"@type\":\"BreadcrumbList\",\"@id\":\"https:\/\/www.crossequipamentos.com.br\/site\/produto\/anilha-de-precisao-2-5\/#breadcrumb\",\"itemListElement\":[{\"@type\":\"ListItem\",\"position\":1,\"name\":\"In\u00edcio\",\"item\":\"https:\/\/www.crossequipamentos.com.br\/site\/\"},{\"@type\":\"ListItem\",\"position\":2,\"name\":\"Shop\",\"item\":\"https:\/\/www.crossequipamentos.com.br\/site\/shop\/\"},{\"@type\":\"ListItem\",\"position\":3,\"name\":\"Anilha Ol\u00edmpica 2.5 Lb (par) | Precis\u00e3o\"}]},{\"@type\":\"WebSite\",\"@id\":\"https:\/\/www.crossequipamentos.com.br\/site\/#website\",\"url\":\"https:\/\/www.crossequipamentos.com.br\/site\/\",\"name\":\"Cross Sports Equipamentos\",\"description\":\"[RE]Marque Seu Ritmo - Equipamentos de Crossfit &amp; Funcional. Enviamos para todo Brasil\",\"publisher\":{\"@id\":\"https:\/\/www.crossequipamentos.com.br\/site\/#organization\"},\"potentialAction\":[{\"@type\":\"SearchAction\",\"target\":{\"@type\":\"EntryPoint\",\"urlTemplate\":\"https:\/\/www.crossequipamentos.com.br\/site\/?s={search_term_string}\"},\"query-input\":{\"@type\":\"PropertyValueSpecification\",\"valueRequired\":true,\"valueName\":\"search_term_string\"}}],\"inLanguage\":\"pt-BR\"},{\"@type\":\"Organization\",\"@id\":\"https:\/\/www.crossequipamentos.com.br\/site\/#organization\",\"name\":\"CrossSports Equipamentos\",\"url\":\"https:\/\/www.crossequipamentos.com.br\/site\/\",\"logo\":{\"@type\":\"ImageObject\",\"inLanguage\":\"pt-BR\",\"@id\":\"https:\/\/www.crossequipamentos.com.br\/site\/#\/schema\/logo\/image\/\",\"url\":\"https:\/\/www.crossequipamentos.com.br\/site\/wp-content\/uploads\/2019\/08\/logo_header_site.png\",\"contentUrl\":\"https:\/\/www.crossequipamentos.com.br\/site\/wp-content\/uploads\/2019\/08\/logo_header_site.png\",\"width\":350,\"height\":118,\"caption\":\"CrossSports Equipamentos\"},\"image\":{\"@id\":\"https:\/\/www.crossequipamentos.com.br\/site\/#\/schema\/logo\/image\/\"},\"sameAs\":[\"https:\/\/www.facebook.com\/crossequipamentos\/\",\"https:\/\/www.instagram.com\/crossequipamentos\/\"]}]}<\/script>\n<!-- \/ Yoast SEO plugin. -->","yoast_head_json":{"title":"Anilha Ol\u00edmpica 2.5 Lb (par) | Precis\u00e3o | Cross Sports Equipamentos CrossFit","description":"Compre ANILHAS DE PRECIS\u00c3O 2,5 LIBRAS. Anilha ol\u00edmpica fracionada e emborrachada com durabilidade e qualidade! Temos Barras Ol\u00edmpicas, Munhequeiras, Kit El\u00e1stico e muito mais para seu Box CrossFit ou Centro de Treinamento Funcional!","robots":{"index":"index","follow":"follow","max-snippet":"max-snippet:-1","max-image-preview":"max-image-preview:large","max-video-preview":"max-video-preview:-1"},"canonical":"https:\/\/www.crossequipamentos.com.br\/site\/produto\/anilha-de-precisao-2-5\/","og_locale":"pt_BR","og_type":"article","og_title":"Anilha Ol\u00edmpica 2.5 Lb (par) | Precis\u00e3o | Cross Sports Equipamentos CrossFit","og_description":"Compre ANILHAS DE PRECIS\u00c3O 2,5 LIBRAS. Anilha ol\u00edmpica fracionada e emborrachada com durabilidade e qualidade! Temos Barras Ol\u00edmpicas, Munhequeiras, Kit El\u00e1stico e muito mais para seu Box CrossFit ou Centro de Treinamento Funcional!","og_url":"https:\/\/www.crossequipamentos.com.br\/site\/produto\/anilha-de-precisao-2-5\/","og_site_name":"Cross Sports Equipamentos","article_publisher":"https:\/\/www.facebook.com\/crossequipamentos\/","article_modified_time":"2025-04-03T22:37:29+00:00","og_image":[{"width":1080,"height":1080,"url":"https:\/\/www.crossequipamentos.com.br\/site\/wp-content\/uploads\/2017\/12\/anilha-2-5-lb.png","type":"image\/png"}],"twitter_card":"summary_large_image","schema":{"@context":"https:\/\/schema.org","@graph":[{"@type":"WebPage","@id":"https:\/\/www.crossequipamentos.com.br\/site\/produto\/anilha-de-precisao-2-5\/","url":"https:\/\/www.crossequipamentos.com.br\/site\/produto\/anilha-de-precisao-2-5\/","name":"Anilha Ol\u00edmpica 2.5 Lb (par) | Precis\u00e3o | Cross Sports Equipamentos CrossFit","isPartOf":{"@id":"https:\/\/www.crossequipamentos.com.br\/site\/#website"},"primaryImageOfPage":{"@id":"https:\/\/www.crossequipamentos.com.br\/site\/produto\/anilha-de-precisao-2-5\/#primaryimage"},"image":{"@id":"https:\/\/www.crossequipamentos.com.br\/site\/produto\/anilha-de-precisao-2-5\/#primaryimage"},"thumbnailUrl":"https:\/\/www.crossequipamentos.com.br\/site\/wp-content\/uploads\/2017\/12\/anilha-2-5-lb.png","datePublished":"2018-08-14T18:44:32+00:00","dateModified":"2025-04-03T22:37:29+00:00","description":"Compre ANILHAS DE PRECIS\u00c3O 2,5 LIBRAS. Anilha ol\u00edmpica fracionada e emborrachada com durabilidade e qualidade! Temos Barras Ol\u00edmpicas, Munhequeiras, Kit El\u00e1stico e muito mais para seu Box CrossFit ou Centro de Treinamento Funcional!","breadcrumb":{"@id":"https:\/\/www.crossequipamentos.com.br\/site\/produto\/anilha-de-precisao-2-5\/#breadcrumb"},"inLanguage":"pt-BR","potentialAction":[{"@type":"ReadAction","target":["https:\/\/www.crossequipamentos.com.br\/site\/produto\/anilha-de-precisao-2-5\/"]}]},{"@type":"ImageObject","inLanguage":"pt-BR","@id":"https:\/\/www.crossequipamentos.com.br\/site\/produto\/anilha-de-precisao-2-5\/#primaryimage","url":"https:\/\/www.crossequipamentos.com.br\/site\/wp-content\/uploads\/2017\/12\/anilha-2-5-lb.png","contentUrl":"https:\/\/www.crossequipamentos.com.br\/site\/wp-content\/uploads\/2017\/12\/anilha-2-5-lb.png","width":1080,"height":1080},{"@type":"BreadcrumbList","@id":"https:\/\/www.crossequipamentos.com.br\/site\/produto\/anilha-de-precisao-2-5\/#breadcrumb","itemListElement":[{"@type":"ListItem","position":1,"name":"In\u00edcio","item":"https:\/\/www.crossequipamentos.com.br\/site\/"},{"@type":"ListItem","position":2,"name":"Shop","item":"https:\/\/www.crossequipamentos.com.br\/site\/shop\/"},{"@type":"ListItem","position":3,"name":"Anilha Ol\u00edmpica 2.5 Lb (par) | Precis\u00e3o"}]},{"@type":"WebSite","@id":"https:\/\/www.crossequipamentos.com.br\/site\/#website","url":"https:\/\/www.crossequipamentos.com.br\/site\/","name":"Cross Sports Equipamentos","description":"[RE]Marque Seu Ritmo - Equipamentos de Crossfit &amp; Funcional. Enviamos para todo Brasil","publisher":{"@id":"https:\/\/www.crossequipamentos.com.br\/site\/#organization"},"potentialAction":[{"@type":"SearchAction","target":{"@type":"EntryPoint","urlTemplate":"https:\/\/www.crossequipamentos.com.br\/site\/?s={search_term_string}"},"query-input":{"@type":"PropertyValueSpecification","valueRequired":true,"valueName":"search_term_string"}}],"inLanguage":"pt-BR"},{"@type":"Organization","@id":"https:\/\/www.crossequipamentos.com.br\/site\/#organization","name":"CrossSports Equipamentos","url":"https:\/\/www.crossequipamentos.com.br\/site\/","logo":{"@type":"ImageObject","inLanguage":"pt-BR","@id":"https:\/\/www.crossequipamentos.com.br\/site\/#\/schema\/logo\/image\/","url":"https:\/\/www.crossequipamentos.com.br\/site\/wp-content\/uploads\/2019\/08\/logo_header_site.png","contentUrl":"https:\/\/www.crossequipamentos.com.br\/site\/wp-content\/uploads\/2019\/08\/logo_header_site.png","width":350,"height":118,"caption":"CrossSports Equipamentos"},"image":{"@id":"https:\/\/www.crossequipamentos.com.br\/site\/#\/schema\/logo\/image\/"},"sameAs":["https:\/\/www.facebook.com\/crossequipamentos\/","https:\/\/www.instagram.com\/crossequipamentos\/"]}]}},"_links":{"self":[{"href":"https:\/\/www.crossequipamentos.com.br\/site\/wp-json\/wp\/v2\/product\/1149","targetHints":{"allow":["GET"]}}],"collection":[{"href":"https:\/\/www.crossequipamentos.com.br\/site\/wp-json\/wp\/v2\/product"}],"about":[{"href":"https:\/\/www.crossequipamentos.com.br\/site\/wp-json\/wp\/v2\/types\/product"}],"replies":[{"embeddable":true,"href":"https:\/\/www.crossequipamentos.com.br\/site\/wp-json\/wp\/v2\/comments?post=1149"}],"wp:featuredmedia":[{"embeddable":true,"href":"https:\/\/www.crossequipamentos.com.br\/site\/wp-json\/wp\/v2\/media\/4909"}],"wp:attachment":[{"href":"https:\/\/www.crossequipamentos.com.br\/site\/wp-json\/wp\/v2\/media?parent=1149"}],"wp:term":[{"taxonomy":"product_brand","embeddable":true,"href":"https:\/\/www.crossequipamentos.com.br\/site\/wp-json\/wp\/v2\/product_brand?post=1149"},{"taxonomy":"product_cat","embeddable":true,"href":"https:\/\/www.crossequipamentos.com.br\/site\/wp-json\/wp\/v2\/product_cat?post=1149"},{"taxonomy":"product_tag","embeddable":true,"href":"https:\/\/www.crossequipamentos.com.br\/site\/wp-json\/wp\/v2\/product_tag?post=1149"}],"curies":[{"name":"wp","href":"https:\/\/api.w.org\/{rel}","templated":true}]}}