{"id":1152,"date":"2018-08-20T15:09:27","date_gmt":"2018-08-20T18:09:27","guid":{"rendered":"http:\/\/www.crossequipamentos.com.br\/site\/?post_type=product&#038;p=1152"},"modified":"2021-11-27T13:29:56","modified_gmt":"2021-11-27T16:29:56","slug":"plataforma-lpo","status":"publish","type":"product","link":"https:\/\/www.crossequipamentos.com.br\/site\/produto\/plataforma-lpo\/","title":{"rendered":"Plataforma Ajust\u00e1vel de Levantamento de Peso (LPO)"},"content":{"rendered":"<p><strong>Plataforma Ajust\u00e1vel de Levantamento de Peso (Exclusividade Cross Sports Equipamentos)<\/strong><\/p>\n<p>&nbsp;<\/p>\n<p><strong>Marca:<\/strong> Cross Sports Equipamentos<br \/>\n<strong>Tipo:<\/strong>\u00a0Plataforma Ajust\u00e1vel de Levantamento de Peso<br \/>\n<strong>Recomenda\u00e7\u00e3o de Uso:<\/strong> Academia, Muscula\u00e7\u00e3o, Levantamento de Peso, CrossFit e Treinamento Funcional<br \/>\n<strong>Cor:<\/strong> Preto<\/p>\n<p><strong>Acompanha 2 tamanhos de pinos e 2 placas.<\/strong><\/p>\n<p>N\u00e3o acompanha anilha.<\/p>\n<div style=\"width: 640px;\" class=\"wp-video\"><video class=\"wp-video-shortcode\" id=\"video-1152-1\" width=\"640\" height=\"774\" preload=\"metadata\" controls=\"controls\"><source type=\"video\/mp4\" src=\"http:\/\/www.crossequipamentos.com.br\/site\/wp-content\/uploads\/2018\/08\/plataforma_levantamento_peso_crossfit.mp4?_=1\" \/><a href=\"http:\/\/www.crossequipamentos.com.br\/site\/wp-content\/uploads\/2018\/08\/plataforma_levantamento_peso_crossfit.mp4\">http:\/\/www.crossequipamentos.com.br\/site\/wp-content\/uploads\/2018\/08\/plataforma_levantamento_peso_crossfit.mp4<\/a><\/video><\/div>\n<h5>V\u00eddeo ilustrativo.<\/h5>\n<h5><\/h5>\n","protected":false},"excerpt":{"rendered":"<p>Plataforma Ajust\u00e1vel de Levantamento de Peso (Exclusividade Cross Sports Equipamentos) &nbsp; Marca: Cross Sports Equipamentos Tipo:\u00a0Plataforma Ajust\u00e1vel de Levantamento de Peso Recomenda\u00e7\u00e3o de Uso: Academia, Muscula\u00e7\u00e3o, Levantamento de Peso, CrossFit e Treinamento Funcional Cor: Preto Acompanha 2 tamanhos de pinos e 2 placas. N\u00e3o acompanha anilha. V\u00eddeo ilustrativo.<\/p>\n","protected":false},"featured_media":1159,"comment_status":"closed","ping_status":"closed","template":"","meta":[],"product_brand":[],"product_cat":[266],"product_tag":[139,206,207,210,208,204,198,205,209],"class_list":{"0":"post-1152","1":"product","2":"type-product","3":"status-publish","4":"has-post-thumbnail","6":"product_cat-plataforma-de-lpo","7":"product_tag-anilha-olimpica","8":"product_tag-arremesso-de-peso","9":"product_tag-crossfit","10":"product_tag-equipamentos-funcionais","11":"product_tag-fitness","12":"product_tag-levantamento-de-peso-olimpico","13":"product_tag-levantamentodepeso","14":"product_tag-plataformalpo","15":"product_tag-produtos-crossfit","17":"first","18":"instock","19":"sale","20":"taxable","21":"shipping-taxable","22":"purchasable","23":"product-type-simple"},"yoast_head":"<!-- This site is optimized with the Yoast SEO plugin v27.2 - https:\/\/yoast.com\/product\/yoast-seo-wordpress\/ -->\n<title>Plataforma Levantamento de Peso Ol\u00edmpico | Cross Sports<\/title>\n<meta name=\"description\" content=\"Plataforma Ajust\u00e1vel de Levantamento de Peso (LPO) | Treine com a plataforma da Cross Sports Equipamentos. Equipamentos de CrossFit e LPO. Parcele em at\u00e9 12x sem juros!\" \/>\n<meta name=\"robots\" content=\"index, follow, max-snippet:-1, max-image-preview:large, max-video-preview:-1\" \/>\n<link rel=\"canonical\" href=\"https:\/\/www.crossequipamentos.com.br\/site\/produto\/plataforma-lpo\/\" \/>\n<meta property=\"og:locale\" content=\"pt_BR\" \/>\n<meta property=\"og:type\" content=\"article\" \/>\n<meta property=\"og:title\" content=\"Plataforma Levantamento de Peso Ol\u00edmpico | Cross Sports\" \/>\n<meta property=\"og:description\" content=\"Plataforma Ajust\u00e1vel de Levantamento de Peso (LPO) | Treine com a plataforma da Cross Sports Equipamentos. Equipamentos de CrossFit e LPO. Parcele em at\u00e9 12x sem juros!\" \/>\n<meta property=\"og:url\" content=\"https:\/\/www.crossequipamentos.com.br\/site\/produto\/plataforma-lpo\/\" \/>\n<meta property=\"og:site_name\" content=\"Cross Sports Equipamentos\" \/>\n<meta property=\"article:publisher\" content=\"https:\/\/www.facebook.com\/crossequipamentos\/\" \/>\n<meta property=\"article:modified_time\" content=\"2021-11-27T16:29:56+00:00\" \/>\n<meta property=\"og:image\" content=\"https:\/\/www.crossequipamentos.com.br\/site\/wp-content\/uploads\/2018\/08\/plataformacrossfit1-1200x800.jpg\" \/>\n\t<meta property=\"og:image:width\" content=\"1200\" \/>\n\t<meta property=\"og:image:height\" content=\"800\" \/>\n\t<meta property=\"og:image:type\" content=\"image\/jpeg\" \/>\n<meta name=\"twitter:card\" content=\"summary_large_image\" \/>\n<script type=\"application\/ld+json\" class=\"yoast-schema-graph\">{\"@context\":\"https:\/\/schema.org\",\"@graph\":[{\"@type\":\"WebPage\",\"@id\":\"https:\/\/www.crossequipamentos.com.br\/site\/produto\/plataforma-lpo\/\",\"url\":\"https:\/\/www.crossequipamentos.com.br\/site\/produto\/plataforma-lpo\/\",\"name\":\"Plataforma Levantamento de Peso Ol\u00edmpico | Cross Sports\",\"isPartOf\":{\"@id\":\"https:\/\/www.crossequipamentos.com.br\/site\/#website\"},\"primaryImageOfPage\":{\"@id\":\"https:\/\/www.crossequipamentos.com.br\/site\/produto\/plataforma-lpo\/#primaryimage\"},\"image\":{\"@id\":\"https:\/\/www.crossequipamentos.com.br\/site\/produto\/plataforma-lpo\/#primaryimage\"},\"thumbnailUrl\":\"https:\/\/www.crossequipamentos.com.br\/site\/wp-content\/uploads\/2018\/08\/plataformacrossfit1.jpg\",\"datePublished\":\"2018-08-20T18:09:27+00:00\",\"dateModified\":\"2021-11-27T16:29:56+00:00\",\"description\":\"Plataforma Ajust\u00e1vel de Levantamento de Peso (LPO) | Treine com a plataforma da Cross Sports Equipamentos. Equipamentos de CrossFit e LPO. Parcele em at\u00e9 12x sem juros!\",\"breadcrumb\":{\"@id\":\"https:\/\/www.crossequipamentos.com.br\/site\/produto\/plataforma-lpo\/#breadcrumb\"},\"inLanguage\":\"pt-BR\",\"potentialAction\":[{\"@type\":\"ReadAction\",\"target\":[\"https:\/\/www.crossequipamentos.com.br\/site\/produto\/plataforma-lpo\/\"]}]},{\"@type\":\"ImageObject\",\"inLanguage\":\"pt-BR\",\"@id\":\"https:\/\/www.crossequipamentos.com.br\/site\/produto\/plataforma-lpo\/#primaryimage\",\"url\":\"https:\/\/www.crossequipamentos.com.br\/site\/wp-content\/uploads\/2018\/08\/plataformacrossfit1.jpg\",\"contentUrl\":\"https:\/\/www.crossequipamentos.com.br\/site\/wp-content\/uploads\/2018\/08\/plataformacrossfit1.jpg\",\"width\":4000,\"height\":2667},{\"@type\":\"BreadcrumbList\",\"@id\":\"https:\/\/www.crossequipamentos.com.br\/site\/produto\/plataforma-lpo\/#breadcrumb\",\"itemListElement\":[{\"@type\":\"ListItem\",\"position\":1,\"name\":\"In\u00edcio\",\"item\":\"https:\/\/www.crossequipamentos.com.br\/site\/\"},{\"@type\":\"ListItem\",\"position\":2,\"name\":\"Shop\",\"item\":\"https:\/\/www.crossequipamentos.com.br\/site\/shop\/\"},{\"@type\":\"ListItem\",\"position\":3,\"name\":\"Plataforma Ajust\u00e1vel de Levantamento de Peso (LPO)\"}]},{\"@type\":\"WebSite\",\"@id\":\"https:\/\/www.crossequipamentos.com.br\/site\/#website\",\"url\":\"https:\/\/www.crossequipamentos.com.br\/site\/\",\"name\":\"Cross Sports Equipamentos\",\"description\":\"[RE]Marque Seu Ritmo - Equipamentos de Crossfit &amp; Funcional. Enviamos para todo Brasil\",\"publisher\":{\"@id\":\"https:\/\/www.crossequipamentos.com.br\/site\/#organization\"},\"potentialAction\":[{\"@type\":\"SearchAction\",\"target\":{\"@type\":\"EntryPoint\",\"urlTemplate\":\"https:\/\/www.crossequipamentos.com.br\/site\/?s={search_term_string}\"},\"query-input\":{\"@type\":\"PropertyValueSpecification\",\"valueRequired\":true,\"valueName\":\"search_term_string\"}}],\"inLanguage\":\"pt-BR\"},{\"@type\":\"Organization\",\"@id\":\"https:\/\/www.crossequipamentos.com.br\/site\/#organization\",\"name\":\"CrossSports Equipamentos\",\"url\":\"https:\/\/www.crossequipamentos.com.br\/site\/\",\"logo\":{\"@type\":\"ImageObject\",\"inLanguage\":\"pt-BR\",\"@id\":\"https:\/\/www.crossequipamentos.com.br\/site\/#\/schema\/logo\/image\/\",\"url\":\"https:\/\/www.crossequipamentos.com.br\/site\/wp-content\/uploads\/2019\/08\/logo_header_site.png\",\"contentUrl\":\"https:\/\/www.crossequipamentos.com.br\/site\/wp-content\/uploads\/2019\/08\/logo_header_site.png\",\"width\":350,\"height\":118,\"caption\":\"CrossSports Equipamentos\"},\"image\":{\"@id\":\"https:\/\/www.crossequipamentos.com.br\/site\/#\/schema\/logo\/image\/\"},\"sameAs\":[\"https:\/\/www.facebook.com\/crossequipamentos\/\",\"https:\/\/www.instagram.com\/crossequipamentos\/\"]}]}<\/script>\n<!-- \/ Yoast SEO plugin. -->","yoast_head_json":{"title":"Plataforma Levantamento de Peso Ol\u00edmpico | Cross Sports","description":"Plataforma Ajust\u00e1vel de Levantamento de Peso (LPO) | Treine com a plataforma da Cross Sports Equipamentos. Equipamentos de CrossFit e LPO. Parcele em at\u00e9 12x sem juros!","robots":{"index":"index","follow":"follow","max-snippet":"max-snippet:-1","max-image-preview":"max-image-preview:large","max-video-preview":"max-video-preview:-1"},"canonical":"https:\/\/www.crossequipamentos.com.br\/site\/produto\/plataforma-lpo\/","og_locale":"pt_BR","og_type":"article","og_title":"Plataforma Levantamento de Peso Ol\u00edmpico | Cross Sports","og_description":"Plataforma Ajust\u00e1vel de Levantamento de Peso (LPO) | Treine com a plataforma da Cross Sports Equipamentos. Equipamentos de CrossFit e LPO. Parcele em at\u00e9 12x sem juros!","og_url":"https:\/\/www.crossequipamentos.com.br\/site\/produto\/plataforma-lpo\/","og_site_name":"Cross Sports Equipamentos","article_publisher":"https:\/\/www.facebook.com\/crossequipamentos\/","article_modified_time":"2021-11-27T16:29:56+00:00","og_image":[{"width":1200,"height":800,"url":"https:\/\/www.crossequipamentos.com.br\/site\/wp-content\/uploads\/2018\/08\/plataformacrossfit1-1200x800.jpg","type":"image\/jpeg"}],"twitter_card":"summary_large_image","schema":{"@context":"https:\/\/schema.org","@graph":[{"@type":"WebPage","@id":"https:\/\/www.crossequipamentos.com.br\/site\/produto\/plataforma-lpo\/","url":"https:\/\/www.crossequipamentos.com.br\/site\/produto\/plataforma-lpo\/","name":"Plataforma Levantamento de Peso Ol\u00edmpico | Cross Sports","isPartOf":{"@id":"https:\/\/www.crossequipamentos.com.br\/site\/#website"},"primaryImageOfPage":{"@id":"https:\/\/www.crossequipamentos.com.br\/site\/produto\/plataforma-lpo\/#primaryimage"},"image":{"@id":"https:\/\/www.crossequipamentos.com.br\/site\/produto\/plataforma-lpo\/#primaryimage"},"thumbnailUrl":"https:\/\/www.crossequipamentos.com.br\/site\/wp-content\/uploads\/2018\/08\/plataformacrossfit1.jpg","datePublished":"2018-08-20T18:09:27+00:00","dateModified":"2021-11-27T16:29:56+00:00","description":"Plataforma Ajust\u00e1vel de Levantamento de Peso (LPO) | Treine com a plataforma da Cross Sports Equipamentos. Equipamentos de CrossFit e LPO. Parcele em at\u00e9 12x sem juros!","breadcrumb":{"@id":"https:\/\/www.crossequipamentos.com.br\/site\/produto\/plataforma-lpo\/#breadcrumb"},"inLanguage":"pt-BR","potentialAction":[{"@type":"ReadAction","target":["https:\/\/www.crossequipamentos.com.br\/site\/produto\/plataforma-lpo\/"]}]},{"@type":"ImageObject","inLanguage":"pt-BR","@id":"https:\/\/www.crossequipamentos.com.br\/site\/produto\/plataforma-lpo\/#primaryimage","url":"https:\/\/www.crossequipamentos.com.br\/site\/wp-content\/uploads\/2018\/08\/plataformacrossfit1.jpg","contentUrl":"https:\/\/www.crossequipamentos.com.br\/site\/wp-content\/uploads\/2018\/08\/plataformacrossfit1.jpg","width":4000,"height":2667},{"@type":"BreadcrumbList","@id":"https:\/\/www.crossequipamentos.com.br\/site\/produto\/plataforma-lpo\/#breadcrumb","itemListElement":[{"@type":"ListItem","position":1,"name":"In\u00edcio","item":"https:\/\/www.crossequipamentos.com.br\/site\/"},{"@type":"ListItem","position":2,"name":"Shop","item":"https:\/\/www.crossequipamentos.com.br\/site\/shop\/"},{"@type":"ListItem","position":3,"name":"Plataforma Ajust\u00e1vel de Levantamento de Peso (LPO)"}]},{"@type":"WebSite","@id":"https:\/\/www.crossequipamentos.com.br\/site\/#website","url":"https:\/\/www.crossequipamentos.com.br\/site\/","name":"Cross Sports Equipamentos","description":"[RE]Marque Seu Ritmo - Equipamentos de Crossfit &amp; Funcional. Enviamos para todo Brasil","publisher":{"@id":"https:\/\/www.crossequipamentos.com.br\/site\/#organization"},"potentialAction":[{"@type":"SearchAction","target":{"@type":"EntryPoint","urlTemplate":"https:\/\/www.crossequipamentos.com.br\/site\/?s={search_term_string}"},"query-input":{"@type":"PropertyValueSpecification","valueRequired":true,"valueName":"search_term_string"}}],"inLanguage":"pt-BR"},{"@type":"Organization","@id":"https:\/\/www.crossequipamentos.com.br\/site\/#organization","name":"CrossSports Equipamentos","url":"https:\/\/www.crossequipamentos.com.br\/site\/","logo":{"@type":"ImageObject","inLanguage":"pt-BR","@id":"https:\/\/www.crossequipamentos.com.br\/site\/#\/schema\/logo\/image\/","url":"https:\/\/www.crossequipamentos.com.br\/site\/wp-content\/uploads\/2019\/08\/logo_header_site.png","contentUrl":"https:\/\/www.crossequipamentos.com.br\/site\/wp-content\/uploads\/2019\/08\/logo_header_site.png","width":350,"height":118,"caption":"CrossSports Equipamentos"},"image":{"@id":"https:\/\/www.crossequipamentos.com.br\/site\/#\/schema\/logo\/image\/"},"sameAs":["https:\/\/www.facebook.com\/crossequipamentos\/","https:\/\/www.instagram.com\/crossequipamentos\/"]}]}},"_links":{"self":[{"href":"https:\/\/www.crossequipamentos.com.br\/site\/wp-json\/wp\/v2\/product\/1152","targetHints":{"allow":["GET"]}}],"collection":[{"href":"https:\/\/www.crossequipamentos.com.br\/site\/wp-json\/wp\/v2\/product"}],"about":[{"href":"https:\/\/www.crossequipamentos.com.br\/site\/wp-json\/wp\/v2\/types\/product"}],"replies":[{"embeddable":true,"href":"https:\/\/www.crossequipamentos.com.br\/site\/wp-json\/wp\/v2\/comments?post=1152"}],"wp:featuredmedia":[{"embeddable":true,"href":"https:\/\/www.crossequipamentos.com.br\/site\/wp-json\/wp\/v2\/media\/1159"}],"wp:attachment":[{"href":"https:\/\/www.crossequipamentos.com.br\/site\/wp-json\/wp\/v2\/media?parent=1152"}],"wp:term":[{"taxonomy":"product_brand","embeddable":true,"href":"https:\/\/www.crossequipamentos.com.br\/site\/wp-json\/wp\/v2\/product_brand?post=1152"},{"taxonomy":"product_cat","embeddable":true,"href":"https:\/\/www.crossequipamentos.com.br\/site\/wp-json\/wp\/v2\/product_cat?post=1152"},{"taxonomy":"product_tag","embeddable":true,"href":"https:\/\/www.crossequipamentos.com.br\/site\/wp-json\/wp\/v2\/product_tag?post=1152"}],"curies":[{"name":"wp","href":"https:\/\/api.w.org\/{rel}","templated":true}]}}