{"id":1280,"date":"2018-11-07T11:28:42","date_gmt":"2018-11-07T13:28:42","guid":{"rendered":"http:\/\/www.crossequipamentos.com.br\/site\/?post_type=product&#038;p=1280"},"modified":"2025-04-01T00:00:15","modified_gmt":"2025-04-01T03:00:15","slug":"barra-olimpica-10kg-junior","status":"publish","type":"product","link":"https:\/\/www.crossequipamentos.com.br\/site\/produto\/barra-olimpica-10kg-junior\/","title":{"rendered":"Barra Ol\u00edmpica J\u00fanior"},"content":{"rendered":"<p><strong>Barra Ol\u00edmpica 10Kg J\u00fanior<\/strong><\/p>\n<p>Nossa barra \u00e9\u00a0 a escolha perfeita para treinar t\u00e9cnica de levantamento de peso e para treinos de teens, kids ou at\u00e9 iniciantes que est\u00e3o aprendendo os levantamentos ol\u00edmpicos.<\/p>\n<p><strong>Marca:<\/strong> Cross Sports Equipamentos<br \/>\n<strong>Tipo:<\/strong> Barra Ol\u00edmpica J\u00fanior (medidas padr\u00e3o IWF)<br \/>\n<strong>Recomenda\u00e7\u00e3o de Uso:<\/strong> Levantamento de Peso e Treinamento Funcional<br \/>\nMedidas de Padr\u00e3o Ol\u00edmpico.<br \/>\n<strong>Peso:<\/strong> 10kg<br \/>\n<strong>Comprimento:<\/strong> 1,67m<br \/>\n<strong>Di\u00e2metro:<\/strong> 25mm da pegada<br \/>\nRecartilhado suave tipo padr\u00e3o Ol\u00edmpico<br \/>\nSem recartilhado no centro<br \/>\nRolamentada<br \/>\n<strong>Cor:<\/strong> Cromada Prata<\/p>\n<p>&nbsp;<\/p>\n<h5>Imagem ilustrativa.<\/h5>\n<h5>Comparativo de tamanho.<\/h5>\n<p><img loading=\"lazy\" decoding=\"async\" class=\"alignleft size-medium wp-image-1283\" src=\"http:\/\/www.crossequipamentos.com.br\/site\/wp-content\/uploads\/2018\/11\/WhatsApp-Image-2018-11-07-at-09.39.15-400x400.jpeg\" alt=\"\" width=\"400\" height=\"400\" srcset=\"https:\/\/www.crossequipamentos.com.br\/site\/wp-content\/uploads\/2018\/11\/WhatsApp-Image-2018-11-07-at-09.39.15-400x400.jpeg 400w, https:\/\/www.crossequipamentos.com.br\/site\/wp-content\/uploads\/2018\/11\/WhatsApp-Image-2018-11-07-at-09.39.15-300x300.jpeg 300w, https:\/\/www.crossequipamentos.com.br\/site\/wp-content\/uploads\/2018\/11\/WhatsApp-Image-2018-11-07-at-09.39.15-100x100.jpeg 100w, https:\/\/www.crossequipamentos.com.br\/site\/wp-content\/uploads\/2018\/11\/WhatsApp-Image-2018-11-07-at-09.39.15-600x600.jpeg 600w, https:\/\/www.crossequipamentos.com.br\/site\/wp-content\/uploads\/2018\/11\/WhatsApp-Image-2018-11-07-at-09.39.15-280x280.jpeg 280w, https:\/\/www.crossequipamentos.com.br\/site\/wp-content\/uploads\/2018\/11\/WhatsApp-Image-2018-11-07-at-09.39.15-768x768.jpeg 768w, https:\/\/www.crossequipamentos.com.br\/site\/wp-content\/uploads\/2018\/11\/WhatsApp-Image-2018-11-07-at-09.39.15-800x800.jpeg 800w, https:\/\/www.crossequipamentos.com.br\/site\/wp-content\/uploads\/2018\/11\/WhatsApp-Image-2018-11-07-at-09.39.15.jpeg 1280w\" sizes=\"auto, (max-width: 400px) 100vw, 400px\" \/><\/p>\n","protected":false},"excerpt":{"rendered":"<h5><\/h5>\n<p>&nbsp;<\/p>\n<p>&nbsp;<\/p>\n<p>&nbsp;<\/p>\n<p>&nbsp;<\/p>\n<p>&nbsp;<\/p>\n<p>&nbsp;<\/p>\n","protected":false},"featured_media":1282,"comment_status":"closed","ping_status":"closed","template":"","meta":[],"product_brand":[],"product_cat":[271,75,254,76],"product_tag":[212,139,226,207,210,198],"class_list":{"0":"post-1280","1":"product","2":"type-product","3":"status-publish","4":"has-post-thumbnail","6":"product_cat-barra-olimpica-kids","7":"product_cat-barra-olimpica-feminina","8":"product_cat-barra-olimpica","9":"product_cat-barra-olimpica-masculina","10":"product_tag-anilha-crossfit","11":"product_tag-anilha-olimpica","12":"product_tag-barratecnica","13":"product_tag-crossfit","14":"product_tag-equipamentos-funcionais","15":"product_tag-levantamentodepeso","17":"first","18":"instock","19":"taxable","20":"shipping-taxable","21":"purchasable","22":"product-type-simple"},"yoast_head":"<!-- This site is optimized with the Yoast SEO plugin v27.2 - https:\/\/yoast.com\/product\/yoast-seo-wordpress\/ -->\n<title>Barra Ol\u00edmpica J\u00fanior | Barra Scale Cross Sports Equipamentos<\/title>\n<meta name=\"description\" content=\"Barra Ol\u00edmpica J\u00fanior| A Barra Ol\u00edmpica perfeita para treinar t\u00e9cnica de levantamento de peso e para treinos de teens, kids ou at\u00e9 iniciantes que est\u00e3o aprendendo os levantamentos ol\u00edmpicos.\" \/>\n<meta name=\"robots\" content=\"index, follow, max-snippet:-1, max-image-preview:large, max-video-preview:-1\" \/>\n<link rel=\"canonical\" href=\"https:\/\/www.crossequipamentos.com.br\/site\/produto\/barra-olimpica-10kg-junior\/\" \/>\n<meta property=\"og:locale\" content=\"pt_BR\" \/>\n<meta property=\"og:type\" content=\"article\" \/>\n<meta property=\"og:title\" content=\"Barra Ol\u00edmpica J\u00fanior | Barra Scale Cross Sports Equipamentos\" \/>\n<meta property=\"og:description\" content=\"Barra Ol\u00edmpica J\u00fanior| A Barra Ol\u00edmpica perfeita para treinar t\u00e9cnica de levantamento de peso e para treinos de teens, kids ou at\u00e9 iniciantes que est\u00e3o aprendendo os levantamentos ol\u00edmpicos.\" \/>\n<meta property=\"og:url\" content=\"https:\/\/www.crossequipamentos.com.br\/site\/produto\/barra-olimpica-10kg-junior\/\" \/>\n<meta property=\"og:site_name\" content=\"Cross Sports Equipamentos\" \/>\n<meta property=\"article:publisher\" content=\"https:\/\/www.facebook.com\/crossequipamentos\/\" \/>\n<meta property=\"article:modified_time\" content=\"2025-04-01T03:00:15+00:00\" \/>\n<meta property=\"og:image\" content=\"https:\/\/www.crossequipamentos.com.br\/site\/wp-content\/uploads\/2018\/11\/barra-tecnica-crossfit-10kg.jpeg\" \/>\n\t<meta property=\"og:image:width\" content=\"1280\" \/>\n\t<meta property=\"og:image:height\" content=\"1280\" \/>\n\t<meta property=\"og:image:type\" content=\"image\/jpeg\" \/>\n<meta name=\"twitter:card\" content=\"summary_large_image\" \/>\n<script type=\"application\/ld+json\" class=\"yoast-schema-graph\">{\"@context\":\"https:\/\/schema.org\",\"@graph\":[{\"@type\":\"WebPage\",\"@id\":\"https:\/\/www.crossequipamentos.com.br\/site\/produto\/barra-olimpica-10kg-junior\/\",\"url\":\"https:\/\/www.crossequipamentos.com.br\/site\/produto\/barra-olimpica-10kg-junior\/\",\"name\":\"Barra Ol\u00edmpica J\u00fanior | Barra Scale Cross Sports Equipamentos\",\"isPartOf\":{\"@id\":\"https:\/\/www.crossequipamentos.com.br\/site\/#website\"},\"primaryImageOfPage\":{\"@id\":\"https:\/\/www.crossequipamentos.com.br\/site\/produto\/barra-olimpica-10kg-junior\/#primaryimage\"},\"image\":{\"@id\":\"https:\/\/www.crossequipamentos.com.br\/site\/produto\/barra-olimpica-10kg-junior\/#primaryimage\"},\"thumbnailUrl\":\"https:\/\/www.crossequipamentos.com.br\/site\/wp-content\/uploads\/2018\/11\/barra-tecnica-crossfit-10kg.jpeg\",\"datePublished\":\"2018-11-07T13:28:42+00:00\",\"dateModified\":\"2025-04-01T03:00:15+00:00\",\"description\":\"Barra Ol\u00edmpica J\u00fanior| A Barra Ol\u00edmpica perfeita para treinar t\u00e9cnica de levantamento de peso e para treinos de teens, kids ou at\u00e9 iniciantes que est\u00e3o aprendendo os levantamentos ol\u00edmpicos.\",\"breadcrumb\":{\"@id\":\"https:\/\/www.crossequipamentos.com.br\/site\/produto\/barra-olimpica-10kg-junior\/#breadcrumb\"},\"inLanguage\":\"pt-BR\",\"potentialAction\":[{\"@type\":\"ReadAction\",\"target\":[\"https:\/\/www.crossequipamentos.com.br\/site\/produto\/barra-olimpica-10kg-junior\/\"]}]},{\"@type\":\"ImageObject\",\"inLanguage\":\"pt-BR\",\"@id\":\"https:\/\/www.crossequipamentos.com.br\/site\/produto\/barra-olimpica-10kg-junior\/#primaryimage\",\"url\":\"https:\/\/www.crossequipamentos.com.br\/site\/wp-content\/uploads\/2018\/11\/barra-tecnica-crossfit-10kg.jpeg\",\"contentUrl\":\"https:\/\/www.crossequipamentos.com.br\/site\/wp-content\/uploads\/2018\/11\/barra-tecnica-crossfit-10kg.jpeg\",\"width\":1280,\"height\":1280,\"caption\":\"barra tecnica junior\"},{\"@type\":\"BreadcrumbList\",\"@id\":\"https:\/\/www.crossequipamentos.com.br\/site\/produto\/barra-olimpica-10kg-junior\/#breadcrumb\",\"itemListElement\":[{\"@type\":\"ListItem\",\"position\":1,\"name\":\"In\u00edcio\",\"item\":\"https:\/\/www.crossequipamentos.com.br\/site\/\"},{\"@type\":\"ListItem\",\"position\":2,\"name\":\"Shop\",\"item\":\"https:\/\/www.crossequipamentos.com.br\/site\/shop\/\"},{\"@type\":\"ListItem\",\"position\":3,\"name\":\"Barra Ol\u00edmpica J\u00fanior\"}]},{\"@type\":\"WebSite\",\"@id\":\"https:\/\/www.crossequipamentos.com.br\/site\/#website\",\"url\":\"https:\/\/www.crossequipamentos.com.br\/site\/\",\"name\":\"Cross Sports Equipamentos\",\"description\":\"[RE]Marque Seu Ritmo - Equipamentos de Crossfit &amp; Funcional. Enviamos para todo Brasil\",\"publisher\":{\"@id\":\"https:\/\/www.crossequipamentos.com.br\/site\/#organization\"},\"potentialAction\":[{\"@type\":\"SearchAction\",\"target\":{\"@type\":\"EntryPoint\",\"urlTemplate\":\"https:\/\/www.crossequipamentos.com.br\/site\/?s={search_term_string}\"},\"query-input\":{\"@type\":\"PropertyValueSpecification\",\"valueRequired\":true,\"valueName\":\"search_term_string\"}}],\"inLanguage\":\"pt-BR\"},{\"@type\":\"Organization\",\"@id\":\"https:\/\/www.crossequipamentos.com.br\/site\/#organization\",\"name\":\"CrossSports Equipamentos\",\"url\":\"https:\/\/www.crossequipamentos.com.br\/site\/\",\"logo\":{\"@type\":\"ImageObject\",\"inLanguage\":\"pt-BR\",\"@id\":\"https:\/\/www.crossequipamentos.com.br\/site\/#\/schema\/logo\/image\/\",\"url\":\"https:\/\/www.crossequipamentos.com.br\/site\/wp-content\/uploads\/2019\/08\/logo_header_site.png\",\"contentUrl\":\"https:\/\/www.crossequipamentos.com.br\/site\/wp-content\/uploads\/2019\/08\/logo_header_site.png\",\"width\":350,\"height\":118,\"caption\":\"CrossSports Equipamentos\"},\"image\":{\"@id\":\"https:\/\/www.crossequipamentos.com.br\/site\/#\/schema\/logo\/image\/\"},\"sameAs\":[\"https:\/\/www.facebook.com\/crossequipamentos\/\",\"https:\/\/www.instagram.com\/crossequipamentos\/\"]}]}<\/script>\n<!-- \/ Yoast SEO plugin. -->","yoast_head_json":{"title":"Barra Ol\u00edmpica J\u00fanior | Barra Scale Cross Sports Equipamentos","description":"Barra Ol\u00edmpica J\u00fanior| A Barra Ol\u00edmpica perfeita para treinar t\u00e9cnica de levantamento de peso e para treinos de teens, kids ou at\u00e9 iniciantes que est\u00e3o aprendendo os levantamentos ol\u00edmpicos.","robots":{"index":"index","follow":"follow","max-snippet":"max-snippet:-1","max-image-preview":"max-image-preview:large","max-video-preview":"max-video-preview:-1"},"canonical":"https:\/\/www.crossequipamentos.com.br\/site\/produto\/barra-olimpica-10kg-junior\/","og_locale":"pt_BR","og_type":"article","og_title":"Barra Ol\u00edmpica J\u00fanior | Barra Scale Cross Sports Equipamentos","og_description":"Barra Ol\u00edmpica J\u00fanior| A Barra Ol\u00edmpica perfeita para treinar t\u00e9cnica de levantamento de peso e para treinos de teens, kids ou at\u00e9 iniciantes que est\u00e3o aprendendo os levantamentos ol\u00edmpicos.","og_url":"https:\/\/www.crossequipamentos.com.br\/site\/produto\/barra-olimpica-10kg-junior\/","og_site_name":"Cross Sports Equipamentos","article_publisher":"https:\/\/www.facebook.com\/crossequipamentos\/","article_modified_time":"2025-04-01T03:00:15+00:00","og_image":[{"width":1280,"height":1280,"url":"https:\/\/www.crossequipamentos.com.br\/site\/wp-content\/uploads\/2018\/11\/barra-tecnica-crossfit-10kg.jpeg","type":"image\/jpeg"}],"twitter_card":"summary_large_image","schema":{"@context":"https:\/\/schema.org","@graph":[{"@type":"WebPage","@id":"https:\/\/www.crossequipamentos.com.br\/site\/produto\/barra-olimpica-10kg-junior\/","url":"https:\/\/www.crossequipamentos.com.br\/site\/produto\/barra-olimpica-10kg-junior\/","name":"Barra Ol\u00edmpica J\u00fanior | Barra Scale Cross Sports Equipamentos","isPartOf":{"@id":"https:\/\/www.crossequipamentos.com.br\/site\/#website"},"primaryImageOfPage":{"@id":"https:\/\/www.crossequipamentos.com.br\/site\/produto\/barra-olimpica-10kg-junior\/#primaryimage"},"image":{"@id":"https:\/\/www.crossequipamentos.com.br\/site\/produto\/barra-olimpica-10kg-junior\/#primaryimage"},"thumbnailUrl":"https:\/\/www.crossequipamentos.com.br\/site\/wp-content\/uploads\/2018\/11\/barra-tecnica-crossfit-10kg.jpeg","datePublished":"2018-11-07T13:28:42+00:00","dateModified":"2025-04-01T03:00:15+00:00","description":"Barra Ol\u00edmpica J\u00fanior| A Barra Ol\u00edmpica perfeita para treinar t\u00e9cnica de levantamento de peso e para treinos de teens, kids ou at\u00e9 iniciantes que est\u00e3o aprendendo os levantamentos ol\u00edmpicos.","breadcrumb":{"@id":"https:\/\/www.crossequipamentos.com.br\/site\/produto\/barra-olimpica-10kg-junior\/#breadcrumb"},"inLanguage":"pt-BR","potentialAction":[{"@type":"ReadAction","target":["https:\/\/www.crossequipamentos.com.br\/site\/produto\/barra-olimpica-10kg-junior\/"]}]},{"@type":"ImageObject","inLanguage":"pt-BR","@id":"https:\/\/www.crossequipamentos.com.br\/site\/produto\/barra-olimpica-10kg-junior\/#primaryimage","url":"https:\/\/www.crossequipamentos.com.br\/site\/wp-content\/uploads\/2018\/11\/barra-tecnica-crossfit-10kg.jpeg","contentUrl":"https:\/\/www.crossequipamentos.com.br\/site\/wp-content\/uploads\/2018\/11\/barra-tecnica-crossfit-10kg.jpeg","width":1280,"height":1280,"caption":"barra tecnica junior"},{"@type":"BreadcrumbList","@id":"https:\/\/www.crossequipamentos.com.br\/site\/produto\/barra-olimpica-10kg-junior\/#breadcrumb","itemListElement":[{"@type":"ListItem","position":1,"name":"In\u00edcio","item":"https:\/\/www.crossequipamentos.com.br\/site\/"},{"@type":"ListItem","position":2,"name":"Shop","item":"https:\/\/www.crossequipamentos.com.br\/site\/shop\/"},{"@type":"ListItem","position":3,"name":"Barra Ol\u00edmpica J\u00fanior"}]},{"@type":"WebSite","@id":"https:\/\/www.crossequipamentos.com.br\/site\/#website","url":"https:\/\/www.crossequipamentos.com.br\/site\/","name":"Cross Sports Equipamentos","description":"[RE]Marque Seu Ritmo - Equipamentos de Crossfit &amp; Funcional. Enviamos para todo Brasil","publisher":{"@id":"https:\/\/www.crossequipamentos.com.br\/site\/#organization"},"potentialAction":[{"@type":"SearchAction","target":{"@type":"EntryPoint","urlTemplate":"https:\/\/www.crossequipamentos.com.br\/site\/?s={search_term_string}"},"query-input":{"@type":"PropertyValueSpecification","valueRequired":true,"valueName":"search_term_string"}}],"inLanguage":"pt-BR"},{"@type":"Organization","@id":"https:\/\/www.crossequipamentos.com.br\/site\/#organization","name":"CrossSports Equipamentos","url":"https:\/\/www.crossequipamentos.com.br\/site\/","logo":{"@type":"ImageObject","inLanguage":"pt-BR","@id":"https:\/\/www.crossequipamentos.com.br\/site\/#\/schema\/logo\/image\/","url":"https:\/\/www.crossequipamentos.com.br\/site\/wp-content\/uploads\/2019\/08\/logo_header_site.png","contentUrl":"https:\/\/www.crossequipamentos.com.br\/site\/wp-content\/uploads\/2019\/08\/logo_header_site.png","width":350,"height":118,"caption":"CrossSports Equipamentos"},"image":{"@id":"https:\/\/www.crossequipamentos.com.br\/site\/#\/schema\/logo\/image\/"},"sameAs":["https:\/\/www.facebook.com\/crossequipamentos\/","https:\/\/www.instagram.com\/crossequipamentos\/"]}]}},"_links":{"self":[{"href":"https:\/\/www.crossequipamentos.com.br\/site\/wp-json\/wp\/v2\/product\/1280","targetHints":{"allow":["GET"]}}],"collection":[{"href":"https:\/\/www.crossequipamentos.com.br\/site\/wp-json\/wp\/v2\/product"}],"about":[{"href":"https:\/\/www.crossequipamentos.com.br\/site\/wp-json\/wp\/v2\/types\/product"}],"replies":[{"embeddable":true,"href":"https:\/\/www.crossequipamentos.com.br\/site\/wp-json\/wp\/v2\/comments?post=1280"}],"wp:featuredmedia":[{"embeddable":true,"href":"https:\/\/www.crossequipamentos.com.br\/site\/wp-json\/wp\/v2\/media\/1282"}],"wp:attachment":[{"href":"https:\/\/www.crossequipamentos.com.br\/site\/wp-json\/wp\/v2\/media?parent=1280"}],"wp:term":[{"taxonomy":"product_brand","embeddable":true,"href":"https:\/\/www.crossequipamentos.com.br\/site\/wp-json\/wp\/v2\/product_brand?post=1280"},{"taxonomy":"product_cat","embeddable":true,"href":"https:\/\/www.crossequipamentos.com.br\/site\/wp-json\/wp\/v2\/product_cat?post=1280"},{"taxonomy":"product_tag","embeddable":true,"href":"https:\/\/www.crossequipamentos.com.br\/site\/wp-json\/wp\/v2\/product_tag?post=1280"}],"curies":[{"name":"wp","href":"https:\/\/api.w.org\/{rel}","templated":true}]}}