{"id":2747,"date":"2020-08-11T12:12:31","date_gmt":"2020-08-11T15:12:31","guid":{"rendered":"https:\/\/www.crossequipamentos.com.br\/site\/?post_type=product&#038;p=2747"},"modified":"2025-05-12T10:00:13","modified_gmt":"2025-05-12T13:00:13","slug":"rack-crossfit-rig-gaiola-funcional-275m","status":"publish","type":"product","link":"https:\/\/www.crossequipamentos.com.br\/site\/produto\/rack-crossfit-rig-gaiola-funcional-275m\/","title":{"rendered":"Rack CrossFit (RIG\/Gaiola Funcional) | 2,75m"},"content":{"rendered":"<p>IMAGEM ILUSTRATIVA<\/p>\n<p>Rack CrossFit (RIG\/Gaiola Funcional)<\/p>\n<p>Recomenda\u00e7\u00e3o: Para treino de CrossFit e Home Box<\/p>\n<p>*Op\u00e7\u00e3o 1:*<\/p>\n<p>Especifica\u00e7\u00f5es:<br \/>\n2 Pilares em coluna (2,75m altura)<br \/>\n1 Barra simples lateral (1,80m)<br \/>\n1 Barra simples frontal (1m)<br \/>\n1 Barra dupla lateral (1,80m)<br \/>\n2 suportes JCups<br \/>\n2 alvos para Medball<\/p>\n<p>&#8211; Cor: Preta;<br \/>\n&#8211; Produzido em tubo quadrado de a\u00e7o de alta qualidade em 50mm de espessura;<br \/>\n&#8211; Pintura Eletrost\u00e1tica a p\u00f3 anti-ferrugem;<br \/>\n&#8211; Fura\u00e7\u00f5es em toda a coluna, possibilitando desta forma diversos ajustes de altura;<br \/>\n&#8211; Acompanha parafusos para a fixa\u00e7\u00e3o;<br \/>\n&#8211; N\u00e3o incluso a instala\u00e7\u00e3o.<\/p>\n<p>Marca: Cross Sports Equipamentos<\/p>\n<p>IMAGEM MERAMENTE ILUSTRATIVA<\/p>\n","protected":false},"excerpt":{"rendered":"<p>IMAGEM ILUSTRATIVA Rack CrossFit (RIG\/Gaiola Funcional) Recomenda\u00e7\u00e3o: Para treino de CrossFit e Home Box *Op\u00e7\u00e3o 1:* Especifica\u00e7\u00f5es: 2 Pilares em coluna (2,75m altura) 1 Barra simples lateral (1,80m) 1 Barra simples frontal (1m) 1 Barra dupla lateral (1,80m) 2 suportes JCups 2 alvos para Medball &#8211; Cor: Preta; &#8211; Produzido em tubo quadrado de a\u00e7o [&hellip;]\n","protected":false},"featured_media":5927,"comment_status":"closed","ping_status":"closed","template":"","meta":[],"product_brand":[],"product_cat":[74],"product_tag":[],"class_list":{"0":"post-2747","1":"product","2":"type-product","3":"status-publish","4":"has-post-thumbnail","6":"product_cat-racks-e-pisos","8":"first","9":"onbackorder","10":"taxable","11":"shipping-taxable","12":"purchasable","13":"product-type-simple"},"yoast_head":"<!-- This site is optimized with the Yoast SEO plugin v27.2 - https:\/\/yoast.com\/product\/yoast-seo-wordpress\/ -->\n<title>Rack CrossFit (RIG\/Gaiola Funcional) | 2,75m | Cross Sports Equipamentos<\/title>\n<meta name=\"robots\" content=\"index, follow, max-snippet:-1, max-image-preview:large, max-video-preview:-1\" \/>\n<link rel=\"canonical\" href=\"https:\/\/www.crossequipamentos.com.br\/site\/produto\/rack-crossfit-rig-gaiola-funcional-275m\/\" \/>\n<meta property=\"og:locale\" content=\"pt_BR\" \/>\n<meta property=\"og:type\" content=\"article\" \/>\n<meta property=\"og:title\" content=\"Rack CrossFit (RIG\/Gaiola Funcional) | 2,75m | Cross Sports Equipamentos\" \/>\n<meta property=\"og:description\" content=\"IMAGEM ILUSTRATIVA Rack CrossFit (RIG\/Gaiola Funcional) Recomenda\u00e7\u00e3o: Para treino de CrossFit e Home Box *Op\u00e7\u00e3o 1:* Especifica\u00e7\u00f5es: 2 Pilares em coluna (2,75m altura) 1 Barra simples lateral (1,80m) 1 Barra simples frontal (1m) 1 Barra dupla lateral (1,80m) 2 suportes JCups 2 alvos para Medball &#8211; Cor: Preta; &#8211; Produzido em tubo quadrado de a\u00e7o [&hellip;]\" \/>\n<meta property=\"og:url\" content=\"https:\/\/www.crossequipamentos.com.br\/site\/produto\/rack-crossfit-rig-gaiola-funcional-275m\/\" \/>\n<meta property=\"og:site_name\" content=\"Cross Sports Equipamentos\" \/>\n<meta property=\"article:publisher\" content=\"https:\/\/www.facebook.com\/crossequipamentos\/\" \/>\n<meta property=\"article:modified_time\" content=\"2025-05-12T13:00:13+00:00\" \/>\n<meta property=\"og:image\" content=\"https:\/\/www.crossequipamentos.com.br\/site\/wp-content\/uploads\/2020\/08\/Rack-CRO55.jpeg\" \/>\n\t<meta property=\"og:image:width\" content=\"912\" \/>\n\t<meta property=\"og:image:height\" content=\"1600\" \/>\n\t<meta property=\"og:image:type\" content=\"image\/jpeg\" \/>\n<meta name=\"twitter:card\" content=\"summary_large_image\" \/>\n<meta name=\"twitter:label1\" content=\"Est. tempo de leitura\" \/>\n\t<meta name=\"twitter:data1\" content=\"1 minuto\" \/>\n<script type=\"application\/ld+json\" class=\"yoast-schema-graph\">{\"@context\":\"https:\/\/schema.org\",\"@graph\":[{\"@type\":\"WebPage\",\"@id\":\"https:\/\/www.crossequipamentos.com.br\/site\/produto\/rack-crossfit-rig-gaiola-funcional-275m\/\",\"url\":\"https:\/\/www.crossequipamentos.com.br\/site\/produto\/rack-crossfit-rig-gaiola-funcional-275m\/\",\"name\":\"Rack CrossFit (RIG\/Gaiola Funcional) | 2,75m | Cross Sports Equipamentos\",\"isPartOf\":{\"@id\":\"https:\/\/www.crossequipamentos.com.br\/site\/#website\"},\"primaryImageOfPage\":{\"@id\":\"https:\/\/www.crossequipamentos.com.br\/site\/produto\/rack-crossfit-rig-gaiola-funcional-275m\/#primaryimage\"},\"image\":{\"@id\":\"https:\/\/www.crossequipamentos.com.br\/site\/produto\/rack-crossfit-rig-gaiola-funcional-275m\/#primaryimage\"},\"thumbnailUrl\":\"https:\/\/www.crossequipamentos.com.br\/site\/wp-content\/uploads\/2020\/08\/Rack-CRO55.jpeg\",\"datePublished\":\"2020-08-11T15:12:31+00:00\",\"dateModified\":\"2025-05-12T13:00:13+00:00\",\"breadcrumb\":{\"@id\":\"https:\/\/www.crossequipamentos.com.br\/site\/produto\/rack-crossfit-rig-gaiola-funcional-275m\/#breadcrumb\"},\"inLanguage\":\"pt-BR\",\"potentialAction\":[{\"@type\":\"ReadAction\",\"target\":[\"https:\/\/www.crossequipamentos.com.br\/site\/produto\/rack-crossfit-rig-gaiola-funcional-275m\/\"]}]},{\"@type\":\"ImageObject\",\"inLanguage\":\"pt-BR\",\"@id\":\"https:\/\/www.crossequipamentos.com.br\/site\/produto\/rack-crossfit-rig-gaiola-funcional-275m\/#primaryimage\",\"url\":\"https:\/\/www.crossequipamentos.com.br\/site\/wp-content\/uploads\/2020\/08\/Rack-CRO55.jpeg\",\"contentUrl\":\"https:\/\/www.crossequipamentos.com.br\/site\/wp-content\/uploads\/2020\/08\/Rack-CRO55.jpeg\",\"width\":912,\"height\":1600},{\"@type\":\"BreadcrumbList\",\"@id\":\"https:\/\/www.crossequipamentos.com.br\/site\/produto\/rack-crossfit-rig-gaiola-funcional-275m\/#breadcrumb\",\"itemListElement\":[{\"@type\":\"ListItem\",\"position\":1,\"name\":\"In\u00edcio\",\"item\":\"https:\/\/www.crossequipamentos.com.br\/site\/\"},{\"@type\":\"ListItem\",\"position\":2,\"name\":\"Shop\",\"item\":\"https:\/\/www.crossequipamentos.com.br\/site\/shop\/\"},{\"@type\":\"ListItem\",\"position\":3,\"name\":\"Rack CrossFit (RIG\/Gaiola Funcional) | 2,75m\"}]},{\"@type\":\"WebSite\",\"@id\":\"https:\/\/www.crossequipamentos.com.br\/site\/#website\",\"url\":\"https:\/\/www.crossequipamentos.com.br\/site\/\",\"name\":\"Cross Sports Equipamentos\",\"description\":\"[RE]Marque Seu Ritmo - Equipamentos de Crossfit &amp; Funcional. Enviamos para todo Brasil\",\"publisher\":{\"@id\":\"https:\/\/www.crossequipamentos.com.br\/site\/#organization\"},\"potentialAction\":[{\"@type\":\"SearchAction\",\"target\":{\"@type\":\"EntryPoint\",\"urlTemplate\":\"https:\/\/www.crossequipamentos.com.br\/site\/?s={search_term_string}\"},\"query-input\":{\"@type\":\"PropertyValueSpecification\",\"valueRequired\":true,\"valueName\":\"search_term_string\"}}],\"inLanguage\":\"pt-BR\"},{\"@type\":\"Organization\",\"@id\":\"https:\/\/www.crossequipamentos.com.br\/site\/#organization\",\"name\":\"CrossSports Equipamentos\",\"url\":\"https:\/\/www.crossequipamentos.com.br\/site\/\",\"logo\":{\"@type\":\"ImageObject\",\"inLanguage\":\"pt-BR\",\"@id\":\"https:\/\/www.crossequipamentos.com.br\/site\/#\/schema\/logo\/image\/\",\"url\":\"https:\/\/www.crossequipamentos.com.br\/site\/wp-content\/uploads\/2019\/08\/logo_header_site.png\",\"contentUrl\":\"https:\/\/www.crossequipamentos.com.br\/site\/wp-content\/uploads\/2019\/08\/logo_header_site.png\",\"width\":350,\"height\":118,\"caption\":\"CrossSports Equipamentos\"},\"image\":{\"@id\":\"https:\/\/www.crossequipamentos.com.br\/site\/#\/schema\/logo\/image\/\"},\"sameAs\":[\"https:\/\/www.facebook.com\/crossequipamentos\/\",\"https:\/\/www.instagram.com\/crossequipamentos\/\"]}]}<\/script>\n<!-- \/ Yoast SEO plugin. -->","yoast_head_json":{"title":"Rack CrossFit (RIG\/Gaiola Funcional) | 2,75m | Cross Sports Equipamentos","robots":{"index":"index","follow":"follow","max-snippet":"max-snippet:-1","max-image-preview":"max-image-preview:large","max-video-preview":"max-video-preview:-1"},"canonical":"https:\/\/www.crossequipamentos.com.br\/site\/produto\/rack-crossfit-rig-gaiola-funcional-275m\/","og_locale":"pt_BR","og_type":"article","og_title":"Rack CrossFit (RIG\/Gaiola Funcional) | 2,75m | Cross Sports Equipamentos","og_description":"IMAGEM ILUSTRATIVA Rack CrossFit (RIG\/Gaiola Funcional) Recomenda\u00e7\u00e3o: Para treino de CrossFit e Home Box *Op\u00e7\u00e3o 1:* Especifica\u00e7\u00f5es: 2 Pilares em coluna (2,75m altura) 1 Barra simples lateral (1,80m) 1 Barra simples frontal (1m) 1 Barra dupla lateral (1,80m) 2 suportes JCups 2 alvos para Medball &#8211; Cor: Preta; &#8211; Produzido em tubo quadrado de a\u00e7o [&hellip;]","og_url":"https:\/\/www.crossequipamentos.com.br\/site\/produto\/rack-crossfit-rig-gaiola-funcional-275m\/","og_site_name":"Cross Sports Equipamentos","article_publisher":"https:\/\/www.facebook.com\/crossequipamentos\/","article_modified_time":"2025-05-12T13:00:13+00:00","og_image":[{"width":912,"height":1600,"url":"https:\/\/www.crossequipamentos.com.br\/site\/wp-content\/uploads\/2020\/08\/Rack-CRO55.jpeg","type":"image\/jpeg"}],"twitter_card":"summary_large_image","twitter_misc":{"Est. tempo de leitura":"1 minuto"},"schema":{"@context":"https:\/\/schema.org","@graph":[{"@type":"WebPage","@id":"https:\/\/www.crossequipamentos.com.br\/site\/produto\/rack-crossfit-rig-gaiola-funcional-275m\/","url":"https:\/\/www.crossequipamentos.com.br\/site\/produto\/rack-crossfit-rig-gaiola-funcional-275m\/","name":"Rack CrossFit (RIG\/Gaiola Funcional) | 2,75m | Cross Sports Equipamentos","isPartOf":{"@id":"https:\/\/www.crossequipamentos.com.br\/site\/#website"},"primaryImageOfPage":{"@id":"https:\/\/www.crossequipamentos.com.br\/site\/produto\/rack-crossfit-rig-gaiola-funcional-275m\/#primaryimage"},"image":{"@id":"https:\/\/www.crossequipamentos.com.br\/site\/produto\/rack-crossfit-rig-gaiola-funcional-275m\/#primaryimage"},"thumbnailUrl":"https:\/\/www.crossequipamentos.com.br\/site\/wp-content\/uploads\/2020\/08\/Rack-CRO55.jpeg","datePublished":"2020-08-11T15:12:31+00:00","dateModified":"2025-05-12T13:00:13+00:00","breadcrumb":{"@id":"https:\/\/www.crossequipamentos.com.br\/site\/produto\/rack-crossfit-rig-gaiola-funcional-275m\/#breadcrumb"},"inLanguage":"pt-BR","potentialAction":[{"@type":"ReadAction","target":["https:\/\/www.crossequipamentos.com.br\/site\/produto\/rack-crossfit-rig-gaiola-funcional-275m\/"]}]},{"@type":"ImageObject","inLanguage":"pt-BR","@id":"https:\/\/www.crossequipamentos.com.br\/site\/produto\/rack-crossfit-rig-gaiola-funcional-275m\/#primaryimage","url":"https:\/\/www.crossequipamentos.com.br\/site\/wp-content\/uploads\/2020\/08\/Rack-CRO55.jpeg","contentUrl":"https:\/\/www.crossequipamentos.com.br\/site\/wp-content\/uploads\/2020\/08\/Rack-CRO55.jpeg","width":912,"height":1600},{"@type":"BreadcrumbList","@id":"https:\/\/www.crossequipamentos.com.br\/site\/produto\/rack-crossfit-rig-gaiola-funcional-275m\/#breadcrumb","itemListElement":[{"@type":"ListItem","position":1,"name":"In\u00edcio","item":"https:\/\/www.crossequipamentos.com.br\/site\/"},{"@type":"ListItem","position":2,"name":"Shop","item":"https:\/\/www.crossequipamentos.com.br\/site\/shop\/"},{"@type":"ListItem","position":3,"name":"Rack CrossFit (RIG\/Gaiola Funcional) | 2,75m"}]},{"@type":"WebSite","@id":"https:\/\/www.crossequipamentos.com.br\/site\/#website","url":"https:\/\/www.crossequipamentos.com.br\/site\/","name":"Cross Sports Equipamentos","description":"[RE]Marque Seu Ritmo - Equipamentos de Crossfit &amp; Funcional. Enviamos para todo Brasil","publisher":{"@id":"https:\/\/www.crossequipamentos.com.br\/site\/#organization"},"potentialAction":[{"@type":"SearchAction","target":{"@type":"EntryPoint","urlTemplate":"https:\/\/www.crossequipamentos.com.br\/site\/?s={search_term_string}"},"query-input":{"@type":"PropertyValueSpecification","valueRequired":true,"valueName":"search_term_string"}}],"inLanguage":"pt-BR"},{"@type":"Organization","@id":"https:\/\/www.crossequipamentos.com.br\/site\/#organization","name":"CrossSports Equipamentos","url":"https:\/\/www.crossequipamentos.com.br\/site\/","logo":{"@type":"ImageObject","inLanguage":"pt-BR","@id":"https:\/\/www.crossequipamentos.com.br\/site\/#\/schema\/logo\/image\/","url":"https:\/\/www.crossequipamentos.com.br\/site\/wp-content\/uploads\/2019\/08\/logo_header_site.png","contentUrl":"https:\/\/www.crossequipamentos.com.br\/site\/wp-content\/uploads\/2019\/08\/logo_header_site.png","width":350,"height":118,"caption":"CrossSports Equipamentos"},"image":{"@id":"https:\/\/www.crossequipamentos.com.br\/site\/#\/schema\/logo\/image\/"},"sameAs":["https:\/\/www.facebook.com\/crossequipamentos\/","https:\/\/www.instagram.com\/crossequipamentos\/"]}]}},"_links":{"self":[{"href":"https:\/\/www.crossequipamentos.com.br\/site\/wp-json\/wp\/v2\/product\/2747","targetHints":{"allow":["GET"]}}],"collection":[{"href":"https:\/\/www.crossequipamentos.com.br\/site\/wp-json\/wp\/v2\/product"}],"about":[{"href":"https:\/\/www.crossequipamentos.com.br\/site\/wp-json\/wp\/v2\/types\/product"}],"replies":[{"embeddable":true,"href":"https:\/\/www.crossequipamentos.com.br\/site\/wp-json\/wp\/v2\/comments?post=2747"}],"wp:featuredmedia":[{"embeddable":true,"href":"https:\/\/www.crossequipamentos.com.br\/site\/wp-json\/wp\/v2\/media\/5927"}],"wp:attachment":[{"href":"https:\/\/www.crossequipamentos.com.br\/site\/wp-json\/wp\/v2\/media?parent=2747"}],"wp:term":[{"taxonomy":"product_brand","embeddable":true,"href":"https:\/\/www.crossequipamentos.com.br\/site\/wp-json\/wp\/v2\/product_brand?post=2747"},{"taxonomy":"product_cat","embeddable":true,"href":"https:\/\/www.crossequipamentos.com.br\/site\/wp-json\/wp\/v2\/product_cat?post=2747"},{"taxonomy":"product_tag","embeddable":true,"href":"https:\/\/www.crossequipamentos.com.br\/site\/wp-json\/wp\/v2\/product_tag?post=2747"}],"curies":[{"name":"wp","href":"https:\/\/api.w.org\/{rel}","templated":true}]}}