{"id":4115,"date":"2022-01-13T11:56:40","date_gmt":"2022-01-13T14:56:40","guid":{"rendered":"https:\/\/www.crossequipamentos.com.br\/site\/?post_type=product&#038;p=4115"},"modified":"2026-04-16T10:09:47","modified_gmt":"2026-04-16T13:09:47","slug":"skierg-cro55-com-plataforma-antiderrapante","status":"publish","type":"product","link":"https:\/\/www.crossequipamentos.com.br\/site\/produto\/skierg-cro55-com-plataforma-antiderrapante\/","title":{"rendered":"Skierg Cro55 com plataforma antiderrapante"},"content":{"rendered":"<p>O Skierg Cro55 \u00e9 um erg\u00f4metro profissional de alta performance ideal para box de CrossFit, treinamento funcional e academias.<\/p>\n<p>\u2022 Sistema de resist\u00eancia a ar, n\u00e3o necessita ligar a rede de energia<br \/>\n\u2022 Possui 10 n\u00edveis de resist\u00eancia ajust\u00e1veis no ventilador<br \/>\n\u2022 Tra\u00e7\u00e3o por cordas de Nylon de alta resist\u00eancia<br \/>\n\u2022 Manoplas ergon\u00f4micas para todos os tamanhos de m\u00e3os<br \/>\n\u2022 Acompanha plataforma antiderrapante e rodinhas para transporte.<br \/>\n\u2022 Possui painel digital (pilhas n\u00e3o inclusas)<\/p>\n<p>GARANTIA: 5 anos carca\u00e7a e 2 anos partes e pe\u00e7as<\/p>\n<p>Dimens\u00f5es:<br \/>\nMontado: 60 cm x 130 cm x 215 cm<\/p>\n<p>*Utiliza 02 pilhas grandes, modelo D (pilhas n\u00e3o inclusas)<\/p>\n","protected":false},"excerpt":{"rendered":"<p>O Skierg Cro55 \u00e9 um erg\u00f4metro profissional de alta performance ideal para box de CrossFit, treinamento funcional e academias. \u2022 Sistema de resist\u00eancia a ar, n\u00e3o necessita ligar a rede de energia \u2022 Possui 10 n\u00edveis de resist\u00eancia ajust\u00e1veis no ventilador \u2022 Tra\u00e7\u00e3o por cordas de Nylon de alta resist\u00eancia \u2022 Manoplas ergon\u00f4micas para todos [&hellip;]\n","protected":false},"featured_media":6052,"comment_status":"closed","ping_status":"closed","template":"","meta":[],"product_brand":[],"product_cat":[284,253],"product_tag":[],"class_list":{"0":"post-4115","1":"product","2":"type-product","3":"status-publish","4":"has-post-thumbnail","6":"product_cat-skierg","7":"product_cat-remo","9":"first","10":"instock","11":"taxable","12":"shipping-taxable","13":"purchasable","14":"product-type-simple"},"yoast_head":"<!-- This site is optimized with the Yoast SEO plugin v27.2 - https:\/\/yoast.com\/product\/yoast-seo-wordpress\/ -->\n<title>Skierg Cro55 com plataforma antiderrapante | Cross Sports Equipamentos<\/title>\n<meta name=\"robots\" content=\"index, follow, max-snippet:-1, max-image-preview:large, max-video-preview:-1\" \/>\n<link rel=\"canonical\" href=\"https:\/\/www.crossequipamentos.com.br\/site\/produto\/skierg-cro55-com-plataforma-antiderrapante\/\" \/>\n<meta property=\"og:locale\" content=\"pt_BR\" \/>\n<meta property=\"og:type\" content=\"article\" \/>\n<meta property=\"og:title\" content=\"Skierg Cro55 com plataforma antiderrapante | Cross Sports Equipamentos\" \/>\n<meta property=\"og:description\" content=\"O Skierg Cro55 \u00e9 um erg\u00f4metro profissional de alta performance ideal para box de CrossFit, treinamento funcional e academias. \u2022 Sistema de resist\u00eancia a ar, n\u00e3o necessita ligar a rede de energia \u2022 Possui 10 n\u00edveis de resist\u00eancia ajust\u00e1veis no ventilador \u2022 Tra\u00e7\u00e3o por cordas de Nylon de alta resist\u00eancia \u2022 Manoplas ergon\u00f4micas para todos [&hellip;]\" \/>\n<meta property=\"og:url\" content=\"https:\/\/www.crossequipamentos.com.br\/site\/produto\/skierg-cro55-com-plataforma-antiderrapante\/\" \/>\n<meta property=\"og:site_name\" content=\"Cross Sports Equipamentos\" \/>\n<meta property=\"article:publisher\" content=\"https:\/\/www.facebook.com\/crossequipamentos\/\" \/>\n<meta property=\"article:modified_time\" content=\"2026-04-16T13:09:47+00:00\" \/>\n<meta property=\"og:image\" content=\"https:\/\/www.crossequipamentos.com.br\/site\/wp-content\/uploads\/2022\/01\/skierg-cro55-sports-equipamentos-2.jpg\" \/>\n\t<meta property=\"og:image:width\" content=\"1080\" \/>\n\t<meta property=\"og:image:height\" content=\"1080\" \/>\n\t<meta property=\"og:image:type\" content=\"image\/jpeg\" \/>\n<meta name=\"twitter:card\" content=\"summary_large_image\" \/>\n<meta name=\"twitter:label1\" content=\"Est. tempo de leitura\" \/>\n\t<meta name=\"twitter:data1\" content=\"1 minuto\" \/>\n<script type=\"application\/ld+json\" class=\"yoast-schema-graph\">{\"@context\":\"https:\/\/schema.org\",\"@graph\":[{\"@type\":\"WebPage\",\"@id\":\"https:\/\/www.crossequipamentos.com.br\/site\/produto\/skierg-cro55-com-plataforma-antiderrapante\/\",\"url\":\"https:\/\/www.crossequipamentos.com.br\/site\/produto\/skierg-cro55-com-plataforma-antiderrapante\/\",\"name\":\"Skierg Cro55 com plataforma antiderrapante | Cross Sports Equipamentos\",\"isPartOf\":{\"@id\":\"https:\/\/www.crossequipamentos.com.br\/site\/#website\"},\"primaryImageOfPage\":{\"@id\":\"https:\/\/www.crossequipamentos.com.br\/site\/produto\/skierg-cro55-com-plataforma-antiderrapante\/#primaryimage\"},\"image\":{\"@id\":\"https:\/\/www.crossequipamentos.com.br\/site\/produto\/skierg-cro55-com-plataforma-antiderrapante\/#primaryimage\"},\"thumbnailUrl\":\"https:\/\/www.crossequipamentos.com.br\/site\/wp-content\/uploads\/2022\/01\/skierg-cro55-sports-equipamentos-2.jpg\",\"datePublished\":\"2022-01-13T14:56:40+00:00\",\"dateModified\":\"2026-04-16T13:09:47+00:00\",\"breadcrumb\":{\"@id\":\"https:\/\/www.crossequipamentos.com.br\/site\/produto\/skierg-cro55-com-plataforma-antiderrapante\/#breadcrumb\"},\"inLanguage\":\"pt-BR\",\"potentialAction\":[{\"@type\":\"ReadAction\",\"target\":[\"https:\/\/www.crossequipamentos.com.br\/site\/produto\/skierg-cro55-com-plataforma-antiderrapante\/\"]}]},{\"@type\":\"ImageObject\",\"inLanguage\":\"pt-BR\",\"@id\":\"https:\/\/www.crossequipamentos.com.br\/site\/produto\/skierg-cro55-com-plataforma-antiderrapante\/#primaryimage\",\"url\":\"https:\/\/www.crossequipamentos.com.br\/site\/wp-content\/uploads\/2022\/01\/skierg-cro55-sports-equipamentos-2.jpg\",\"contentUrl\":\"https:\/\/www.crossequipamentos.com.br\/site\/wp-content\/uploads\/2022\/01\/skierg-cro55-sports-equipamentos-2.jpg\",\"width\":1080,\"height\":1080},{\"@type\":\"BreadcrumbList\",\"@id\":\"https:\/\/www.crossequipamentos.com.br\/site\/produto\/skierg-cro55-com-plataforma-antiderrapante\/#breadcrumb\",\"itemListElement\":[{\"@type\":\"ListItem\",\"position\":1,\"name\":\"In\u00edcio\",\"item\":\"https:\/\/www.crossequipamentos.com.br\/site\/\"},{\"@type\":\"ListItem\",\"position\":2,\"name\":\"Shop\",\"item\":\"https:\/\/www.crossequipamentos.com.br\/site\/shop\/\"},{\"@type\":\"ListItem\",\"position\":3,\"name\":\"Skierg Cro55 com plataforma antiderrapante\"}]},{\"@type\":\"WebSite\",\"@id\":\"https:\/\/www.crossequipamentos.com.br\/site\/#website\",\"url\":\"https:\/\/www.crossequipamentos.com.br\/site\/\",\"name\":\"Cross Sports Equipamentos\",\"description\":\"[RE]Marque Seu Ritmo - Equipamentos de Crossfit &amp; Funcional. Enviamos para todo Brasil\",\"publisher\":{\"@id\":\"https:\/\/www.crossequipamentos.com.br\/site\/#organization\"},\"potentialAction\":[{\"@type\":\"SearchAction\",\"target\":{\"@type\":\"EntryPoint\",\"urlTemplate\":\"https:\/\/www.crossequipamentos.com.br\/site\/?s={search_term_string}\"},\"query-input\":{\"@type\":\"PropertyValueSpecification\",\"valueRequired\":true,\"valueName\":\"search_term_string\"}}],\"inLanguage\":\"pt-BR\"},{\"@type\":\"Organization\",\"@id\":\"https:\/\/www.crossequipamentos.com.br\/site\/#organization\",\"name\":\"CrossSports Equipamentos\",\"url\":\"https:\/\/www.crossequipamentos.com.br\/site\/\",\"logo\":{\"@type\":\"ImageObject\",\"inLanguage\":\"pt-BR\",\"@id\":\"https:\/\/www.crossequipamentos.com.br\/site\/#\/schema\/logo\/image\/\",\"url\":\"https:\/\/www.crossequipamentos.com.br\/site\/wp-content\/uploads\/2019\/08\/logo_header_site.png\",\"contentUrl\":\"https:\/\/www.crossequipamentos.com.br\/site\/wp-content\/uploads\/2019\/08\/logo_header_site.png\",\"width\":350,\"height\":118,\"caption\":\"CrossSports Equipamentos\"},\"image\":{\"@id\":\"https:\/\/www.crossequipamentos.com.br\/site\/#\/schema\/logo\/image\/\"},\"sameAs\":[\"https:\/\/www.facebook.com\/crossequipamentos\/\",\"https:\/\/www.instagram.com\/crossequipamentos\/\"]}]}<\/script>\n<!-- \/ Yoast SEO plugin. -->","yoast_head_json":{"title":"Skierg Cro55 com plataforma antiderrapante | Cross Sports Equipamentos","robots":{"index":"index","follow":"follow","max-snippet":"max-snippet:-1","max-image-preview":"max-image-preview:large","max-video-preview":"max-video-preview:-1"},"canonical":"https:\/\/www.crossequipamentos.com.br\/site\/produto\/skierg-cro55-com-plataforma-antiderrapante\/","og_locale":"pt_BR","og_type":"article","og_title":"Skierg Cro55 com plataforma antiderrapante | Cross Sports Equipamentos","og_description":"O Skierg Cro55 \u00e9 um erg\u00f4metro profissional de alta performance ideal para box de CrossFit, treinamento funcional e academias. \u2022 Sistema de resist\u00eancia a ar, n\u00e3o necessita ligar a rede de energia \u2022 Possui 10 n\u00edveis de resist\u00eancia ajust\u00e1veis no ventilador \u2022 Tra\u00e7\u00e3o por cordas de Nylon de alta resist\u00eancia \u2022 Manoplas ergon\u00f4micas para todos [&hellip;]","og_url":"https:\/\/www.crossequipamentos.com.br\/site\/produto\/skierg-cro55-com-plataforma-antiderrapante\/","og_site_name":"Cross Sports Equipamentos","article_publisher":"https:\/\/www.facebook.com\/crossequipamentos\/","article_modified_time":"2026-04-16T13:09:47+00:00","og_image":[{"width":1080,"height":1080,"url":"https:\/\/www.crossequipamentos.com.br\/site\/wp-content\/uploads\/2022\/01\/skierg-cro55-sports-equipamentos-2.jpg","type":"image\/jpeg"}],"twitter_card":"summary_large_image","twitter_misc":{"Est. tempo de leitura":"1 minuto"},"schema":{"@context":"https:\/\/schema.org","@graph":[{"@type":"WebPage","@id":"https:\/\/www.crossequipamentos.com.br\/site\/produto\/skierg-cro55-com-plataforma-antiderrapante\/","url":"https:\/\/www.crossequipamentos.com.br\/site\/produto\/skierg-cro55-com-plataforma-antiderrapante\/","name":"Skierg Cro55 com plataforma antiderrapante | Cross Sports Equipamentos","isPartOf":{"@id":"https:\/\/www.crossequipamentos.com.br\/site\/#website"},"primaryImageOfPage":{"@id":"https:\/\/www.crossequipamentos.com.br\/site\/produto\/skierg-cro55-com-plataforma-antiderrapante\/#primaryimage"},"image":{"@id":"https:\/\/www.crossequipamentos.com.br\/site\/produto\/skierg-cro55-com-plataforma-antiderrapante\/#primaryimage"},"thumbnailUrl":"https:\/\/www.crossequipamentos.com.br\/site\/wp-content\/uploads\/2022\/01\/skierg-cro55-sports-equipamentos-2.jpg","datePublished":"2022-01-13T14:56:40+00:00","dateModified":"2026-04-16T13:09:47+00:00","breadcrumb":{"@id":"https:\/\/www.crossequipamentos.com.br\/site\/produto\/skierg-cro55-com-plataforma-antiderrapante\/#breadcrumb"},"inLanguage":"pt-BR","potentialAction":[{"@type":"ReadAction","target":["https:\/\/www.crossequipamentos.com.br\/site\/produto\/skierg-cro55-com-plataforma-antiderrapante\/"]}]},{"@type":"ImageObject","inLanguage":"pt-BR","@id":"https:\/\/www.crossequipamentos.com.br\/site\/produto\/skierg-cro55-com-plataforma-antiderrapante\/#primaryimage","url":"https:\/\/www.crossequipamentos.com.br\/site\/wp-content\/uploads\/2022\/01\/skierg-cro55-sports-equipamentos-2.jpg","contentUrl":"https:\/\/www.crossequipamentos.com.br\/site\/wp-content\/uploads\/2022\/01\/skierg-cro55-sports-equipamentos-2.jpg","width":1080,"height":1080},{"@type":"BreadcrumbList","@id":"https:\/\/www.crossequipamentos.com.br\/site\/produto\/skierg-cro55-com-plataforma-antiderrapante\/#breadcrumb","itemListElement":[{"@type":"ListItem","position":1,"name":"In\u00edcio","item":"https:\/\/www.crossequipamentos.com.br\/site\/"},{"@type":"ListItem","position":2,"name":"Shop","item":"https:\/\/www.crossequipamentos.com.br\/site\/shop\/"},{"@type":"ListItem","position":3,"name":"Skierg Cro55 com plataforma antiderrapante"}]},{"@type":"WebSite","@id":"https:\/\/www.crossequipamentos.com.br\/site\/#website","url":"https:\/\/www.crossequipamentos.com.br\/site\/","name":"Cross Sports Equipamentos","description":"[RE]Marque Seu Ritmo - Equipamentos de Crossfit &amp; Funcional. Enviamos para todo Brasil","publisher":{"@id":"https:\/\/www.crossequipamentos.com.br\/site\/#organization"},"potentialAction":[{"@type":"SearchAction","target":{"@type":"EntryPoint","urlTemplate":"https:\/\/www.crossequipamentos.com.br\/site\/?s={search_term_string}"},"query-input":{"@type":"PropertyValueSpecification","valueRequired":true,"valueName":"search_term_string"}}],"inLanguage":"pt-BR"},{"@type":"Organization","@id":"https:\/\/www.crossequipamentos.com.br\/site\/#organization","name":"CrossSports Equipamentos","url":"https:\/\/www.crossequipamentos.com.br\/site\/","logo":{"@type":"ImageObject","inLanguage":"pt-BR","@id":"https:\/\/www.crossequipamentos.com.br\/site\/#\/schema\/logo\/image\/","url":"https:\/\/www.crossequipamentos.com.br\/site\/wp-content\/uploads\/2019\/08\/logo_header_site.png","contentUrl":"https:\/\/www.crossequipamentos.com.br\/site\/wp-content\/uploads\/2019\/08\/logo_header_site.png","width":350,"height":118,"caption":"CrossSports Equipamentos"},"image":{"@id":"https:\/\/www.crossequipamentos.com.br\/site\/#\/schema\/logo\/image\/"},"sameAs":["https:\/\/www.facebook.com\/crossequipamentos\/","https:\/\/www.instagram.com\/crossequipamentos\/"]}]}},"_links":{"self":[{"href":"https:\/\/www.crossequipamentos.com.br\/site\/wp-json\/wp\/v2\/product\/4115","targetHints":{"allow":["GET"]}}],"collection":[{"href":"https:\/\/www.crossequipamentos.com.br\/site\/wp-json\/wp\/v2\/product"}],"about":[{"href":"https:\/\/www.crossequipamentos.com.br\/site\/wp-json\/wp\/v2\/types\/product"}],"replies":[{"embeddable":true,"href":"https:\/\/www.crossequipamentos.com.br\/site\/wp-json\/wp\/v2\/comments?post=4115"}],"wp:featuredmedia":[{"embeddable":true,"href":"https:\/\/www.crossequipamentos.com.br\/site\/wp-json\/wp\/v2\/media\/6052"}],"wp:attachment":[{"href":"https:\/\/www.crossequipamentos.com.br\/site\/wp-json\/wp\/v2\/media?parent=4115"}],"wp:term":[{"taxonomy":"product_brand","embeddable":true,"href":"https:\/\/www.crossequipamentos.com.br\/site\/wp-json\/wp\/v2\/product_brand?post=4115"},{"taxonomy":"product_cat","embeddable":true,"href":"https:\/\/www.crossequipamentos.com.br\/site\/wp-json\/wp\/v2\/product_cat?post=4115"},{"taxonomy":"product_tag","embeddable":true,"href":"https:\/\/www.crossequipamentos.com.br\/site\/wp-json\/wp\/v2\/product_tag?post=4115"}],"curies":[{"name":"wp","href":"https:\/\/api.w.org\/{rel}","templated":true}]}}