{"id":4934,"date":"2023-09-14T09:59:54","date_gmt":"2023-09-14T12:59:54","guid":{"rendered":"https:\/\/www.crossequipamentos.com.br\/site\/?post_type=product&#038;p=4934"},"modified":"2026-01-14T10:53:21","modified_gmt":"2026-01-14T13:53:21","slug":"corda-speed-rope-rx","status":"publish","type":"product","link":"https:\/\/www.crossequipamentos.com.br\/site\/produto\/corda-speed-rope-rx\/","title":{"rendered":"Corda Speed Rope RX"},"content":{"rendered":"<p>A <strong>Corda Speed Rope RX da CRO55<\/strong> \u00e9 a escolha definitiva para atletas de elite. Seu sistema de rolamento de eixo girat\u00f3rio multidirecional industrial proporciona rota\u00e7\u00e3o quase sem fric\u00e7\u00e3o, adequando-se a diferentes velocidades. As manoplas ergon\u00f4micas de 14cm reduzem a fadiga nos antebra\u00e7os e ombros, enquanto os pontos de aperto do cabo garantem precis\u00e3o na pegada. Com 3 metros de corda, ajust\u00e1vel, \u00e9 o equipamento perfeito para elevar seu desempenho nos treinos.<\/p>\n<p><strong>Sistema de ajuste que voc\u00ea pode trocar os cabos.<\/strong><br \/>\n<strong>Aten\u00e7\u00e3o:<\/strong> quando for trocar o cabo, tenha uma chave para apertar bem o parafuso n\u00e3o soltar.<\/p>\n<p>&nbsp;<\/p>\n<p><strong>Informa\u00e7\u00f5es adicionais:<\/strong><\/p>\n<p>Manoplas anti suor, anat\u00f4micas e revestidas<br \/>\nSistema de giro eficiente<br \/>\nCabo ajust\u00e1vel<br \/>\nAcompanha 2 op\u00e7\u00f5es de cabo : 1 ideal para giro r\u00e1pido (double unders ) e o outro mais grosso para crossovers<\/p>\n<p>As cores dos cabos s\u00e3o sortidas. Voce pode escolher apens a cor da manopla em PRETO ou VERMELHO.<\/p>\n<p>&nbsp;<\/p>\n<p>&nbsp;<\/p>\n<p><strong>Incluso:<\/strong><br \/>\n2 manoplas<br \/>\n2 cabos ( COR SORTIDA)<br \/>\n1 bag<\/p>\n<p>&nbsp;<\/p>\n<p>&nbsp;<\/p>\n","protected":false},"excerpt":{"rendered":"<p>A Corda Speed Rope RX da CRO55 \u00e9 a escolha definitiva para atletas de elite. Seu sistema de rolamento de eixo girat\u00f3rio multidirecional industrial proporciona rota\u00e7\u00e3o quase sem fric\u00e7\u00e3o, adequando-se a diferentes velocidades. As manoplas ergon\u00f4micas de 14cm reduzem a fadiga nos antebra\u00e7os e ombros, enquanto os pontos de aperto do cabo garantem precis\u00e3o na [&hellip;]\n","protected":false},"featured_media":4940,"comment_status":"closed","ping_status":"closed","template":"","meta":[],"product_brand":[],"product_cat":[295,73,72],"product_tag":[101],"class_list":{"0":"post-4934","1":"product","2":"type-product","3":"status-publish","4":"has-post-thumbnail","6":"product_cat-corda-speed-rope","7":"product_cat-acessorios","8":"product_cat-condicionamento","9":"product_tag-corda-speed-rope","11":"first","12":"instock","13":"taxable","14":"shipping-taxable","15":"purchasable","16":"product-type-variable"},"yoast_head":"<!-- This site is optimized with the Yoast SEO plugin v27.2 - https:\/\/yoast.com\/product\/yoast-seo-wordpress\/ -->\n<title>Corda Speed Rope RX | Cross Sports Equipamentos<\/title>\n<meta name=\"description\" content=\"Joelheira ideal para o seu WOD de CrossFit ou Treino Funcional.\" \/>\n<meta name=\"robots\" content=\"index, follow, max-snippet:-1, max-image-preview:large, max-video-preview:-1\" \/>\n<link rel=\"canonical\" href=\"https:\/\/www.crossequipamentos.com.br\/site\/produto\/corda-speed-rope-rx\/\" \/>\n<meta property=\"og:locale\" content=\"pt_BR\" \/>\n<meta property=\"og:type\" content=\"article\" \/>\n<meta property=\"og:title\" content=\"Corda Speed Rope RX | Cross Sports Equipamentos\" \/>\n<meta property=\"og:description\" content=\"Joelheira ideal para o seu WOD de CrossFit ou Treino Funcional.\" \/>\n<meta property=\"og:url\" content=\"https:\/\/www.crossequipamentos.com.br\/site\/produto\/corda-speed-rope-rx\/\" \/>\n<meta property=\"og:site_name\" content=\"Cross Sports Equipamentos\" \/>\n<meta property=\"article:publisher\" content=\"https:\/\/www.facebook.com\/crossequipamentos\/\" \/>\n<meta property=\"article:modified_time\" content=\"2026-01-14T13:53:21+00:00\" \/>\n<meta property=\"og:image\" content=\"https:\/\/www.crossequipamentos.com.br\/site\/wp-content\/uploads\/2023\/09\/corda-speed-rope-elite-4.png\" \/>\n\t<meta property=\"og:image:width\" content=\"1080\" \/>\n\t<meta property=\"og:image:height\" content=\"1080\" \/>\n\t<meta property=\"og:image:type\" content=\"image\/png\" \/>\n<meta name=\"twitter:card\" content=\"summary_large_image\" \/>\n<meta name=\"twitter:label1\" content=\"Est. tempo de leitura\" \/>\n\t<meta name=\"twitter:data1\" content=\"1 minuto\" \/>\n<script type=\"application\/ld+json\" class=\"yoast-schema-graph\">{\"@context\":\"https:\/\/schema.org\",\"@graph\":[{\"@type\":\"WebPage\",\"@id\":\"https:\/\/www.crossequipamentos.com.br\/site\/produto\/corda-speed-rope-rx\/\",\"url\":\"https:\/\/www.crossequipamentos.com.br\/site\/produto\/corda-speed-rope-rx\/\",\"name\":\"Corda Speed Rope RX | Cross Sports Equipamentos\",\"isPartOf\":{\"@id\":\"https:\/\/www.crossequipamentos.com.br\/site\/#website\"},\"primaryImageOfPage\":{\"@id\":\"https:\/\/www.crossequipamentos.com.br\/site\/produto\/corda-speed-rope-rx\/#primaryimage\"},\"image\":{\"@id\":\"https:\/\/www.crossequipamentos.com.br\/site\/produto\/corda-speed-rope-rx\/#primaryimage\"},\"thumbnailUrl\":\"https:\/\/www.crossequipamentos.com.br\/site\/wp-content\/uploads\/2023\/09\/corda-speed-rope-elite-4.png\",\"datePublished\":\"2023-09-14T12:59:54+00:00\",\"dateModified\":\"2026-01-14T13:53:21+00:00\",\"description\":\"Joelheira ideal para o seu WOD de CrossFit ou Treino Funcional.\",\"breadcrumb\":{\"@id\":\"https:\/\/www.crossequipamentos.com.br\/site\/produto\/corda-speed-rope-rx\/#breadcrumb\"},\"inLanguage\":\"pt-BR\",\"potentialAction\":[{\"@type\":\"ReadAction\",\"target\":[\"https:\/\/www.crossequipamentos.com.br\/site\/produto\/corda-speed-rope-rx\/\"]}]},{\"@type\":\"ImageObject\",\"inLanguage\":\"pt-BR\",\"@id\":\"https:\/\/www.crossequipamentos.com.br\/site\/produto\/corda-speed-rope-rx\/#primaryimage\",\"url\":\"https:\/\/www.crossequipamentos.com.br\/site\/wp-content\/uploads\/2023\/09\/corda-speed-rope-elite-4.png\",\"contentUrl\":\"https:\/\/www.crossequipamentos.com.br\/site\/wp-content\/uploads\/2023\/09\/corda-speed-rope-elite-4.png\",\"width\":1080,\"height\":1080},{\"@type\":\"BreadcrumbList\",\"@id\":\"https:\/\/www.crossequipamentos.com.br\/site\/produto\/corda-speed-rope-rx\/#breadcrumb\",\"itemListElement\":[{\"@type\":\"ListItem\",\"position\":1,\"name\":\"In\u00edcio\",\"item\":\"https:\/\/www.crossequipamentos.com.br\/site\/\"},{\"@type\":\"ListItem\",\"position\":2,\"name\":\"Shop\",\"item\":\"https:\/\/www.crossequipamentos.com.br\/site\/shop\/\"},{\"@type\":\"ListItem\",\"position\":3,\"name\":\"Corda Speed Rope RX\"}]},{\"@type\":\"WebSite\",\"@id\":\"https:\/\/www.crossequipamentos.com.br\/site\/#website\",\"url\":\"https:\/\/www.crossequipamentos.com.br\/site\/\",\"name\":\"Cross Sports Equipamentos\",\"description\":\"[RE]Marque Seu Ritmo - Equipamentos de Crossfit &amp; Funcional. Enviamos para todo Brasil\",\"publisher\":{\"@id\":\"https:\/\/www.crossequipamentos.com.br\/site\/#organization\"},\"potentialAction\":[{\"@type\":\"SearchAction\",\"target\":{\"@type\":\"EntryPoint\",\"urlTemplate\":\"https:\/\/www.crossequipamentos.com.br\/site\/?s={search_term_string}\"},\"query-input\":{\"@type\":\"PropertyValueSpecification\",\"valueRequired\":true,\"valueName\":\"search_term_string\"}}],\"inLanguage\":\"pt-BR\"},{\"@type\":\"Organization\",\"@id\":\"https:\/\/www.crossequipamentos.com.br\/site\/#organization\",\"name\":\"CrossSports Equipamentos\",\"url\":\"https:\/\/www.crossequipamentos.com.br\/site\/\",\"logo\":{\"@type\":\"ImageObject\",\"inLanguage\":\"pt-BR\",\"@id\":\"https:\/\/www.crossequipamentos.com.br\/site\/#\/schema\/logo\/image\/\",\"url\":\"https:\/\/www.crossequipamentos.com.br\/site\/wp-content\/uploads\/2019\/08\/logo_header_site.png\",\"contentUrl\":\"https:\/\/www.crossequipamentos.com.br\/site\/wp-content\/uploads\/2019\/08\/logo_header_site.png\",\"width\":350,\"height\":118,\"caption\":\"CrossSports Equipamentos\"},\"image\":{\"@id\":\"https:\/\/www.crossequipamentos.com.br\/site\/#\/schema\/logo\/image\/\"},\"sameAs\":[\"https:\/\/www.facebook.com\/crossequipamentos\/\",\"https:\/\/www.instagram.com\/crossequipamentos\/\"]}]}<\/script>\n<!-- \/ Yoast SEO plugin. -->","yoast_head_json":{"title":"Corda Speed Rope RX | Cross Sports Equipamentos","description":"Joelheira ideal para o seu WOD de CrossFit ou Treino Funcional.","robots":{"index":"index","follow":"follow","max-snippet":"max-snippet:-1","max-image-preview":"max-image-preview:large","max-video-preview":"max-video-preview:-1"},"canonical":"https:\/\/www.crossequipamentos.com.br\/site\/produto\/corda-speed-rope-rx\/","og_locale":"pt_BR","og_type":"article","og_title":"Corda Speed Rope RX | Cross Sports Equipamentos","og_description":"Joelheira ideal para o seu WOD de CrossFit ou Treino Funcional.","og_url":"https:\/\/www.crossequipamentos.com.br\/site\/produto\/corda-speed-rope-rx\/","og_site_name":"Cross Sports Equipamentos","article_publisher":"https:\/\/www.facebook.com\/crossequipamentos\/","article_modified_time":"2026-01-14T13:53:21+00:00","og_image":[{"width":1080,"height":1080,"url":"https:\/\/www.crossequipamentos.com.br\/site\/wp-content\/uploads\/2023\/09\/corda-speed-rope-elite-4.png","type":"image\/png"}],"twitter_card":"summary_large_image","twitter_misc":{"Est. tempo de leitura":"1 minuto"},"schema":{"@context":"https:\/\/schema.org","@graph":[{"@type":"WebPage","@id":"https:\/\/www.crossequipamentos.com.br\/site\/produto\/corda-speed-rope-rx\/","url":"https:\/\/www.crossequipamentos.com.br\/site\/produto\/corda-speed-rope-rx\/","name":"Corda Speed Rope RX | Cross Sports Equipamentos","isPartOf":{"@id":"https:\/\/www.crossequipamentos.com.br\/site\/#website"},"primaryImageOfPage":{"@id":"https:\/\/www.crossequipamentos.com.br\/site\/produto\/corda-speed-rope-rx\/#primaryimage"},"image":{"@id":"https:\/\/www.crossequipamentos.com.br\/site\/produto\/corda-speed-rope-rx\/#primaryimage"},"thumbnailUrl":"https:\/\/www.crossequipamentos.com.br\/site\/wp-content\/uploads\/2023\/09\/corda-speed-rope-elite-4.png","datePublished":"2023-09-14T12:59:54+00:00","dateModified":"2026-01-14T13:53:21+00:00","description":"Joelheira ideal para o seu WOD de CrossFit ou Treino Funcional.","breadcrumb":{"@id":"https:\/\/www.crossequipamentos.com.br\/site\/produto\/corda-speed-rope-rx\/#breadcrumb"},"inLanguage":"pt-BR","potentialAction":[{"@type":"ReadAction","target":["https:\/\/www.crossequipamentos.com.br\/site\/produto\/corda-speed-rope-rx\/"]}]},{"@type":"ImageObject","inLanguage":"pt-BR","@id":"https:\/\/www.crossequipamentos.com.br\/site\/produto\/corda-speed-rope-rx\/#primaryimage","url":"https:\/\/www.crossequipamentos.com.br\/site\/wp-content\/uploads\/2023\/09\/corda-speed-rope-elite-4.png","contentUrl":"https:\/\/www.crossequipamentos.com.br\/site\/wp-content\/uploads\/2023\/09\/corda-speed-rope-elite-4.png","width":1080,"height":1080},{"@type":"BreadcrumbList","@id":"https:\/\/www.crossequipamentos.com.br\/site\/produto\/corda-speed-rope-rx\/#breadcrumb","itemListElement":[{"@type":"ListItem","position":1,"name":"In\u00edcio","item":"https:\/\/www.crossequipamentos.com.br\/site\/"},{"@type":"ListItem","position":2,"name":"Shop","item":"https:\/\/www.crossequipamentos.com.br\/site\/shop\/"},{"@type":"ListItem","position":3,"name":"Corda Speed Rope RX"}]},{"@type":"WebSite","@id":"https:\/\/www.crossequipamentos.com.br\/site\/#website","url":"https:\/\/www.crossequipamentos.com.br\/site\/","name":"Cross Sports Equipamentos","description":"[RE]Marque Seu Ritmo - Equipamentos de Crossfit &amp; Funcional. Enviamos para todo Brasil","publisher":{"@id":"https:\/\/www.crossequipamentos.com.br\/site\/#organization"},"potentialAction":[{"@type":"SearchAction","target":{"@type":"EntryPoint","urlTemplate":"https:\/\/www.crossequipamentos.com.br\/site\/?s={search_term_string}"},"query-input":{"@type":"PropertyValueSpecification","valueRequired":true,"valueName":"search_term_string"}}],"inLanguage":"pt-BR"},{"@type":"Organization","@id":"https:\/\/www.crossequipamentos.com.br\/site\/#organization","name":"CrossSports Equipamentos","url":"https:\/\/www.crossequipamentos.com.br\/site\/","logo":{"@type":"ImageObject","inLanguage":"pt-BR","@id":"https:\/\/www.crossequipamentos.com.br\/site\/#\/schema\/logo\/image\/","url":"https:\/\/www.crossequipamentos.com.br\/site\/wp-content\/uploads\/2019\/08\/logo_header_site.png","contentUrl":"https:\/\/www.crossequipamentos.com.br\/site\/wp-content\/uploads\/2019\/08\/logo_header_site.png","width":350,"height":118,"caption":"CrossSports Equipamentos"},"image":{"@id":"https:\/\/www.crossequipamentos.com.br\/site\/#\/schema\/logo\/image\/"},"sameAs":["https:\/\/www.facebook.com\/crossequipamentos\/","https:\/\/www.instagram.com\/crossequipamentos\/"]}]}},"_links":{"self":[{"href":"https:\/\/www.crossequipamentos.com.br\/site\/wp-json\/wp\/v2\/product\/4934","targetHints":{"allow":["GET"]}}],"collection":[{"href":"https:\/\/www.crossequipamentos.com.br\/site\/wp-json\/wp\/v2\/product"}],"about":[{"href":"https:\/\/www.crossequipamentos.com.br\/site\/wp-json\/wp\/v2\/types\/product"}],"replies":[{"embeddable":true,"href":"https:\/\/www.crossequipamentos.com.br\/site\/wp-json\/wp\/v2\/comments?post=4934"}],"wp:featuredmedia":[{"embeddable":true,"href":"https:\/\/www.crossequipamentos.com.br\/site\/wp-json\/wp\/v2\/media\/4940"}],"wp:attachment":[{"href":"https:\/\/www.crossequipamentos.com.br\/site\/wp-json\/wp\/v2\/media?parent=4934"}],"wp:term":[{"taxonomy":"product_brand","embeddable":true,"href":"https:\/\/www.crossequipamentos.com.br\/site\/wp-json\/wp\/v2\/product_brand?post=4934"},{"taxonomy":"product_cat","embeddable":true,"href":"https:\/\/www.crossequipamentos.com.br\/site\/wp-json\/wp\/v2\/product_cat?post=4934"},{"taxonomy":"product_tag","embeddable":true,"href":"https:\/\/www.crossequipamentos.com.br\/site\/wp-json\/wp\/v2\/product_tag?post=4934"}],"curies":[{"name":"wp","href":"https:\/\/api.w.org\/{rel}","templated":true}]}}