{"id":5100,"date":"2023-12-18T17:54:04","date_gmt":"2023-12-18T20:54:04","guid":{"rendered":"https:\/\/www.crossequipamentos.com.br\/site\/?post_type=product&#038;p=5100"},"modified":"2025-10-13T15:48:37","modified_gmt":"2025-10-13T18:48:37","slug":"dumbbell-de-ferro","status":"publish","type":"product","link":"https:\/\/www.crossequipamentos.com.br\/site\/produto\/dumbbell-de-ferro\/","title":{"rendered":"Dumbbell de Ferro (Kg) &#8211; UNIDADE"},"content":{"rendered":"<p>Dumbbell de Ferro CRO55: resistente e pintado, fabricado em ferro fundido, com marca\u00e7\u00f5es de peso em relevo. Pegada anat\u00f4mica proporciona conforto e seguran\u00e7a durante os treinos.<\/p>\n<p>Tamanhos dispon\u00edveis: 4\/6\/8\/10\/12\/15\/16\/18\/20\/22,5 Kg<\/p>\n<p>Venda por unidade.<\/p>\n","protected":false},"excerpt":{"rendered":"<p>Dumbbell de Ferro CRO55: resistente e pintado, fabricado em ferro fundido, com marca\u00e7\u00f5es de peso em relevo. Pegada anat\u00f4mica proporciona conforto e seguran\u00e7a durante os treinos. Tamanhos dispon\u00edveis: 4\/6\/8\/10\/12\/15\/16\/18\/20\/22,5 Kg Venda por unidade.<\/p>\n","protected":false},"featured_media":5110,"comment_status":"closed","ping_status":"closed","template":"","meta":[],"product_brand":[],"product_cat":[296,69,82],"product_tag":[108,308],"class_list":{"0":"post-5100","1":"product","2":"type-product","3":"status-publish","4":"has-post-thumbnail","6":"product_cat-dumbbell-ferro","7":"product_cat-dumbbell","8":"product_cat-dumbbell-hexagonal","9":"product_tag-dumbbell","10":"product_tag-halteres","12":"first","13":"instock","14":"taxable","15":"shipping-taxable","16":"purchasable","17":"product-type-variable"},"yoast_head":"<!-- This site is optimized with the Yoast SEO plugin v27.2 - https:\/\/yoast.com\/product\/yoast-seo-wordpress\/ -->\n<title>Dumbbell de Ferro (Kg) - UNIDADE | Cross Sports Equipamentos<\/title>\n<meta name=\"robots\" content=\"index, follow, max-snippet:-1, max-image-preview:large, max-video-preview:-1\" \/>\n<link rel=\"canonical\" href=\"https:\/\/www.crossequipamentos.com.br\/site\/produto\/dumbbell-de-ferro\/\" \/>\n<meta property=\"og:locale\" content=\"pt_BR\" \/>\n<meta property=\"og:type\" content=\"article\" \/>\n<meta property=\"og:title\" content=\"Dumbbell de Ferro (Kg) - UNIDADE | Cross Sports Equipamentos\" \/>\n<meta property=\"og:description\" content=\"Dumbbell de Ferro CRO55: resistente e pintado, fabricado em ferro fundido, com marca\u00e7\u00f5es de peso em relevo. Pegada anat\u00f4mica proporciona conforto e seguran\u00e7a durante os treinos. Tamanhos dispon\u00edveis: 4\/6\/8\/10\/12\/15\/16\/18\/20\/22,5 Kg Venda por unidade.\" \/>\n<meta property=\"og:url\" content=\"https:\/\/www.crossequipamentos.com.br\/site\/produto\/dumbbell-de-ferro\/\" \/>\n<meta property=\"og:site_name\" content=\"Cross Sports Equipamentos\" \/>\n<meta property=\"article:publisher\" content=\"https:\/\/www.facebook.com\/crossequipamentos\/\" \/>\n<meta property=\"article:modified_time\" content=\"2025-10-13T18:48:37+00:00\" \/>\n<meta property=\"og:image\" content=\"https:\/\/www.crossequipamentos.com.br\/site\/wp-content\/uploads\/2023\/12\/Dumbbell-Halter.png\" \/>\n\t<meta property=\"og:image:width\" content=\"1080\" \/>\n\t<meta property=\"og:image:height\" content=\"1350\" \/>\n\t<meta property=\"og:image:type\" content=\"image\/png\" \/>\n<meta name=\"twitter:card\" content=\"summary_large_image\" \/>\n<meta name=\"twitter:label1\" content=\"Est. tempo de leitura\" \/>\n\t<meta name=\"twitter:data1\" content=\"1 minuto\" \/>\n<script type=\"application\/ld+json\" class=\"yoast-schema-graph\">{\"@context\":\"https:\/\/schema.org\",\"@graph\":[{\"@type\":\"WebPage\",\"@id\":\"https:\/\/www.crossequipamentos.com.br\/site\/produto\/dumbbell-de-ferro\/\",\"url\":\"https:\/\/www.crossequipamentos.com.br\/site\/produto\/dumbbell-de-ferro\/\",\"name\":\"Dumbbell de Ferro (Kg) - UNIDADE | Cross Sports Equipamentos\",\"isPartOf\":{\"@id\":\"https:\/\/www.crossequipamentos.com.br\/site\/#website\"},\"primaryImageOfPage\":{\"@id\":\"https:\/\/www.crossequipamentos.com.br\/site\/produto\/dumbbell-de-ferro\/#primaryimage\"},\"image\":{\"@id\":\"https:\/\/www.crossequipamentos.com.br\/site\/produto\/dumbbell-de-ferro\/#primaryimage\"},\"thumbnailUrl\":\"https:\/\/www.crossequipamentos.com.br\/site\/wp-content\/uploads\/2023\/12\/Dumbbell-Halter.png\",\"datePublished\":\"2023-12-18T20:54:04+00:00\",\"dateModified\":\"2025-10-13T18:48:37+00:00\",\"breadcrumb\":{\"@id\":\"https:\/\/www.crossequipamentos.com.br\/site\/produto\/dumbbell-de-ferro\/#breadcrumb\"},\"inLanguage\":\"pt-BR\",\"potentialAction\":[{\"@type\":\"ReadAction\",\"target\":[\"https:\/\/www.crossequipamentos.com.br\/site\/produto\/dumbbell-de-ferro\/\"]}]},{\"@type\":\"ImageObject\",\"inLanguage\":\"pt-BR\",\"@id\":\"https:\/\/www.crossequipamentos.com.br\/site\/produto\/dumbbell-de-ferro\/#primaryimage\",\"url\":\"https:\/\/www.crossequipamentos.com.br\/site\/wp-content\/uploads\/2023\/12\/Dumbbell-Halter.png\",\"contentUrl\":\"https:\/\/www.crossequipamentos.com.br\/site\/wp-content\/uploads\/2023\/12\/Dumbbell-Halter.png\",\"width\":1080,\"height\":1350},{\"@type\":\"BreadcrumbList\",\"@id\":\"https:\/\/www.crossequipamentos.com.br\/site\/produto\/dumbbell-de-ferro\/#breadcrumb\",\"itemListElement\":[{\"@type\":\"ListItem\",\"position\":1,\"name\":\"In\u00edcio\",\"item\":\"https:\/\/www.crossequipamentos.com.br\/site\/\"},{\"@type\":\"ListItem\",\"position\":2,\"name\":\"Shop\",\"item\":\"https:\/\/www.crossequipamentos.com.br\/site\/shop\/\"},{\"@type\":\"ListItem\",\"position\":3,\"name\":\"Dumbbell de Ferro (Kg) &#8211; UNIDADE\"}]},{\"@type\":\"WebSite\",\"@id\":\"https:\/\/www.crossequipamentos.com.br\/site\/#website\",\"url\":\"https:\/\/www.crossequipamentos.com.br\/site\/\",\"name\":\"Cross Sports Equipamentos\",\"description\":\"[RE]Marque Seu Ritmo - Equipamentos de Crossfit &amp; Funcional. Enviamos para todo Brasil\",\"publisher\":{\"@id\":\"https:\/\/www.crossequipamentos.com.br\/site\/#organization\"},\"potentialAction\":[{\"@type\":\"SearchAction\",\"target\":{\"@type\":\"EntryPoint\",\"urlTemplate\":\"https:\/\/www.crossequipamentos.com.br\/site\/?s={search_term_string}\"},\"query-input\":{\"@type\":\"PropertyValueSpecification\",\"valueRequired\":true,\"valueName\":\"search_term_string\"}}],\"inLanguage\":\"pt-BR\"},{\"@type\":\"Organization\",\"@id\":\"https:\/\/www.crossequipamentos.com.br\/site\/#organization\",\"name\":\"CrossSports Equipamentos\",\"url\":\"https:\/\/www.crossequipamentos.com.br\/site\/\",\"logo\":{\"@type\":\"ImageObject\",\"inLanguage\":\"pt-BR\",\"@id\":\"https:\/\/www.crossequipamentos.com.br\/site\/#\/schema\/logo\/image\/\",\"url\":\"https:\/\/www.crossequipamentos.com.br\/site\/wp-content\/uploads\/2019\/08\/logo_header_site.png\",\"contentUrl\":\"https:\/\/www.crossequipamentos.com.br\/site\/wp-content\/uploads\/2019\/08\/logo_header_site.png\",\"width\":350,\"height\":118,\"caption\":\"CrossSports Equipamentos\"},\"image\":{\"@id\":\"https:\/\/www.crossequipamentos.com.br\/site\/#\/schema\/logo\/image\/\"},\"sameAs\":[\"https:\/\/www.facebook.com\/crossequipamentos\/\",\"https:\/\/www.instagram.com\/crossequipamentos\/\"]}]}<\/script>\n<!-- \/ Yoast SEO plugin. -->","yoast_head_json":{"title":"Dumbbell de Ferro (Kg) - UNIDADE | Cross Sports Equipamentos","robots":{"index":"index","follow":"follow","max-snippet":"max-snippet:-1","max-image-preview":"max-image-preview:large","max-video-preview":"max-video-preview:-1"},"canonical":"https:\/\/www.crossequipamentos.com.br\/site\/produto\/dumbbell-de-ferro\/","og_locale":"pt_BR","og_type":"article","og_title":"Dumbbell de Ferro (Kg) - UNIDADE | Cross Sports Equipamentos","og_description":"Dumbbell de Ferro CRO55: resistente e pintado, fabricado em ferro fundido, com marca\u00e7\u00f5es de peso em relevo. Pegada anat\u00f4mica proporciona conforto e seguran\u00e7a durante os treinos. Tamanhos dispon\u00edveis: 4\/6\/8\/10\/12\/15\/16\/18\/20\/22,5 Kg Venda por unidade.","og_url":"https:\/\/www.crossequipamentos.com.br\/site\/produto\/dumbbell-de-ferro\/","og_site_name":"Cross Sports Equipamentos","article_publisher":"https:\/\/www.facebook.com\/crossequipamentos\/","article_modified_time":"2025-10-13T18:48:37+00:00","og_image":[{"width":1080,"height":1350,"url":"https:\/\/www.crossequipamentos.com.br\/site\/wp-content\/uploads\/2023\/12\/Dumbbell-Halter.png","type":"image\/png"}],"twitter_card":"summary_large_image","twitter_misc":{"Est. tempo de leitura":"1 minuto"},"schema":{"@context":"https:\/\/schema.org","@graph":[{"@type":"WebPage","@id":"https:\/\/www.crossequipamentos.com.br\/site\/produto\/dumbbell-de-ferro\/","url":"https:\/\/www.crossequipamentos.com.br\/site\/produto\/dumbbell-de-ferro\/","name":"Dumbbell de Ferro (Kg) - UNIDADE | Cross Sports Equipamentos","isPartOf":{"@id":"https:\/\/www.crossequipamentos.com.br\/site\/#website"},"primaryImageOfPage":{"@id":"https:\/\/www.crossequipamentos.com.br\/site\/produto\/dumbbell-de-ferro\/#primaryimage"},"image":{"@id":"https:\/\/www.crossequipamentos.com.br\/site\/produto\/dumbbell-de-ferro\/#primaryimage"},"thumbnailUrl":"https:\/\/www.crossequipamentos.com.br\/site\/wp-content\/uploads\/2023\/12\/Dumbbell-Halter.png","datePublished":"2023-12-18T20:54:04+00:00","dateModified":"2025-10-13T18:48:37+00:00","breadcrumb":{"@id":"https:\/\/www.crossequipamentos.com.br\/site\/produto\/dumbbell-de-ferro\/#breadcrumb"},"inLanguage":"pt-BR","potentialAction":[{"@type":"ReadAction","target":["https:\/\/www.crossequipamentos.com.br\/site\/produto\/dumbbell-de-ferro\/"]}]},{"@type":"ImageObject","inLanguage":"pt-BR","@id":"https:\/\/www.crossequipamentos.com.br\/site\/produto\/dumbbell-de-ferro\/#primaryimage","url":"https:\/\/www.crossequipamentos.com.br\/site\/wp-content\/uploads\/2023\/12\/Dumbbell-Halter.png","contentUrl":"https:\/\/www.crossequipamentos.com.br\/site\/wp-content\/uploads\/2023\/12\/Dumbbell-Halter.png","width":1080,"height":1350},{"@type":"BreadcrumbList","@id":"https:\/\/www.crossequipamentos.com.br\/site\/produto\/dumbbell-de-ferro\/#breadcrumb","itemListElement":[{"@type":"ListItem","position":1,"name":"In\u00edcio","item":"https:\/\/www.crossequipamentos.com.br\/site\/"},{"@type":"ListItem","position":2,"name":"Shop","item":"https:\/\/www.crossequipamentos.com.br\/site\/shop\/"},{"@type":"ListItem","position":3,"name":"Dumbbell de Ferro (Kg) &#8211; UNIDADE"}]},{"@type":"WebSite","@id":"https:\/\/www.crossequipamentos.com.br\/site\/#website","url":"https:\/\/www.crossequipamentos.com.br\/site\/","name":"Cross Sports Equipamentos","description":"[RE]Marque Seu Ritmo - Equipamentos de Crossfit &amp; Funcional. Enviamos para todo Brasil","publisher":{"@id":"https:\/\/www.crossequipamentos.com.br\/site\/#organization"},"potentialAction":[{"@type":"SearchAction","target":{"@type":"EntryPoint","urlTemplate":"https:\/\/www.crossequipamentos.com.br\/site\/?s={search_term_string}"},"query-input":{"@type":"PropertyValueSpecification","valueRequired":true,"valueName":"search_term_string"}}],"inLanguage":"pt-BR"},{"@type":"Organization","@id":"https:\/\/www.crossequipamentos.com.br\/site\/#organization","name":"CrossSports Equipamentos","url":"https:\/\/www.crossequipamentos.com.br\/site\/","logo":{"@type":"ImageObject","inLanguage":"pt-BR","@id":"https:\/\/www.crossequipamentos.com.br\/site\/#\/schema\/logo\/image\/","url":"https:\/\/www.crossequipamentos.com.br\/site\/wp-content\/uploads\/2019\/08\/logo_header_site.png","contentUrl":"https:\/\/www.crossequipamentos.com.br\/site\/wp-content\/uploads\/2019\/08\/logo_header_site.png","width":350,"height":118,"caption":"CrossSports Equipamentos"},"image":{"@id":"https:\/\/www.crossequipamentos.com.br\/site\/#\/schema\/logo\/image\/"},"sameAs":["https:\/\/www.facebook.com\/crossequipamentos\/","https:\/\/www.instagram.com\/crossequipamentos\/"]}]}},"_links":{"self":[{"href":"https:\/\/www.crossequipamentos.com.br\/site\/wp-json\/wp\/v2\/product\/5100","targetHints":{"allow":["GET"]}}],"collection":[{"href":"https:\/\/www.crossequipamentos.com.br\/site\/wp-json\/wp\/v2\/product"}],"about":[{"href":"https:\/\/www.crossequipamentos.com.br\/site\/wp-json\/wp\/v2\/types\/product"}],"replies":[{"embeddable":true,"href":"https:\/\/www.crossequipamentos.com.br\/site\/wp-json\/wp\/v2\/comments?post=5100"}],"wp:featuredmedia":[{"embeddable":true,"href":"https:\/\/www.crossequipamentos.com.br\/site\/wp-json\/wp\/v2\/media\/5110"}],"wp:attachment":[{"href":"https:\/\/www.crossequipamentos.com.br\/site\/wp-json\/wp\/v2\/media?parent=5100"}],"wp:term":[{"taxonomy":"product_brand","embeddable":true,"href":"https:\/\/www.crossequipamentos.com.br\/site\/wp-json\/wp\/v2\/product_brand?post=5100"},{"taxonomy":"product_cat","embeddable":true,"href":"https:\/\/www.crossequipamentos.com.br\/site\/wp-json\/wp\/v2\/product_cat?post=5100"},{"taxonomy":"product_tag","embeddable":true,"href":"https:\/\/www.crossequipamentos.com.br\/site\/wp-json\/wp\/v2\/product_tag?post=5100"}],"curies":[{"name":"wp","href":"https:\/\/api.w.org\/{rel}","templated":true}]}}