{"id":558,"date":"2017-09-16T01:58:30","date_gmt":"2017-09-16T04:58:30","guid":{"rendered":"http:\/\/br184.teste.website\/~cross628\/site\/?post_type=product&#038;p=558"},"modified":"2026-03-02T08:58:37","modified_gmt":"2026-03-02T11:58:37","slug":"dumbbell-hexagonal-60lb","status":"publish","type":"product","link":"https:\/\/www.crossequipamentos.com.br\/site\/produto\/dumbbell-hexagonal-60lb\/","title":{"rendered":"Dumbbell Hexagonal 60 Lb (Par)"},"content":{"rendered":"<p><strong>Marca:<\/strong> Cross Sports Equipamentos (Importado)<br \/>\n<strong>Tipo:<\/strong> Dumbbell Emborrachado Hexagonal com 60 libras<br \/>\n<strong>Material:<\/strong> A\u00e7o Cromado com Recartilhado e Borracha Hexagonal<br \/>\n<strong>Recomenda\u00e7\u00e3o de Uso:<\/strong> CrossFit e Treinamento Funcional<br \/>\n<strong>Peso:<\/strong> 60lb cada<br \/>\n<strong>Cor:<\/strong> Preto e Cromado Prata<\/p>\n<p>Venda em par<\/p>\n","protected":false},"excerpt":{"rendered":"<p>Marca: Cross Sports Equipamentos (Importado) Tipo: Dumbbell Emborrachado Hexagonal com 60 libras Material: A\u00e7o Cromado com Recartilhado e Borracha Hexagonal Recomenda\u00e7\u00e3o de Uso: CrossFit e Treinamento Funcional Peso: 60lb cada Cor: Preto e Cromado Prata Venda em par<\/p>\n","protected":false},"featured_media":559,"comment_status":"open","ping_status":"closed","template":"","meta":[],"product_brand":[],"product_cat":[69,82],"product_tag":[108],"class_list":{"0":"post-558","1":"product","2":"type-product","3":"status-publish","4":"has-post-thumbnail","6":"product_cat-dumbbell","7":"product_cat-dumbbell-hexagonal","8":"product_tag-dumbbell","10":"first","11":"instock","12":"sale","13":"taxable","14":"shipping-taxable","15":"purchasable","16":"product-type-simple"},"yoast_head":"<!-- This site is optimized with the Yoast SEO plugin v27.2 - https:\/\/yoast.com\/product\/yoast-seo-wordpress\/ -->\n<title>Dumbbell Hexagonal 60 Lb (Par) | Cross Sports Equipamentos CrossFit<\/title>\n<meta name=\"description\" content=\"Visite a loja oficial Cross Sports Equipamentos, compre Barra Ol\u00edmpica, Dumbbell e muito mais Equipamentos e Acess\u00f3rios para CrossFit!\" \/>\n<meta name=\"robots\" content=\"index, follow, max-snippet:-1, max-image-preview:large, max-video-preview:-1\" \/>\n<link rel=\"canonical\" href=\"https:\/\/www.crossequipamentos.com.br\/site\/produto\/dumbbell-hexagonal-60lb\/\" \/>\n<meta property=\"og:locale\" content=\"pt_BR\" \/>\n<meta property=\"og:type\" content=\"article\" \/>\n<meta property=\"og:title\" content=\"Dumbbell Hexagonal 60 Lb (Par) | Cross Sports Equipamentos CrossFit\" \/>\n<meta property=\"og:description\" content=\"Visite a loja oficial Cross Sports Equipamentos, compre Barra Ol\u00edmpica, Dumbbell e muito mais Equipamentos e Acess\u00f3rios para CrossFit!\" \/>\n<meta property=\"og:url\" content=\"https:\/\/www.crossequipamentos.com.br\/site\/produto\/dumbbell-hexagonal-60lb\/\" \/>\n<meta property=\"og:site_name\" content=\"Cross Sports Equipamentos\" \/>\n<meta property=\"article:publisher\" content=\"https:\/\/www.facebook.com\/crossequipamentos\/\" \/>\n<meta property=\"article:modified_time\" content=\"2026-03-02T11:58:37+00:00\" \/>\n<meta property=\"og:image\" content=\"https:\/\/www.crossequipamentos.com.br\/site\/wp-content\/uploads\/2017\/09\/crossequipamentos-dumbbell-hexagonal-60lb-.jpg\" \/>\n\t<meta property=\"og:image:width\" content=\"1200\" \/>\n\t<meta property=\"og:image:height\" content=\"1200\" \/>\n\t<meta property=\"og:image:type\" content=\"image\/jpeg\" \/>\n<meta name=\"twitter:card\" content=\"summary_large_image\" \/>\n<meta name=\"twitter:label1\" content=\"Est. tempo de leitura\" \/>\n\t<meta name=\"twitter:data1\" content=\"1 minuto\" \/>\n<script type=\"application\/ld+json\" class=\"yoast-schema-graph\">{\"@context\":\"https:\/\/schema.org\",\"@graph\":[{\"@type\":\"WebPage\",\"@id\":\"https:\/\/www.crossequipamentos.com.br\/site\/produto\/dumbbell-hexagonal-60lb\/\",\"url\":\"https:\/\/www.crossequipamentos.com.br\/site\/produto\/dumbbell-hexagonal-60lb\/\",\"name\":\"Dumbbell Hexagonal 60 Lb (Par) | Cross Sports Equipamentos CrossFit\",\"isPartOf\":{\"@id\":\"https:\/\/www.crossequipamentos.com.br\/site\/#website\"},\"primaryImageOfPage\":{\"@id\":\"https:\/\/www.crossequipamentos.com.br\/site\/produto\/dumbbell-hexagonal-60lb\/#primaryimage\"},\"image\":{\"@id\":\"https:\/\/www.crossequipamentos.com.br\/site\/produto\/dumbbell-hexagonal-60lb\/#primaryimage\"},\"thumbnailUrl\":\"https:\/\/www.crossequipamentos.com.br\/site\/wp-content\/uploads\/2017\/09\/crossequipamentos-dumbbell-hexagonal-60lb-.jpg\",\"datePublished\":\"2017-09-16T04:58:30+00:00\",\"dateModified\":\"2026-03-02T11:58:37+00:00\",\"description\":\"Visite a loja oficial Cross Sports Equipamentos, compre Barra Ol\u00edmpica, Dumbbell e muito mais Equipamentos e Acess\u00f3rios para CrossFit!\",\"breadcrumb\":{\"@id\":\"https:\/\/www.crossequipamentos.com.br\/site\/produto\/dumbbell-hexagonal-60lb\/#breadcrumb\"},\"inLanguage\":\"pt-BR\",\"potentialAction\":[{\"@type\":\"ReadAction\",\"target\":[\"https:\/\/www.crossequipamentos.com.br\/site\/produto\/dumbbell-hexagonal-60lb\/\"]}]},{\"@type\":\"ImageObject\",\"inLanguage\":\"pt-BR\",\"@id\":\"https:\/\/www.crossequipamentos.com.br\/site\/produto\/dumbbell-hexagonal-60lb\/#primaryimage\",\"url\":\"https:\/\/www.crossequipamentos.com.br\/site\/wp-content\/uploads\/2017\/09\/crossequipamentos-dumbbell-hexagonal-60lb-.jpg\",\"contentUrl\":\"https:\/\/www.crossequipamentos.com.br\/site\/wp-content\/uploads\/2017\/09\/crossequipamentos-dumbbell-hexagonal-60lb-.jpg\",\"width\":1200,\"height\":1200},{\"@type\":\"BreadcrumbList\",\"@id\":\"https:\/\/www.crossequipamentos.com.br\/site\/produto\/dumbbell-hexagonal-60lb\/#breadcrumb\",\"itemListElement\":[{\"@type\":\"ListItem\",\"position\":1,\"name\":\"In\u00edcio\",\"item\":\"https:\/\/www.crossequipamentos.com.br\/site\/\"},{\"@type\":\"ListItem\",\"position\":2,\"name\":\"Shop\",\"item\":\"https:\/\/www.crossequipamentos.com.br\/site\/shop\/\"},{\"@type\":\"ListItem\",\"position\":3,\"name\":\"Dumbbell Hexagonal 60 Lb (Par)\"}]},{\"@type\":\"WebSite\",\"@id\":\"https:\/\/www.crossequipamentos.com.br\/site\/#website\",\"url\":\"https:\/\/www.crossequipamentos.com.br\/site\/\",\"name\":\"Cross Sports Equipamentos\",\"description\":\"[RE]Marque Seu Ritmo - Equipamentos de Crossfit &amp; Funcional. Enviamos para todo Brasil\",\"publisher\":{\"@id\":\"https:\/\/www.crossequipamentos.com.br\/site\/#organization\"},\"potentialAction\":[{\"@type\":\"SearchAction\",\"target\":{\"@type\":\"EntryPoint\",\"urlTemplate\":\"https:\/\/www.crossequipamentos.com.br\/site\/?s={search_term_string}\"},\"query-input\":{\"@type\":\"PropertyValueSpecification\",\"valueRequired\":true,\"valueName\":\"search_term_string\"}}],\"inLanguage\":\"pt-BR\"},{\"@type\":\"Organization\",\"@id\":\"https:\/\/www.crossequipamentos.com.br\/site\/#organization\",\"name\":\"CrossSports Equipamentos\",\"url\":\"https:\/\/www.crossequipamentos.com.br\/site\/\",\"logo\":{\"@type\":\"ImageObject\",\"inLanguage\":\"pt-BR\",\"@id\":\"https:\/\/www.crossequipamentos.com.br\/site\/#\/schema\/logo\/image\/\",\"url\":\"https:\/\/www.crossequipamentos.com.br\/site\/wp-content\/uploads\/2019\/08\/logo_header_site.png\",\"contentUrl\":\"https:\/\/www.crossequipamentos.com.br\/site\/wp-content\/uploads\/2019\/08\/logo_header_site.png\",\"width\":350,\"height\":118,\"caption\":\"CrossSports Equipamentos\"},\"image\":{\"@id\":\"https:\/\/www.crossequipamentos.com.br\/site\/#\/schema\/logo\/image\/\"},\"sameAs\":[\"https:\/\/www.facebook.com\/crossequipamentos\/\",\"https:\/\/www.instagram.com\/crossequipamentos\/\"]}]}<\/script>\n<!-- \/ Yoast SEO plugin. -->","yoast_head_json":{"title":"Dumbbell Hexagonal 60 Lb (Par) | Cross Sports Equipamentos CrossFit","description":"Visite a loja oficial Cross Sports Equipamentos, compre Barra Ol\u00edmpica, Dumbbell e muito mais Equipamentos e Acess\u00f3rios para CrossFit!","robots":{"index":"index","follow":"follow","max-snippet":"max-snippet:-1","max-image-preview":"max-image-preview:large","max-video-preview":"max-video-preview:-1"},"canonical":"https:\/\/www.crossequipamentos.com.br\/site\/produto\/dumbbell-hexagonal-60lb\/","og_locale":"pt_BR","og_type":"article","og_title":"Dumbbell Hexagonal 60 Lb (Par) | Cross Sports Equipamentos CrossFit","og_description":"Visite a loja oficial Cross Sports Equipamentos, compre Barra Ol\u00edmpica, Dumbbell e muito mais Equipamentos e Acess\u00f3rios para CrossFit!","og_url":"https:\/\/www.crossequipamentos.com.br\/site\/produto\/dumbbell-hexagonal-60lb\/","og_site_name":"Cross Sports Equipamentos","article_publisher":"https:\/\/www.facebook.com\/crossequipamentos\/","article_modified_time":"2026-03-02T11:58:37+00:00","og_image":[{"width":1200,"height":1200,"url":"https:\/\/www.crossequipamentos.com.br\/site\/wp-content\/uploads\/2017\/09\/crossequipamentos-dumbbell-hexagonal-60lb-.jpg","type":"image\/jpeg"}],"twitter_card":"summary_large_image","twitter_misc":{"Est. tempo de leitura":"1 minuto"},"schema":{"@context":"https:\/\/schema.org","@graph":[{"@type":"WebPage","@id":"https:\/\/www.crossequipamentos.com.br\/site\/produto\/dumbbell-hexagonal-60lb\/","url":"https:\/\/www.crossequipamentos.com.br\/site\/produto\/dumbbell-hexagonal-60lb\/","name":"Dumbbell Hexagonal 60 Lb (Par) | Cross Sports Equipamentos CrossFit","isPartOf":{"@id":"https:\/\/www.crossequipamentos.com.br\/site\/#website"},"primaryImageOfPage":{"@id":"https:\/\/www.crossequipamentos.com.br\/site\/produto\/dumbbell-hexagonal-60lb\/#primaryimage"},"image":{"@id":"https:\/\/www.crossequipamentos.com.br\/site\/produto\/dumbbell-hexagonal-60lb\/#primaryimage"},"thumbnailUrl":"https:\/\/www.crossequipamentos.com.br\/site\/wp-content\/uploads\/2017\/09\/crossequipamentos-dumbbell-hexagonal-60lb-.jpg","datePublished":"2017-09-16T04:58:30+00:00","dateModified":"2026-03-02T11:58:37+00:00","description":"Visite a loja oficial Cross Sports Equipamentos, compre Barra Ol\u00edmpica, Dumbbell e muito mais Equipamentos e Acess\u00f3rios para CrossFit!","breadcrumb":{"@id":"https:\/\/www.crossequipamentos.com.br\/site\/produto\/dumbbell-hexagonal-60lb\/#breadcrumb"},"inLanguage":"pt-BR","potentialAction":[{"@type":"ReadAction","target":["https:\/\/www.crossequipamentos.com.br\/site\/produto\/dumbbell-hexagonal-60lb\/"]}]},{"@type":"ImageObject","inLanguage":"pt-BR","@id":"https:\/\/www.crossequipamentos.com.br\/site\/produto\/dumbbell-hexagonal-60lb\/#primaryimage","url":"https:\/\/www.crossequipamentos.com.br\/site\/wp-content\/uploads\/2017\/09\/crossequipamentos-dumbbell-hexagonal-60lb-.jpg","contentUrl":"https:\/\/www.crossequipamentos.com.br\/site\/wp-content\/uploads\/2017\/09\/crossequipamentos-dumbbell-hexagonal-60lb-.jpg","width":1200,"height":1200},{"@type":"BreadcrumbList","@id":"https:\/\/www.crossequipamentos.com.br\/site\/produto\/dumbbell-hexagonal-60lb\/#breadcrumb","itemListElement":[{"@type":"ListItem","position":1,"name":"In\u00edcio","item":"https:\/\/www.crossequipamentos.com.br\/site\/"},{"@type":"ListItem","position":2,"name":"Shop","item":"https:\/\/www.crossequipamentos.com.br\/site\/shop\/"},{"@type":"ListItem","position":3,"name":"Dumbbell Hexagonal 60 Lb (Par)"}]},{"@type":"WebSite","@id":"https:\/\/www.crossequipamentos.com.br\/site\/#website","url":"https:\/\/www.crossequipamentos.com.br\/site\/","name":"Cross Sports Equipamentos","description":"[RE]Marque Seu Ritmo - Equipamentos de Crossfit &amp; Funcional. Enviamos para todo Brasil","publisher":{"@id":"https:\/\/www.crossequipamentos.com.br\/site\/#organization"},"potentialAction":[{"@type":"SearchAction","target":{"@type":"EntryPoint","urlTemplate":"https:\/\/www.crossequipamentos.com.br\/site\/?s={search_term_string}"},"query-input":{"@type":"PropertyValueSpecification","valueRequired":true,"valueName":"search_term_string"}}],"inLanguage":"pt-BR"},{"@type":"Organization","@id":"https:\/\/www.crossequipamentos.com.br\/site\/#organization","name":"CrossSports Equipamentos","url":"https:\/\/www.crossequipamentos.com.br\/site\/","logo":{"@type":"ImageObject","inLanguage":"pt-BR","@id":"https:\/\/www.crossequipamentos.com.br\/site\/#\/schema\/logo\/image\/","url":"https:\/\/www.crossequipamentos.com.br\/site\/wp-content\/uploads\/2019\/08\/logo_header_site.png","contentUrl":"https:\/\/www.crossequipamentos.com.br\/site\/wp-content\/uploads\/2019\/08\/logo_header_site.png","width":350,"height":118,"caption":"CrossSports Equipamentos"},"image":{"@id":"https:\/\/www.crossequipamentos.com.br\/site\/#\/schema\/logo\/image\/"},"sameAs":["https:\/\/www.facebook.com\/crossequipamentos\/","https:\/\/www.instagram.com\/crossequipamentos\/"]}]}},"_links":{"self":[{"href":"https:\/\/www.crossequipamentos.com.br\/site\/wp-json\/wp\/v2\/product\/558","targetHints":{"allow":["GET"]}}],"collection":[{"href":"https:\/\/www.crossequipamentos.com.br\/site\/wp-json\/wp\/v2\/product"}],"about":[{"href":"https:\/\/www.crossequipamentos.com.br\/site\/wp-json\/wp\/v2\/types\/product"}],"replies":[{"embeddable":true,"href":"https:\/\/www.crossequipamentos.com.br\/site\/wp-json\/wp\/v2\/comments?post=558"}],"wp:featuredmedia":[{"embeddable":true,"href":"https:\/\/www.crossequipamentos.com.br\/site\/wp-json\/wp\/v2\/media\/559"}],"wp:attachment":[{"href":"https:\/\/www.crossequipamentos.com.br\/site\/wp-json\/wp\/v2\/media?parent=558"}],"wp:term":[{"taxonomy":"product_brand","embeddable":true,"href":"https:\/\/www.crossequipamentos.com.br\/site\/wp-json\/wp\/v2\/product_brand?post=558"},{"taxonomy":"product_cat","embeddable":true,"href":"https:\/\/www.crossequipamentos.com.br\/site\/wp-json\/wp\/v2\/product_cat?post=558"},{"taxonomy":"product_tag","embeddable":true,"href":"https:\/\/www.crossequipamentos.com.br\/site\/wp-json\/wp\/v2\/product_tag?post=558"}],"curies":[{"name":"wp","href":"https:\/\/api.w.org\/{rel}","templated":true}]}}