{"id":5695,"date":"2024-12-04T11:16:43","date_gmt":"2024-12-04T14:16:43","guid":{"rendered":"https:\/\/www.crossequipamentos.com.br\/site\/?post_type=product&#038;p=5695"},"modified":"2024-12-04T11:16:44","modified_gmt":"2024-12-04T14:16:44","slug":"anilhas-olimpicas-1-kg-par","status":"publish","type":"product","link":"https:\/\/www.crossequipamentos.com.br\/site\/produto\/anilhas-olimpicas-1-kg-par\/","title":{"rendered":"Anilhas Ol\u00edmpicas 1 Kg (Par)"},"content":{"rendered":"<p>Anilha Emborrachada Bumper 1 Kg (vendida em par) \u2013 Cross Sports Equipamentos:<\/p>\n<p>Anilhas Bumper Cross Sports Equipamentos s\u00e3o emborrachadas para absor\u00e7\u00e3o de impacto em exerc\u00edcios que envolvem Levantamento de Peso, Treino Funcional e Crossfit.<\/p>\n<p>S\u00e3o \u00f3timos complementos de cargas e\/ou exerc\u00edcios funcionais e de muscula\u00e7\u00e3o para atletas que buscam tonifica\u00e7\u00e3o muscular e ganho de massa magra.<\/p>\n<p>Todas as nossas anilhas seguem o padr\u00e3o ol\u00edmpico. Elas podem ser utilizadas em competi\u00e7\u00f5es que envolvem levantamento de peso ol\u00edmpico (as anilhas devem ser utilizadas com barra ol\u00edmpica e presilhas, tamb\u00e9m em padr\u00e3o oficial).<\/p>\n<p>Anilhas Ol\u00edmpicas<\/p>\n<p>Marca: Cross Sports Equipamentos<br \/>\nTipo: Anilha Emborrachada com 1 kg cada<br \/>\nRecomenda\u00e7\u00e3o de Uso: Levantamento de Peso e Treinamento Funcional<br \/>\nMedidas de Padr\u00e3o Ol\u00edmpico.<br \/>\nPeso: 1 kg cada<br \/>\nCentro Furo Ol\u00edmpico 51mm<br \/>\nCor: Preta<br \/>\nVenda em par<\/p>\n","protected":false},"excerpt":{"rendered":"<p>Anilha Emborrachada Bumper 1 Kg (vendida em par) \u2013 Cross Sports Equipamentos: Anilhas Bumper Cross Sports Equipamentos s\u00e3o emborrachadas para absor\u00e7\u00e3o de impacto em exerc\u00edcios que envolvem Levantamento de Peso, Treino Funcional e Crossfit. S\u00e3o \u00f3timos complementos de cargas e\/ou exerc\u00edcios funcionais e de muscula\u00e7\u00e3o para atletas que buscam tonifica\u00e7\u00e3o muscular e ganho de massa [&hellip;]\n","protected":false},"featured_media":5696,"comment_status":"closed","ping_status":"closed","template":"","meta":[],"product_brand":[],"product_cat":[269,263],"product_tag":[237],"class_list":{"0":"post-5695","1":"product","2":"type-product","3":"status-publish","4":"has-post-thumbnail","6":"product_cat-anilha-em-kg","7":"product_cat-todas-anilhas-olimpicas","8":"product_tag-anilha","10":"first","11":"instock","12":"taxable","13":"shipping-taxable","14":"purchasable","15":"product-type-simple"},"yoast_head":"<!-- This site is optimized with the Yoast SEO plugin v27.2 - https:\/\/yoast.com\/product\/yoast-seo-wordpress\/ -->\n<title>Anilhas Ol\u00edmpicas 1 Kg (Par) | Cross Sports Equipamentos<\/title>\n<meta name=\"robots\" content=\"index, follow, max-snippet:-1, max-image-preview:large, max-video-preview:-1\" \/>\n<link rel=\"canonical\" href=\"https:\/\/www.crossequipamentos.com.br\/site\/produto\/anilhas-olimpicas-1-kg-par\/\" \/>\n<meta property=\"og:locale\" content=\"pt_BR\" \/>\n<meta property=\"og:type\" content=\"article\" \/>\n<meta property=\"og:title\" content=\"Anilhas Ol\u00edmpicas 1 Kg (Par) | Cross Sports Equipamentos\" \/>\n<meta property=\"og:description\" content=\"Anilha Emborrachada Bumper 1 Kg (vendida em par) \u2013 Cross Sports Equipamentos: Anilhas Bumper Cross Sports Equipamentos s\u00e3o emborrachadas para absor\u00e7\u00e3o de impacto em exerc\u00edcios que envolvem Levantamento de Peso, Treino Funcional e Crossfit. S\u00e3o \u00f3timos complementos de cargas e\/ou exerc\u00edcios funcionais e de muscula\u00e7\u00e3o para atletas que buscam tonifica\u00e7\u00e3o muscular e ganho de massa [&hellip;]\" \/>\n<meta property=\"og:url\" content=\"https:\/\/www.crossequipamentos.com.br\/site\/produto\/anilhas-olimpicas-1-kg-par\/\" \/>\n<meta property=\"og:site_name\" content=\"Cross Sports Equipamentos\" \/>\n<meta property=\"article:publisher\" content=\"https:\/\/www.facebook.com\/crossequipamentos\/\" \/>\n<meta property=\"article:modified_time\" content=\"2024-12-04T14:16:44+00:00\" \/>\n<meta property=\"og:image\" content=\"https:\/\/www.crossequipamentos.com.br\/site\/wp-content\/uploads\/2024\/12\/Anillha-1kg.jpg\" \/>\n\t<meta property=\"og:image:width\" content=\"1080\" \/>\n\t<meta property=\"og:image:height\" content=\"1080\" \/>\n\t<meta property=\"og:image:type\" content=\"image\/jpeg\" \/>\n<meta name=\"twitter:card\" content=\"summary_large_image\" \/>\n<meta name=\"twitter:label1\" content=\"Est. tempo de leitura\" \/>\n\t<meta name=\"twitter:data1\" content=\"1 minuto\" \/>\n<script type=\"application\/ld+json\" class=\"yoast-schema-graph\">{\"@context\":\"https:\/\/schema.org\",\"@graph\":[{\"@type\":\"WebPage\",\"@id\":\"https:\/\/www.crossequipamentos.com.br\/site\/produto\/anilhas-olimpicas-1-kg-par\/\",\"url\":\"https:\/\/www.crossequipamentos.com.br\/site\/produto\/anilhas-olimpicas-1-kg-par\/\",\"name\":\"Anilhas Ol\u00edmpicas 1 Kg (Par) | Cross Sports Equipamentos\",\"isPartOf\":{\"@id\":\"https:\/\/www.crossequipamentos.com.br\/site\/#website\"},\"primaryImageOfPage\":{\"@id\":\"https:\/\/www.crossequipamentos.com.br\/site\/produto\/anilhas-olimpicas-1-kg-par\/#primaryimage\"},\"image\":{\"@id\":\"https:\/\/www.crossequipamentos.com.br\/site\/produto\/anilhas-olimpicas-1-kg-par\/#primaryimage\"},\"thumbnailUrl\":\"https:\/\/www.crossequipamentos.com.br\/site\/wp-content\/uploads\/2024\/12\/Anillha-1kg.jpg\",\"datePublished\":\"2024-12-04T14:16:43+00:00\",\"dateModified\":\"2024-12-04T14:16:44+00:00\",\"breadcrumb\":{\"@id\":\"https:\/\/www.crossequipamentos.com.br\/site\/produto\/anilhas-olimpicas-1-kg-par\/#breadcrumb\"},\"inLanguage\":\"pt-BR\",\"potentialAction\":[{\"@type\":\"ReadAction\",\"target\":[\"https:\/\/www.crossequipamentos.com.br\/site\/produto\/anilhas-olimpicas-1-kg-par\/\"]}]},{\"@type\":\"ImageObject\",\"inLanguage\":\"pt-BR\",\"@id\":\"https:\/\/www.crossequipamentos.com.br\/site\/produto\/anilhas-olimpicas-1-kg-par\/#primaryimage\",\"url\":\"https:\/\/www.crossequipamentos.com.br\/site\/wp-content\/uploads\/2024\/12\/Anillha-1kg.jpg\",\"contentUrl\":\"https:\/\/www.crossequipamentos.com.br\/site\/wp-content\/uploads\/2024\/12\/Anillha-1kg.jpg\",\"width\":1080,\"height\":1080},{\"@type\":\"BreadcrumbList\",\"@id\":\"https:\/\/www.crossequipamentos.com.br\/site\/produto\/anilhas-olimpicas-1-kg-par\/#breadcrumb\",\"itemListElement\":[{\"@type\":\"ListItem\",\"position\":1,\"name\":\"In\u00edcio\",\"item\":\"https:\/\/www.crossequipamentos.com.br\/site\/\"},{\"@type\":\"ListItem\",\"position\":2,\"name\":\"Shop\",\"item\":\"https:\/\/www.crossequipamentos.com.br\/site\/shop\/\"},{\"@type\":\"ListItem\",\"position\":3,\"name\":\"Anilhas Ol\u00edmpicas 1 Kg (Par)\"}]},{\"@type\":\"WebSite\",\"@id\":\"https:\/\/www.crossequipamentos.com.br\/site\/#website\",\"url\":\"https:\/\/www.crossequipamentos.com.br\/site\/\",\"name\":\"Cross Sports Equipamentos\",\"description\":\"[RE]Marque Seu Ritmo - Equipamentos de Crossfit &amp; Funcional. Enviamos para todo Brasil\",\"publisher\":{\"@id\":\"https:\/\/www.crossequipamentos.com.br\/site\/#organization\"},\"potentialAction\":[{\"@type\":\"SearchAction\",\"target\":{\"@type\":\"EntryPoint\",\"urlTemplate\":\"https:\/\/www.crossequipamentos.com.br\/site\/?s={search_term_string}\"},\"query-input\":{\"@type\":\"PropertyValueSpecification\",\"valueRequired\":true,\"valueName\":\"search_term_string\"}}],\"inLanguage\":\"pt-BR\"},{\"@type\":\"Organization\",\"@id\":\"https:\/\/www.crossequipamentos.com.br\/site\/#organization\",\"name\":\"CrossSports Equipamentos\",\"url\":\"https:\/\/www.crossequipamentos.com.br\/site\/\",\"logo\":{\"@type\":\"ImageObject\",\"inLanguage\":\"pt-BR\",\"@id\":\"https:\/\/www.crossequipamentos.com.br\/site\/#\/schema\/logo\/image\/\",\"url\":\"https:\/\/www.crossequipamentos.com.br\/site\/wp-content\/uploads\/2019\/08\/logo_header_site.png\",\"contentUrl\":\"https:\/\/www.crossequipamentos.com.br\/site\/wp-content\/uploads\/2019\/08\/logo_header_site.png\",\"width\":350,\"height\":118,\"caption\":\"CrossSports Equipamentos\"},\"image\":{\"@id\":\"https:\/\/www.crossequipamentos.com.br\/site\/#\/schema\/logo\/image\/\"},\"sameAs\":[\"https:\/\/www.facebook.com\/crossequipamentos\/\",\"https:\/\/www.instagram.com\/crossequipamentos\/\"]}]}<\/script>\n<!-- \/ Yoast SEO plugin. -->","yoast_head_json":{"title":"Anilhas Ol\u00edmpicas 1 Kg (Par) | Cross Sports Equipamentos","robots":{"index":"index","follow":"follow","max-snippet":"max-snippet:-1","max-image-preview":"max-image-preview:large","max-video-preview":"max-video-preview:-1"},"canonical":"https:\/\/www.crossequipamentos.com.br\/site\/produto\/anilhas-olimpicas-1-kg-par\/","og_locale":"pt_BR","og_type":"article","og_title":"Anilhas Ol\u00edmpicas 1 Kg (Par) | Cross Sports Equipamentos","og_description":"Anilha Emborrachada Bumper 1 Kg (vendida em par) \u2013 Cross Sports Equipamentos: Anilhas Bumper Cross Sports Equipamentos s\u00e3o emborrachadas para absor\u00e7\u00e3o de impacto em exerc\u00edcios que envolvem Levantamento de Peso, Treino Funcional e Crossfit. S\u00e3o \u00f3timos complementos de cargas e\/ou exerc\u00edcios funcionais e de muscula\u00e7\u00e3o para atletas que buscam tonifica\u00e7\u00e3o muscular e ganho de massa [&hellip;]","og_url":"https:\/\/www.crossequipamentos.com.br\/site\/produto\/anilhas-olimpicas-1-kg-par\/","og_site_name":"Cross Sports Equipamentos","article_publisher":"https:\/\/www.facebook.com\/crossequipamentos\/","article_modified_time":"2024-12-04T14:16:44+00:00","og_image":[{"width":1080,"height":1080,"url":"https:\/\/www.crossequipamentos.com.br\/site\/wp-content\/uploads\/2024\/12\/Anillha-1kg.jpg","type":"image\/jpeg"}],"twitter_card":"summary_large_image","twitter_misc":{"Est. tempo de leitura":"1 minuto"},"schema":{"@context":"https:\/\/schema.org","@graph":[{"@type":"WebPage","@id":"https:\/\/www.crossequipamentos.com.br\/site\/produto\/anilhas-olimpicas-1-kg-par\/","url":"https:\/\/www.crossequipamentos.com.br\/site\/produto\/anilhas-olimpicas-1-kg-par\/","name":"Anilhas Ol\u00edmpicas 1 Kg (Par) | Cross Sports Equipamentos","isPartOf":{"@id":"https:\/\/www.crossequipamentos.com.br\/site\/#website"},"primaryImageOfPage":{"@id":"https:\/\/www.crossequipamentos.com.br\/site\/produto\/anilhas-olimpicas-1-kg-par\/#primaryimage"},"image":{"@id":"https:\/\/www.crossequipamentos.com.br\/site\/produto\/anilhas-olimpicas-1-kg-par\/#primaryimage"},"thumbnailUrl":"https:\/\/www.crossequipamentos.com.br\/site\/wp-content\/uploads\/2024\/12\/Anillha-1kg.jpg","datePublished":"2024-12-04T14:16:43+00:00","dateModified":"2024-12-04T14:16:44+00:00","breadcrumb":{"@id":"https:\/\/www.crossequipamentos.com.br\/site\/produto\/anilhas-olimpicas-1-kg-par\/#breadcrumb"},"inLanguage":"pt-BR","potentialAction":[{"@type":"ReadAction","target":["https:\/\/www.crossequipamentos.com.br\/site\/produto\/anilhas-olimpicas-1-kg-par\/"]}]},{"@type":"ImageObject","inLanguage":"pt-BR","@id":"https:\/\/www.crossequipamentos.com.br\/site\/produto\/anilhas-olimpicas-1-kg-par\/#primaryimage","url":"https:\/\/www.crossequipamentos.com.br\/site\/wp-content\/uploads\/2024\/12\/Anillha-1kg.jpg","contentUrl":"https:\/\/www.crossequipamentos.com.br\/site\/wp-content\/uploads\/2024\/12\/Anillha-1kg.jpg","width":1080,"height":1080},{"@type":"BreadcrumbList","@id":"https:\/\/www.crossequipamentos.com.br\/site\/produto\/anilhas-olimpicas-1-kg-par\/#breadcrumb","itemListElement":[{"@type":"ListItem","position":1,"name":"In\u00edcio","item":"https:\/\/www.crossequipamentos.com.br\/site\/"},{"@type":"ListItem","position":2,"name":"Shop","item":"https:\/\/www.crossequipamentos.com.br\/site\/shop\/"},{"@type":"ListItem","position":3,"name":"Anilhas Ol\u00edmpicas 1 Kg (Par)"}]},{"@type":"WebSite","@id":"https:\/\/www.crossequipamentos.com.br\/site\/#website","url":"https:\/\/www.crossequipamentos.com.br\/site\/","name":"Cross Sports Equipamentos","description":"[RE]Marque Seu Ritmo - Equipamentos de Crossfit &amp; Funcional. Enviamos para todo Brasil","publisher":{"@id":"https:\/\/www.crossequipamentos.com.br\/site\/#organization"},"potentialAction":[{"@type":"SearchAction","target":{"@type":"EntryPoint","urlTemplate":"https:\/\/www.crossequipamentos.com.br\/site\/?s={search_term_string}"},"query-input":{"@type":"PropertyValueSpecification","valueRequired":true,"valueName":"search_term_string"}}],"inLanguage":"pt-BR"},{"@type":"Organization","@id":"https:\/\/www.crossequipamentos.com.br\/site\/#organization","name":"CrossSports Equipamentos","url":"https:\/\/www.crossequipamentos.com.br\/site\/","logo":{"@type":"ImageObject","inLanguage":"pt-BR","@id":"https:\/\/www.crossequipamentos.com.br\/site\/#\/schema\/logo\/image\/","url":"https:\/\/www.crossequipamentos.com.br\/site\/wp-content\/uploads\/2019\/08\/logo_header_site.png","contentUrl":"https:\/\/www.crossequipamentos.com.br\/site\/wp-content\/uploads\/2019\/08\/logo_header_site.png","width":350,"height":118,"caption":"CrossSports Equipamentos"},"image":{"@id":"https:\/\/www.crossequipamentos.com.br\/site\/#\/schema\/logo\/image\/"},"sameAs":["https:\/\/www.facebook.com\/crossequipamentos\/","https:\/\/www.instagram.com\/crossequipamentos\/"]}]}},"_links":{"self":[{"href":"https:\/\/www.crossequipamentos.com.br\/site\/wp-json\/wp\/v2\/product\/5695","targetHints":{"allow":["GET"]}}],"collection":[{"href":"https:\/\/www.crossequipamentos.com.br\/site\/wp-json\/wp\/v2\/product"}],"about":[{"href":"https:\/\/www.crossequipamentos.com.br\/site\/wp-json\/wp\/v2\/types\/product"}],"replies":[{"embeddable":true,"href":"https:\/\/www.crossequipamentos.com.br\/site\/wp-json\/wp\/v2\/comments?post=5695"}],"wp:featuredmedia":[{"embeddable":true,"href":"https:\/\/www.crossequipamentos.com.br\/site\/wp-json\/wp\/v2\/media\/5696"}],"wp:attachment":[{"href":"https:\/\/www.crossequipamentos.com.br\/site\/wp-json\/wp\/v2\/media?parent=5695"}],"wp:term":[{"taxonomy":"product_brand","embeddable":true,"href":"https:\/\/www.crossequipamentos.com.br\/site\/wp-json\/wp\/v2\/product_brand?post=5695"},{"taxonomy":"product_cat","embeddable":true,"href":"https:\/\/www.crossequipamentos.com.br\/site\/wp-json\/wp\/v2\/product_cat?post=5695"},{"taxonomy":"product_tag","embeddable":true,"href":"https:\/\/www.crossequipamentos.com.br\/site\/wp-json\/wp\/v2\/product_tag?post=5695"}],"curies":[{"name":"wp","href":"https:\/\/api.w.org\/{rel}","templated":true}]}}