{"id":742,"date":"2017-12-14T00:48:38","date_gmt":"2017-12-14T02:48:38","guid":{"rendered":"http:\/\/br184.teste.website\/~cross628\/site\/?post_type=product&#038;p=742"},"modified":"2026-04-09T13:39:26","modified_gmt":"2026-04-09T16:39:26","slug":"anilha-olimpica-15lb","status":"publish","type":"product","link":"https:\/\/www.crossequipamentos.com.br\/site\/produto\/anilha-olimpica-15lb\/","title":{"rendered":"Anilha Ol\u00edmpica 15 Lb (Par) | Black"},"content":{"rendered":"<p><strong>Marca:<\/strong> Cross Sports Equipamentos<br \/>\n<strong>Tipo:<\/strong> Anilha Emborrachada com 15 libras<br \/>\n<strong>Recomenda\u00e7\u00e3o de Uso:<\/strong> Levantamento de Peso e Treinamento Funcional<br \/>\nMedidas de Padr\u00e3o Ol\u00edmpico.<br \/>\n<strong>Peso:<\/strong> 15lb cada<br \/>\n<strong>Di\u00e2metro:<\/strong> 450mm<br \/>\nCentro Furo Ol\u00edmpico 51mm<br \/>\nCor: Preta<\/p>\n<p>Venda em par<\/p>\n<h6><\/h6>\n","protected":false},"excerpt":{"rendered":"<p>Marca: Cross Sports Equipamentos Tipo: Anilha Emborrachada com 15 libras Recomenda\u00e7\u00e3o de Uso: Levantamento de Peso e Treinamento Funcional Medidas de Padr\u00e3o Ol\u00edmpico. Peso: 15lb cada Di\u00e2metro: 450mm Centro Furo Ol\u00edmpico 51mm Cor: Preta Venda em par<\/p>\n","protected":false},"featured_media":4912,"comment_status":"closed","ping_status":"closed","template":"","meta":[],"product_brand":[],"product_cat":[270,263],"product_tag":[212,137,139,264,207,210,204,209],"class_list":{"0":"post-742","1":"product","2":"type-product","3":"status-publish","4":"has-post-thumbnail","6":"product_cat-anilha-em-lb","7":"product_cat-todas-anilhas-olimpicas","8":"product_tag-anilha-crossfit","9":"product_tag-anilha-de-competicao","10":"product_tag-anilha-olimpica","11":"product_tag-anilhas-olimpicas-todas","12":"product_tag-crossfit","13":"product_tag-equipamentos-funcionais","14":"product_tag-levantamento-de-peso-olimpico","15":"product_tag-produtos-crossfit","17":"first","18":"instock","19":"sale","20":"taxable","21":"shipping-taxable","22":"purchasable","23":"product-type-simple"},"yoast_head":"<!-- This site is optimized with the Yoast SEO plugin v27.2 - https:\/\/yoast.com\/product\/yoast-seo-wordpress\/ -->\n<title>Anilha Ol\u00edmpica 15 Lb (Par) | Black | Cross Sports Equipamentos CrossFit<\/title>\n<meta name=\"description\" content=\"A melhor Anilha Ol\u00edmpica Emborrachada para CrossFit. Compre pela loja virtual. Parcele em at\u00e9 12x sem juros.\" \/>\n<meta name=\"robots\" content=\"index, follow, max-snippet:-1, max-image-preview:large, max-video-preview:-1\" \/>\n<link rel=\"canonical\" href=\"https:\/\/www.crossequipamentos.com.br\/site\/produto\/anilha-olimpica-15lb\/\" \/>\n<meta property=\"og:locale\" content=\"pt_BR\" \/>\n<meta property=\"og:type\" content=\"article\" \/>\n<meta property=\"og:title\" content=\"Anilha Ol\u00edmpica 15 Lb (Par) | Black | Cross Sports Equipamentos CrossFit\" \/>\n<meta property=\"og:description\" content=\"A melhor Anilha Ol\u00edmpica Emborrachada para CrossFit. Compre pela loja virtual. Parcele em at\u00e9 12x sem juros.\" \/>\n<meta property=\"og:url\" content=\"https:\/\/www.crossequipamentos.com.br\/site\/produto\/anilha-olimpica-15lb\/\" \/>\n<meta property=\"og:site_name\" content=\"Cross Sports Equipamentos\" \/>\n<meta property=\"article:publisher\" content=\"https:\/\/www.facebook.com\/crossequipamentos\/\" \/>\n<meta property=\"article:modified_time\" content=\"2026-04-09T16:39:26+00:00\" \/>\n<meta property=\"og:image\" content=\"https:\/\/www.crossequipamentos.com.br\/site\/wp-content\/uploads\/2017\/12\/anilha-15lb.png\" \/>\n\t<meta property=\"og:image:width\" content=\"1080\" \/>\n\t<meta property=\"og:image:height\" content=\"1080\" \/>\n\t<meta property=\"og:image:type\" content=\"image\/png\" \/>\n<meta name=\"twitter:card\" content=\"summary_large_image\" \/>\n<script type=\"application\/ld+json\" class=\"yoast-schema-graph\">{\"@context\":\"https:\/\/schema.org\",\"@graph\":[{\"@type\":\"WebPage\",\"@id\":\"https:\/\/www.crossequipamentos.com.br\/site\/produto\/anilha-olimpica-15lb\/\",\"url\":\"https:\/\/www.crossequipamentos.com.br\/site\/produto\/anilha-olimpica-15lb\/\",\"name\":\"Anilha Ol\u00edmpica 15 Lb (Par) | Black | Cross Sports Equipamentos CrossFit\",\"isPartOf\":{\"@id\":\"https:\/\/www.crossequipamentos.com.br\/site\/#website\"},\"primaryImageOfPage\":{\"@id\":\"https:\/\/www.crossequipamentos.com.br\/site\/produto\/anilha-olimpica-15lb\/#primaryimage\"},\"image\":{\"@id\":\"https:\/\/www.crossequipamentos.com.br\/site\/produto\/anilha-olimpica-15lb\/#primaryimage\"},\"thumbnailUrl\":\"https:\/\/www.crossequipamentos.com.br\/site\/wp-content\/uploads\/2017\/12\/anilha-15lb.png\",\"datePublished\":\"2017-12-14T02:48:38+00:00\",\"dateModified\":\"2026-04-09T16:39:26+00:00\",\"description\":\"A melhor Anilha Ol\u00edmpica Emborrachada para CrossFit. Compre pela loja virtual. Parcele em at\u00e9 12x sem juros.\",\"breadcrumb\":{\"@id\":\"https:\/\/www.crossequipamentos.com.br\/site\/produto\/anilha-olimpica-15lb\/#breadcrumb\"},\"inLanguage\":\"pt-BR\",\"potentialAction\":[{\"@type\":\"ReadAction\",\"target\":[\"https:\/\/www.crossequipamentos.com.br\/site\/produto\/anilha-olimpica-15lb\/\"]}]},{\"@type\":\"ImageObject\",\"inLanguage\":\"pt-BR\",\"@id\":\"https:\/\/www.crossequipamentos.com.br\/site\/produto\/anilha-olimpica-15lb\/#primaryimage\",\"url\":\"https:\/\/www.crossequipamentos.com.br\/site\/wp-content\/uploads\/2017\/12\/anilha-15lb.png\",\"contentUrl\":\"https:\/\/www.crossequipamentos.com.br\/site\/wp-content\/uploads\/2017\/12\/anilha-15lb.png\",\"width\":1080,\"height\":1080},{\"@type\":\"BreadcrumbList\",\"@id\":\"https:\/\/www.crossequipamentos.com.br\/site\/produto\/anilha-olimpica-15lb\/#breadcrumb\",\"itemListElement\":[{\"@type\":\"ListItem\",\"position\":1,\"name\":\"In\u00edcio\",\"item\":\"https:\/\/www.crossequipamentos.com.br\/site\/\"},{\"@type\":\"ListItem\",\"position\":2,\"name\":\"Shop\",\"item\":\"https:\/\/www.crossequipamentos.com.br\/site\/shop\/\"},{\"@type\":\"ListItem\",\"position\":3,\"name\":\"Anilha Ol\u00edmpica 15 Lb (Par) | Black\"}]},{\"@type\":\"WebSite\",\"@id\":\"https:\/\/www.crossequipamentos.com.br\/site\/#website\",\"url\":\"https:\/\/www.crossequipamentos.com.br\/site\/\",\"name\":\"Cross Sports Equipamentos\",\"description\":\"[RE]Marque Seu Ritmo - Equipamentos de Crossfit &amp; Funcional. Enviamos para todo Brasil\",\"publisher\":{\"@id\":\"https:\/\/www.crossequipamentos.com.br\/site\/#organization\"},\"potentialAction\":[{\"@type\":\"SearchAction\",\"target\":{\"@type\":\"EntryPoint\",\"urlTemplate\":\"https:\/\/www.crossequipamentos.com.br\/site\/?s={search_term_string}\"},\"query-input\":{\"@type\":\"PropertyValueSpecification\",\"valueRequired\":true,\"valueName\":\"search_term_string\"}}],\"inLanguage\":\"pt-BR\"},{\"@type\":\"Organization\",\"@id\":\"https:\/\/www.crossequipamentos.com.br\/site\/#organization\",\"name\":\"CrossSports Equipamentos\",\"url\":\"https:\/\/www.crossequipamentos.com.br\/site\/\",\"logo\":{\"@type\":\"ImageObject\",\"inLanguage\":\"pt-BR\",\"@id\":\"https:\/\/www.crossequipamentos.com.br\/site\/#\/schema\/logo\/image\/\",\"url\":\"https:\/\/www.crossequipamentos.com.br\/site\/wp-content\/uploads\/2019\/08\/logo_header_site.png\",\"contentUrl\":\"https:\/\/www.crossequipamentos.com.br\/site\/wp-content\/uploads\/2019\/08\/logo_header_site.png\",\"width\":350,\"height\":118,\"caption\":\"CrossSports Equipamentos\"},\"image\":{\"@id\":\"https:\/\/www.crossequipamentos.com.br\/site\/#\/schema\/logo\/image\/\"},\"sameAs\":[\"https:\/\/www.facebook.com\/crossequipamentos\/\",\"https:\/\/www.instagram.com\/crossequipamentos\/\"]}]}<\/script>\n<!-- \/ Yoast SEO plugin. -->","yoast_head_json":{"title":"Anilha Ol\u00edmpica 15 Lb (Par) | Black | Cross Sports Equipamentos CrossFit","description":"A melhor Anilha Ol\u00edmpica Emborrachada para CrossFit. Compre pela loja virtual. Parcele em at\u00e9 12x sem juros.","robots":{"index":"index","follow":"follow","max-snippet":"max-snippet:-1","max-image-preview":"max-image-preview:large","max-video-preview":"max-video-preview:-1"},"canonical":"https:\/\/www.crossequipamentos.com.br\/site\/produto\/anilha-olimpica-15lb\/","og_locale":"pt_BR","og_type":"article","og_title":"Anilha Ol\u00edmpica 15 Lb (Par) | Black | Cross Sports Equipamentos CrossFit","og_description":"A melhor Anilha Ol\u00edmpica Emborrachada para CrossFit. Compre pela loja virtual. Parcele em at\u00e9 12x sem juros.","og_url":"https:\/\/www.crossequipamentos.com.br\/site\/produto\/anilha-olimpica-15lb\/","og_site_name":"Cross Sports Equipamentos","article_publisher":"https:\/\/www.facebook.com\/crossequipamentos\/","article_modified_time":"2026-04-09T16:39:26+00:00","og_image":[{"width":1080,"height":1080,"url":"https:\/\/www.crossequipamentos.com.br\/site\/wp-content\/uploads\/2017\/12\/anilha-15lb.png","type":"image\/png"}],"twitter_card":"summary_large_image","schema":{"@context":"https:\/\/schema.org","@graph":[{"@type":"WebPage","@id":"https:\/\/www.crossequipamentos.com.br\/site\/produto\/anilha-olimpica-15lb\/","url":"https:\/\/www.crossequipamentos.com.br\/site\/produto\/anilha-olimpica-15lb\/","name":"Anilha Ol\u00edmpica 15 Lb (Par) | Black | Cross Sports Equipamentos CrossFit","isPartOf":{"@id":"https:\/\/www.crossequipamentos.com.br\/site\/#website"},"primaryImageOfPage":{"@id":"https:\/\/www.crossequipamentos.com.br\/site\/produto\/anilha-olimpica-15lb\/#primaryimage"},"image":{"@id":"https:\/\/www.crossequipamentos.com.br\/site\/produto\/anilha-olimpica-15lb\/#primaryimage"},"thumbnailUrl":"https:\/\/www.crossequipamentos.com.br\/site\/wp-content\/uploads\/2017\/12\/anilha-15lb.png","datePublished":"2017-12-14T02:48:38+00:00","dateModified":"2026-04-09T16:39:26+00:00","description":"A melhor Anilha Ol\u00edmpica Emborrachada para CrossFit. Compre pela loja virtual. Parcele em at\u00e9 12x sem juros.","breadcrumb":{"@id":"https:\/\/www.crossequipamentos.com.br\/site\/produto\/anilha-olimpica-15lb\/#breadcrumb"},"inLanguage":"pt-BR","potentialAction":[{"@type":"ReadAction","target":["https:\/\/www.crossequipamentos.com.br\/site\/produto\/anilha-olimpica-15lb\/"]}]},{"@type":"ImageObject","inLanguage":"pt-BR","@id":"https:\/\/www.crossequipamentos.com.br\/site\/produto\/anilha-olimpica-15lb\/#primaryimage","url":"https:\/\/www.crossequipamentos.com.br\/site\/wp-content\/uploads\/2017\/12\/anilha-15lb.png","contentUrl":"https:\/\/www.crossequipamentos.com.br\/site\/wp-content\/uploads\/2017\/12\/anilha-15lb.png","width":1080,"height":1080},{"@type":"BreadcrumbList","@id":"https:\/\/www.crossequipamentos.com.br\/site\/produto\/anilha-olimpica-15lb\/#breadcrumb","itemListElement":[{"@type":"ListItem","position":1,"name":"In\u00edcio","item":"https:\/\/www.crossequipamentos.com.br\/site\/"},{"@type":"ListItem","position":2,"name":"Shop","item":"https:\/\/www.crossequipamentos.com.br\/site\/shop\/"},{"@type":"ListItem","position":3,"name":"Anilha Ol\u00edmpica 15 Lb (Par) | Black"}]},{"@type":"WebSite","@id":"https:\/\/www.crossequipamentos.com.br\/site\/#website","url":"https:\/\/www.crossequipamentos.com.br\/site\/","name":"Cross Sports Equipamentos","description":"[RE]Marque Seu Ritmo - Equipamentos de Crossfit &amp; Funcional. Enviamos para todo Brasil","publisher":{"@id":"https:\/\/www.crossequipamentos.com.br\/site\/#organization"},"potentialAction":[{"@type":"SearchAction","target":{"@type":"EntryPoint","urlTemplate":"https:\/\/www.crossequipamentos.com.br\/site\/?s={search_term_string}"},"query-input":{"@type":"PropertyValueSpecification","valueRequired":true,"valueName":"search_term_string"}}],"inLanguage":"pt-BR"},{"@type":"Organization","@id":"https:\/\/www.crossequipamentos.com.br\/site\/#organization","name":"CrossSports Equipamentos","url":"https:\/\/www.crossequipamentos.com.br\/site\/","logo":{"@type":"ImageObject","inLanguage":"pt-BR","@id":"https:\/\/www.crossequipamentos.com.br\/site\/#\/schema\/logo\/image\/","url":"https:\/\/www.crossequipamentos.com.br\/site\/wp-content\/uploads\/2019\/08\/logo_header_site.png","contentUrl":"https:\/\/www.crossequipamentos.com.br\/site\/wp-content\/uploads\/2019\/08\/logo_header_site.png","width":350,"height":118,"caption":"CrossSports Equipamentos"},"image":{"@id":"https:\/\/www.crossequipamentos.com.br\/site\/#\/schema\/logo\/image\/"},"sameAs":["https:\/\/www.facebook.com\/crossequipamentos\/","https:\/\/www.instagram.com\/crossequipamentos\/"]}]}},"_links":{"self":[{"href":"https:\/\/www.crossequipamentos.com.br\/site\/wp-json\/wp\/v2\/product\/742","targetHints":{"allow":["GET"]}}],"collection":[{"href":"https:\/\/www.crossequipamentos.com.br\/site\/wp-json\/wp\/v2\/product"}],"about":[{"href":"https:\/\/www.crossequipamentos.com.br\/site\/wp-json\/wp\/v2\/types\/product"}],"replies":[{"embeddable":true,"href":"https:\/\/www.crossequipamentos.com.br\/site\/wp-json\/wp\/v2\/comments?post=742"}],"wp:featuredmedia":[{"embeddable":true,"href":"https:\/\/www.crossequipamentos.com.br\/site\/wp-json\/wp\/v2\/media\/4912"}],"wp:attachment":[{"href":"https:\/\/www.crossequipamentos.com.br\/site\/wp-json\/wp\/v2\/media?parent=742"}],"wp:term":[{"taxonomy":"product_brand","embeddable":true,"href":"https:\/\/www.crossequipamentos.com.br\/site\/wp-json\/wp\/v2\/product_brand?post=742"},{"taxonomy":"product_cat","embeddable":true,"href":"https:\/\/www.crossequipamentos.com.br\/site\/wp-json\/wp\/v2\/product_cat?post=742"},{"taxonomy":"product_tag","embeddable":true,"href":"https:\/\/www.crossequipamentos.com.br\/site\/wp-json\/wp\/v2\/product_tag?post=742"}],"curies":[{"name":"wp","href":"https:\/\/api.w.org\/{rel}","templated":true}]}}